{"id":4056,"date":"2021-02-24T09:42:34","date_gmt":"2021-02-24T08:42:34","guid":{"rendered":"https:\/\/laf-lloyd.com\/mentions-legales\/"},"modified":"2021-12-01T12:15:57","modified_gmt":"2021-12-01T11:15:57","slug":"mentions-legales","status":"publish","type":"page","link":"https:\/\/laf-lloyd.com\/en\/mentions-legales\/","title":{"rendered":"Legal information"},"content":{"rendered":"\r\n<div class=\"cim-header\" style=\"background-image:url(https:\/\/laf-lloyd.com\/wp-content\/uploads\/2021\/10\/header-news-LAF-gris-1.png);\">\r\n\t\t<div class=\"bottom-shape\"><\/div>\r\n\t<div class=\"container\">\r\n\t\t\t\t\t<div class=\"breadcrumb\">\r\n\t\t\t\t<ul>\r\n\t\t\t\t\t\t\t\t\t\t\t\t<li><a href=\"https:\/\/laf-lloyd.com\/en\/\">Home<\/a><\/li>\r\n\t\t\t\t\t\t\t\t\t\t\t\t\t\t<li><span>Legal information<\/span><\/li>\r\n\t\t\t\t\t\t\t\t\t\t\t<\/ul>\r\n\t\t\t<\/div>\r\n\t\t\t\t\t\r\n\t\t<div class=\"row\">\r\n\t\t\t<div class=\"col-12 col-lg-9\">\r\n\t\t\t\t<h1>Legal information<\/h1>\r\n\t\t\t<\/div>\r\n\t\t<\/div>\r\n\t<\/div>\r\n<\/div>\n\n\n<div class=\"wp-block-columns is-layout-flex wp-container-core-columns-is-layout-9d6595d7 wp-block-columns-is-layout-flex\">\n<div class=\"wp-block-column is-layout-flow wp-block-column-is-layout-flow\" style=\"flex-basis:15%\"><\/div>\n\n\n\n<div class=\"wp-block-column is-layout-flow wp-block-column-is-layout-flow\" style=\"flex-basis:70%\">\n<div style=\"height:50px\" aria-hidden=\"true\" class=\"wp-block-spacer\"><\/div>\n\n\n\n<p id=\"block-22e3ed9b-f4cf-44c6-8c8b-f18345b3d02c\">Tout acc\u00e8s ou utilisation de ce site Web est soumis aux conditions g\u00e9n\u00e9rales d\u00e9crites ci-apr\u00e8s. En acc\u00e9dant ou en utilisant ce site Web, les visiteurs acceptent les conditions d&#8217;utilisation en vigueur au moment de l&#8217;acc\u00e8s. LAF se r\u00e9serve le droit de modifier les conditions d&#8217;utilisation librement et sans annonce pr\u00e9alable. Les visiteurs doivent s&#8217;informer sous leur responsabilit\u00e9 des conditions d&#8217;utilisation en vigueur au moment o\u00f9 ils acc\u00e8dent au site Web. Si l\u2019utilisateur n\u2019accepte pas les conditions ci-apr\u00e8s, il ne peut utiliser le site web de  LAF .<\/p>\n\n\n\n<p id=\"block-8c77892a-5878-4235-86da-ed34e87af12d\">Le contenu de ce site Web (\u00e0 savoir, de fa\u00e7on non limitative, les textes, images graphiques, audio, vid\u00e9o, code html, boutons, marques, logiciels, logos) est la propri\u00e9t\u00e9 de  LAF sauf mention ou indication contraire concernant des droits de tierces parties. Le contenu ne peut en aucun cas \u00eatre c\u00e9d\u00e9, distribu\u00e9, transmis, copi\u00e9, modifi\u00e9 sans l&#8217;accord express et pr\u00e9alable de LAF. Toute utilisation non autoris\u00e9e du contenu est express\u00e9ment interdite et peut constituer une violation des droits d&#8217;auteur, des droits de marque, de brevet et autres droits de propri\u00e9t\u00e9 industrielle. Les visiteurs peuvent t\u00e9l\u00e9charger, afficher et imprimer une copie du site Web sur leur ordinateur personnel, exclusivement \u00e0 des fins priv\u00e9es et personnelles.<\/p>\n\n\n\n<p id=\"block-147a0c7f-1534-4ef2-872f-bb8d41e8684f\"> LAF a r\u00e9dig\u00e9 le contenu de ce site en faisant part de sa meilleure connaissance. N\u00e9anmoins, aucune d\u00e9claration n&#8217;est faite et aucune garantie n&#8217;est donn\u00e9e, ni expresse ni implicite, quant \u00e0 l&#8217;exhaustivit\u00e9, la pertinence, la fiabilit\u00e9 ou l&#8217;aptitude \u00e0 un but particulier du contenu du site Web, ni sur l&#8217;absence de virus LAF  se r\u00e9serve le droit de modifier le contenu et de ne plus mettre en ligne sans annonce pr\u00e9alable.<\/p>\n\n\n\n<p id=\"block-6f9fcae0-1273-442b-bec5-370ef3dfd431\">Les visiteurs de <a href=\"https:\/\/laf-lloyd.com\/en\/\">www.laf-lloyd.com<\/a> d\u00e9clarent qu&#8217;ils acceptent les conditions d\u2019utilisations. Ils d\u00e9clarent utiliser ce site Web et son contenu sous leur propre responsabilit\u00e9. LAF  ne peut pas \u00eatre tenu pour responsable de perte ou dommage direct ou indirect de quelque nature que ce soit r\u00e9sultant -d&#8217;un acc\u00e8s ou d&#8217;une utilisation de ce site Web, -d&#8217;une erreur ou omission dans ce site Web, -de toute d\u00e9cision que les visiteurs prennent sur la base de l&#8217;information contenue dans ce site Web, -de virus issus de ce site Web ou -de la non-accessibilit\u00e9 de ce site Web.<\/p>\n\n\n\n<p id=\"block-5ea5b66c-d6fd-40f4-b5cb-56c6861699a0\">Les liens en direction de ce site Web sont autoris\u00e9s uniquement sur base d\u2019un accord pr\u00e9alable de LAF. LAF ne fait aucune appr\u00e9ciation ou garantie concernant les sites Web qui \u00e9tablissent ces liens et  LAF n&#8217;endosse aucune responsabilit\u00e9 pour ce site Web.<\/p>\n\n\n\n<p id=\"block-1ead3be1-ef42-4ebb-8aee-7f99549aa017\">Ce site Web peut contenir des liens vers des sites Web qui ne sont ni \u00e9tablis ni contr\u00f4l\u00e9s ni supervis\u00e9s par  LAF. En \u00e9tablissant ces liens, LAF ne fait aucune appr\u00e9ciation et ne donne aucune garantie sur ces autres sites Web et LAF ne prend aucune responsabilit\u00e9 sur ces autres sites Web. De m\u00eame,  LAF n&#8217;accepte ni responsabilit\u00e9 pour la disponibilit\u00e9 des contenus de ces sites Web ni une quelconque responsabilit\u00e9 pour des dommages r\u00e9sultant de l&#8217;utilisation de ces contenus de quelque forme qu&#8217;ils soient. Toute r\u00e9clamation ou poursuite concernant ce site Web ou son utilisation sont soumis au droit fran\u00e7ais. Les tribunaux de l\u2019arrondissement judiciaire d&#8217;Evry en France sont seuls comp\u00e9tents.<\/p>\n\n\n\n<p id=\"block-a450d8fd-f285-45a9-b141-2451e8cf346e\">Ce site Web est publi\u00e9 par Compagnie Internationale de Maintenance (LAF), 55 rue du bois Chaland &#8211; CS 50353 LISSES \u2013 91029 EVRY Cedex <a href=\"mailto:laf@cimgroupe.com\">laf@cimgroupe.com<\/a><\/p>\n<\/div>\n\n\n\n<div class=\"wp-block-column is-layout-flow wp-block-column-is-layout-flow\" style=\"flex-basis:15%\"><\/div>\n<\/div>\n","protected":false},"excerpt":{"rendered":"<p>Tout acc\u00e8s ou utilisation de ce site Web est soumis aux conditions g\u00e9n\u00e9rales d\u00e9crites ci-apr\u00e8s. En acc\u00e9dant ou en utilisant ce site Web, les visiteurs acceptent les conditions d&#8217;utilisation en vigueur au moment de l&#8217;acc\u00e8s. LAF se r\u00e9serve le droit de modifier les conditions d&#8217;utilisation librement et sans annonce pr\u00e9alable. Les visiteurs doivent s&#8217;informer sous [&hellip;]<\/p>\n","protected":false},"author":5,"featured_media":0,"parent":0,"menu_order":0,"comment_status":"closed","ping_status":"closed","template":"","meta":{"_acf_changed":false,"footnotes":""},"class_list":["post-4056","page","type-page","status-publish","hentry"],"acf":[],"yoast_head":"<!-- This site is optimized with the Yoast SEO plugin v27.3 - https:\/\/yoast.com\/product\/yoast-seo-wordpress\/ -->\n<title>Legal information - LAF<\/title>\n<meta name=\"robots\" content=\"index, follow, max-snippet:-1, max-image-preview:large, max-video-preview:-1\" \/>\n<link rel=\"canonical\" href=\"https:\/\/laf-lloyd.com\/en\/mentions-legales\/\" \/>\n<meta property=\"og:locale\" content=\"en_US\" \/>\n<meta property=\"og:type\" content=\"article\" \/>\n<meta property=\"og:title\" content=\"Legal information - LAF\" \/>\n<meta property=\"og:description\" content=\"Tout acc\u00e8s ou utilisation de ce site Web est soumis aux conditions g\u00e9n\u00e9rales d\u00e9crites ci-apr\u00e8s. En acc\u00e9dant ou en utilisant ce site Web, les visiteurs acceptent les conditions d&#8217;utilisation en vigueur au moment de l&#8217;acc\u00e8s. LAF se r\u00e9serve le droit de modifier les conditions d&#8217;utilisation librement et sans annonce pr\u00e9alable. Les visiteurs doivent s&#8217;informer sous [&hellip;]\" \/>\n<meta property=\"og:url\" content=\"https:\/\/laf-lloyd.com\/en\/mentions-legales\/\" \/>\n<meta property=\"og:site_name\" content=\"LAF\" \/>\n<meta property=\"article:modified_time\" content=\"2021-12-01T11:15:57+00:00\" \/>\n<meta name=\"twitter:card\" content=\"summary_large_image\" \/>\n<meta name=\"twitter:label1\" content=\"Est. reading time\" \/>\n\t<meta name=\"twitter:data1\" content=\"3 minutes\" \/>\n<script type=\"application\/ld+json\" class=\"yoast-schema-graph\">{\"@context\":\"https:\\\/\\\/schema.org\",\"@graph\":[{\"@type\":\"WebPage\",\"@id\":\"https:\\\/\\\/laf-lloyd.com\\\/en\\\/mentions-legales\\\/\",\"url\":\"https:\\\/\\\/laf-lloyd.com\\\/en\\\/mentions-legales\\\/\",\"name\":\"Legal information - LAF\",\"isPartOf\":{\"@id\":\"https:\\\/\\\/laf-lloyd.com\\\/en\\\/#website\"},\"datePublished\":\"2021-02-24T08:42:34+00:00\",\"dateModified\":\"2021-12-01T11:15:57+00:00\",\"inLanguage\":\"en-US\",\"potentialAction\":[{\"@type\":\"ReadAction\",\"target\":[\"https:\\\/\\\/laf-lloyd.com\\\/en\\\/mentions-legales\\\/\"]}]},{\"@type\":\"WebSite\",\"@id\":\"https:\\\/\\\/laf-lloyd.com\\\/en\\\/#website\",\"url\":\"https:\\\/\\\/laf-lloyd.com\\\/en\\\/\",\"name\":\"LAF\",\"description\":\"Fabricant de composants ferroviaires : conception et r\u00e9alisation par LAF\",\"potentialAction\":[{\"@type\":\"SearchAction\",\"target\":{\"@type\":\"EntryPoint\",\"urlTemplate\":\"https:\\\/\\\/laf-lloyd.com\\\/en\\\/?s={search_term_string}\"},\"query-input\":{\"@type\":\"PropertyValueSpecification\",\"valueRequired\":true,\"valueName\":\"search_term_string\"}}],\"inLanguage\":\"en-US\"}]}<\/script>\n<!-- \/ Yoast SEO plugin. -->","yoast_head_json":{"title":"Legal information - LAF","robots":{"index":"index","follow":"follow","max-snippet":"max-snippet:-1","max-image-preview":"max-image-preview:large","max-video-preview":"max-video-preview:-1"},"canonical":"https:\/\/laf-lloyd.com\/en\/mentions-legales\/","og_locale":"en_US","og_type":"article","og_title":"Legal information - LAF","og_description":"Tout acc\u00e8s ou utilisation de ce site Web est soumis aux conditions g\u00e9n\u00e9rales d\u00e9crites ci-apr\u00e8s. En acc\u00e9dant ou en utilisant ce site Web, les visiteurs acceptent les conditions d&#8217;utilisation en vigueur au moment de l&#8217;acc\u00e8s. LAF se r\u00e9serve le droit de modifier les conditions d&#8217;utilisation librement et sans annonce pr\u00e9alable. Les visiteurs doivent s&#8217;informer sous [&hellip;]","og_url":"https:\/\/laf-lloyd.com\/en\/mentions-legales\/","og_site_name":"LAF","article_modified_time":"2021-12-01T11:15:57+00:00","twitter_card":"summary_large_image","twitter_misc":{"Est. reading time":"3 minutes"},"schema":{"@context":"https:\/\/schema.org","@graph":[{"@type":"WebPage","@id":"https:\/\/laf-lloyd.com\/en\/mentions-legales\/","url":"https:\/\/laf-lloyd.com\/en\/mentions-legales\/","name":"Legal information - LAF","isPartOf":{"@id":"https:\/\/laf-lloyd.com\/en\/#website"},"datePublished":"2021-02-24T08:42:34+00:00","dateModified":"2021-12-01T11:15:57+00:00","inLanguage":"en-US","potentialAction":[{"@type":"ReadAction","target":["https:\/\/laf-lloyd.com\/en\/mentions-legales\/"]}]},{"@type":"WebSite","@id":"https:\/\/laf-lloyd.com\/en\/#website","url":"https:\/\/laf-lloyd.com\/en\/","name":"LAF","description":"Fabricant de composants ferroviaires : conception et r\u00e9alisation par LAF","potentialAction":[{"@type":"SearchAction","target":{"@type":"EntryPoint","urlTemplate":"https:\/\/laf-lloyd.com\/en\/?s={search_term_string}"},"query-input":{"@type":"PropertyValueSpecification","valueRequired":true,"valueName":"search_term_string"}}],"inLanguage":"en-US"}]}},"_links":{"self":[{"href":"https:\/\/laf-lloyd.com\/en\/wp-json\/wp\/v2\/pages\/4056","targetHints":{"allow":["GET"]}}],"collection":[{"href":"https:\/\/laf-lloyd.com\/en\/wp-json\/wp\/v2\/pages"}],"about":[{"href":"https:\/\/laf-lloyd.com\/en\/wp-json\/wp\/v2\/types\/page"}],"author":[{"embeddable":true,"href":"https:\/\/laf-lloyd.com\/en\/wp-json\/wp\/v2\/users\/5"}],"replies":[{"embeddable":true,"href":"https:\/\/laf-lloyd.com\/en\/wp-json\/wp\/v2\/comments?post=4056"}],"version-history":[{"count":1,"href":"https:\/\/laf-lloyd.com\/en\/wp-json\/wp\/v2\/pages\/4056\/revisions"}],"predecessor-version":[{"id":4058,"href":"https:\/\/laf-lloyd.com\/en\/wp-json\/wp\/v2\/pages\/4056\/revisions\/4058"}],"wp:attachment":[{"href":"https:\/\/laf-lloyd.com\/en\/wp-json\/wp\/v2\/media?parent=4056"}],"curies":[{"name":"wp","href":"https:\/\/api.w.org\/{rel}","templated":true}]}}