{"id":1074,"date":"2019-12-18T16:58:12","date_gmt":"2019-12-18T15:58:12","guid":{"rendered":"https:\/\/laf-lloyd.com\/?page_id=1074"},"modified":"2022-02-28T16:18:33","modified_gmt":"2022-02-28T15:18:33","slug":"conocernos","status":"publish","type":"page","link":"https:\/\/laf-lloyd.com\/es\/conocernos\/","title":{"rendered":"Conocernos"},"content":{"rendered":"\r\n<div class=\"cim-header\" style=\"background-image:url(https:\/\/laf-lloyd.com\/wp-content\/uploads\/2021\/10\/header-news-LAF-gris-1.png);\">\r\n\t\t<div class=\"bottom-shape\"><\/div>\r\n\t<div class=\"container\">\r\n\t\t\t\t\t<div class=\"breadcrumb\">\r\n\t\t\t\t<ul>\r\n\t\t\t\t\t\t\t\t\t\t\t\t<li><a href=\"https:\/\/laf-lloyd.com\/es\/\">Home<\/a><\/li>\r\n\t\t\t\t\t\t\t\t\t\t\t\t\t\t<li><span>Conocernos<\/span><\/li>\r\n\t\t\t\t\t\t\t\t\t\t\t<\/ul>\r\n\t\t\t<\/div>\r\n\t\t\t\t\t\r\n\t\t<div class=\"row\">\r\n\t\t\t<div class=\"col-12 col-lg-9\">\r\n\t\t\t\t<h1>LAF, \u00a1es la referencia para enganches autom\u00e1ticos !<\/h1>\r\n\t\t\t<\/div>\r\n\t\t<\/div>\r\n\t<\/div>\r\n<\/div>\n\n\r\n<div class=\"summary-section no-summary\">\r\n\t<div class=\"container-fluid\">\r\n\t\t<div class=\"row\">\r\n\t\t\r\n            \r\n\t\t\t<div class=\"col-12 col-lg-12 h-100\">\r\n\t\t\t\t<div class=\"summary-section-content\">\r\n\t\t\t\t\t\n<div class=\"simple-text \">\r\n\t\r\n\t<div class=\"container\">\r\n\t\t<div class=\"row\">\r\n\t\t\t<div class=\"col-1 decorator\"><\/div>\r\n\t\t\t<div class=\"col\">\r\n\t\t\t\t <h2 id=\"laf-es-la-referencia-para-enganches-automaticos-sus-conocimientos-reconocidos-en-todo-el-mundo-la-convierten-en-protagonista-imprescindible-de-la-industria-ferroviaria\"><meta charset=\"utf-8\">\u00abLAF, \u00a1es la referencia para enganches autom\u00e1ticos !<br>Sus conocimientos reconocidos en todo el mundo la convierten en protagonista imprescindible de la industria ferroviaria\u00bb.<\/h2> \t\t\t\t <div class=\"text\"><p>LAF dispone de conocimientos t\u00e9cnicos \u00fanicos. Es el resultado de m\u00e1s de 90 a\u00f1os de experiencia en el sector ferroviario y de la gran capacidad que ha demonstrado para responder a cualquier solicitud de nuestros clientes<\/p><p>Ansiosos por anticiparnos y satisfacer las expectativas de nuestros clientes, desarrollamos y fabricamos de forma continuada nuevos sistemas que garantizan calidad, longevidad y seguridad de las operaciones y de los materiales, sean cuales sean las condiciones de explotaci\u00f3n (ferroviaria, urbana, mina, etc.).<\/p><p>Nuestra oficina de proyectos, as\u00ed como el conjunto de nuestros equipos tienen empe\u00f1o en poner todo su profesionalismo al servicio de su proyecto para encontrar LA soluci\u00f3n que marcar\u00e1 la diferencia.<\/p><\/div> \t\t\t\t<div class=\"ctas\">\r\n\t\t\t\t\t\t\t\t\t<\/div>\r\n\t\t\t<\/div>\r\n\t\t\t\r\n\t\t<\/div>\r\n\t<\/div>\r\n<\/div>\r\n\r\n\n\n<div class=\"cim-list-icn\">\r\n\t<div class=\"container\">\r\n\t\t\t\t\r\n\t\t<div class=\"elements\">\r\n\t\t\t\t\t<\/div>\r\n\t<\/div>\r\n<\/div>\n\n<div class=\"cim-columns\">\r\n\t<div class=\"container\">\r\n\t\t\t\t\r\n\t\t\r\n\t\t<div class=\"row\">\r\n\t\t\t\t\t\t\t<div class=\"col-12 col-lg-4\">\r\n\t\t\t\t\t<div class=\"element\">\r\n\t\t\t\t\t\t\t\t\t\t\t\t<h3><meta charset=\"utf-8\">Oficina de proyectos<\/h3>\t\t\t\t\t\t<div class=\"element-text\"><p>La oficina de proyectos de LAF cuenta con los mayores expertos en dise\u00f1o y desarrollo de enganches del sector ferroviario.<\/p><\/div>\t\t\t\t\t\t\t\t\t\t\t\t\t<a href=\"https:\/\/laf-lloyd.com\/es\/oficina-de-estudios\/\" class=\"cta\">M\u00e1s informaci\u00f3n<br><\/a>\r\n\t\t\t\t\t\t\t\t\t\t\t\t<\/div>\r\n\t\t\t\t<\/div>\r\n\t\t\t\t\t\t\t\t<div class=\"col-12 col-lg-4\">\r\n\t\t\t\t\t<div class=\"element\">\r\n\t\t\t\t\t\t\t\t\t\t\t\t<h3><meta charset=\"utf-8\">La producci\u00f3n<\/h3>\t\t\t\t\t\t<div class=\"element-text\"><p>La producci\u00f3n dominada y controlada de nuestros productos le garantiza calidad, fiabilidad y competitividad desde la concepci\u00f3n hasta la entrega.<\/p><\/div>\t\t\t\t\t\t\t\t\t\t\t\t\t<a href=\"https:\/\/laf-lloyd.com\/es\/production\/\" class=\"cta\"><br>M\u00e1s informaci\u00f3n<\/a>\r\n\t\t\t\t\t\t\t\t\t\t\t\t<\/div>\r\n\t\t\t\t<\/div>\r\n\t\t\t\t\t\t\t\t<div class=\"col-12 col-lg-4\">\r\n\t\t\t\t\t<div class=\"element\">\r\n\t\t\t\t\t\t\t\t\t\t\t\t<h3><meta charset=\"utf-8\">Cifras clave<\/h3>\t\t\t\t\t\t<div class=\"element-text\"><p><img loading=\"lazy\" decoding=\"async\" width=\"139\" height=\"60\" class=\"wp-image-3275\" style=\"width: 139px;\" src=\"https:\/\/laf-lloyd.com\/wp-content\/uploads\/2021\/10\/chiffres_cles.png\" alt=\"\">\u00a1Descubra nuestras cifras clave de LAF!<\/p><\/div>\t\t\t\t\t\t\t\t\t\t\t\t\t<a href=\"https:\/\/laf-lloyd.com\/es\/cifras-clave\/\" class=\"cta\"><br>M\u00e1s informaci\u00f3n<\/a>\r\n\t\t\t\t\t\t\t\t\t\t\t\t<\/div>\r\n\t\t\t\t<\/div>\r\n\t\t\t\t\t\t<\/div>\r\n\t<\/div>\r\n<\/div>\n\n<div class=\"cim-columns\">\r\n\t<div class=\"container\">\r\n\t\t\t\t\r\n\t\t\r\n\t\t<div class=\"row\">\r\n\t\t\t\t\t\t\t<div class=\"col-12 col-lg-4\">\r\n\t\t\t\t\t<div class=\"element\">\r\n\t\t\t\t\t\t\t\t\t\t\t\t<h3><meta charset=\"utf-8\">Nuestro compromiso de calidad<\/h3>\t\t\t\t\t\t<div class=\"element-text\"><p>Como fabricante fundamental de componentes ferroviarios, LAF cuenta con un certificado ISO 9001 del que se beneficia desde hace varios a\u00f1os.<\/p><\/div>\t\t\t\t\t\t\t\t\t\t\t\t\t<a href=\"https:\/\/laf-lloyd.com\/es\/nuestro-compromiso-de-calidad\/\" class=\"cta\"><br>M\u00e1s informaci\u00f3n<\/a>\r\n\t\t\t\t\t\t\t\t\t\t\t\t<\/div>\r\n\t\t\t\t<\/div>\r\n\t\t\t\t\t\t\t\t<div class=\"col-12 col-lg-4\">\r\n\t\t\t\t\t<div class=\"element\">\r\n\t\t\t\t\t\t\t\t\t\t\t\t<h3><meta charset=\"utf-8\">Referencias<\/h3>\t\t\t\t\t\t<div class=\"element-text\"><p>Descubra los clientes de todo el mundo que han confiado en nosotros para acompar\u00f1arles en sus proyestos de transporte ferroviario de mercanc\u00edas, trenes largos o mineros.<\/p><\/div>\t\t\t\t\t\t\t\t\t\t\t\t\t<a href=\"https:\/\/laf-lloyd.com\/es\/nuestras-referencias\/\" class=\"cta\"><br>M\u00e1s informaci\u00f3n<\/a>\r\n\t\t\t\t\t\t\t\t\t\t\t\t<\/div>\r\n\t\t\t\t<\/div>\r\n\t\t\t\t\t\t\t\t<div class=\"col-12 col-lg-4\">\r\n\t\t\t\t\t<div class=\"element\">\r\n\t\t\t\t\t\t\t\t\t\t\t\t<h3><meta charset=\"utf-8\"><a href=\"https:\/\/laf-lloyd.com\/es\/historia\/\">Nuestra historia<\/a><\/h3>\t\t\t\t\t\t<div class=\"element-text\"><p>LAF, 85 a\u00f1os de conocimientos y experiencia en el dise\u00f1o de componentes a medida puestos al servicio del transporte ferroviario.<\/p><\/div>\t\t\t\t\t\t\t\t\t\t\t\t\t<a href=\"https:\/\/laf-lloyd.com\/es\/historia\/\" class=\"cta\">M\u00e1s informaci\u00f3n<br><\/a>\r\n\t\t\t\t\t\t\t\t\t\t\t\t<\/div>\r\n\t\t\t\t<\/div>\r\n\t\t\t\t\t\t<\/div>\r\n\t<\/div>\r\n<\/div>\n\t\t\t\t<\/div>\r\n\t\t\t<\/div>\r\n\t\t<\/div>\r\n\t<\/div>\r\n<\/div>\r\n\n\n<div class=\"cim-section\" style=\"background-image:url(https:\/\/laf-lloyd.com\/wp-content\/uploads\/2021\/03\/cim-projet.jpg);\">\r\n\t\t\t<div class=\"overlay\"><\/div>\r\n\t\t\t<div class=\"container\">\r\n\t\t<div class=\"row\">\r\n\t\t\t<div class=\"col-12 col-lg-6\">\r\n\t\t\t\t <h2><meta charset=\"utf-8\">Est\u00e9 siempre un paso por delante<\/h2> \t\t\t\t <div class=\"text\"><meta charset=\"utf-8\">Con m\u00e1s de 80 a\u00f1os de experiencia en el dise\u00f1o de acoplamientos y otros componentes ferroviarios, nuestra oficina de proyectos se encuentra entre las m\u00e1s avanzadas del sector. Por lo tanto, los expertos de LAF est\u00e1n desarrollando productos cada vez m\u00e1s innovadores para ayudarlo a mantenerse a la vanguardia de las tecnolog\u00edas actuales.<\/div> \t\t\t\t\t\t\t\t\t<div class=\"cta\">\r\n\t\t\t\t\t\t<a href=\"https:\/\/laf-lloyd.com\/es\/oficina-de-estudios\/\"><strong>M\u00c1S INFORMACI\u00d3N SOBRE LA EMPRESA<\/strong><\/a>\r\n\t\t\t\t\t<\/div>\r\n\t\t\t\t\t\t\t\t<\/div>\r\n\t\t<\/div>\r\n\t<\/div>\r\n<\/div>","protected":false},"excerpt":{"rendered":"","protected":false},"author":5,"featured_media":0,"parent":0,"menu_order":0,"comment_status":"closed","ping_status":"closed","template":"","meta":{"_acf_changed":false,"footnotes":""},"class_list":["post-1074","page","type-page","status-publish","hentry"],"acf":[],"yoast_head":"<!-- This site is optimized with the Yoast SEO plugin v27.3 - https:\/\/yoast.com\/product\/yoast-seo-wordpress\/ -->\n<title>Conocernos - LAF<\/title>\n<meta name=\"robots\" content=\"index, follow, max-snippet:-1, max-image-preview:large, max-video-preview:-1\" \/>\n<link rel=\"canonical\" href=\"https:\/\/laf-lloyd.com\/es\/conocernos\/\" \/>\n<meta property=\"og:locale\" content=\"es_ES\" \/>\n<meta property=\"og:type\" content=\"article\" \/>\n<meta property=\"og:title\" content=\"Conocernos - LAF\" \/>\n<meta property=\"og:url\" content=\"https:\/\/laf-lloyd.com\/es\/conocernos\/\" \/>\n<meta property=\"og:site_name\" content=\"LAF\" \/>\n<meta property=\"article:modified_time\" content=\"2022-02-28T15:18:33+00:00\" \/>\n<meta name=\"twitter:card\" content=\"summary_large_image\" \/>\n<script type=\"application\/ld+json\" class=\"yoast-schema-graph\">{\"@context\":\"https:\\\/\\\/schema.org\",\"@graph\":[{\"@type\":\"WebPage\",\"@id\":\"https:\\\/\\\/laf-lloyd.com\\\/es\\\/conocernos\\\/\",\"url\":\"https:\\\/\\\/laf-lloyd.com\\\/es\\\/conocernos\\\/\",\"name\":\"Conocernos - LAF\",\"isPartOf\":{\"@id\":\"https:\\\/\\\/laf-lloyd.com\\\/es\\\/#website\"},\"datePublished\":\"2019-12-18T15:58:12+00:00\",\"dateModified\":\"2022-02-28T15:18:33+00:00\",\"inLanguage\":\"es-ES\",\"potentialAction\":[{\"@type\":\"ReadAction\",\"target\":[\"https:\\\/\\\/laf-lloyd.com\\\/es\\\/conocernos\\\/\"]}]},{\"@type\":\"WebSite\",\"@id\":\"https:\\\/\\\/laf-lloyd.com\\\/es\\\/#website\",\"url\":\"https:\\\/\\\/laf-lloyd.com\\\/es\\\/\",\"name\":\"LAF\",\"description\":\"A CIM Group company\",\"potentialAction\":[{\"@type\":\"SearchAction\",\"target\":{\"@type\":\"EntryPoint\",\"urlTemplate\":\"https:\\\/\\\/laf-lloyd.com\\\/es\\\/?s={search_term_string}\"},\"query-input\":{\"@type\":\"PropertyValueSpecification\",\"valueRequired\":true,\"valueName\":\"search_term_string\"}}],\"inLanguage\":\"es-ES\"}]}<\/script>\n<!-- \/ Yoast SEO plugin. -->","yoast_head_json":{"title":"Conocernos - LAF","robots":{"index":"index","follow":"follow","max-snippet":"max-snippet:-1","max-image-preview":"max-image-preview:large","max-video-preview":"max-video-preview:-1"},"canonical":"https:\/\/laf-lloyd.com\/es\/conocernos\/","og_locale":"es_ES","og_type":"article","og_title":"Conocernos - LAF","og_url":"https:\/\/laf-lloyd.com\/es\/conocernos\/","og_site_name":"LAF","article_modified_time":"2022-02-28T15:18:33+00:00","twitter_card":"summary_large_image","schema":{"@context":"https:\/\/schema.org","@graph":[{"@type":"WebPage","@id":"https:\/\/laf-lloyd.com\/es\/conocernos\/","url":"https:\/\/laf-lloyd.com\/es\/conocernos\/","name":"Conocernos - LAF","isPartOf":{"@id":"https:\/\/laf-lloyd.com\/es\/#website"},"datePublished":"2019-12-18T15:58:12+00:00","dateModified":"2022-02-28T15:18:33+00:00","inLanguage":"es-ES","potentialAction":[{"@type":"ReadAction","target":["https:\/\/laf-lloyd.com\/es\/conocernos\/"]}]},{"@type":"WebSite","@id":"https:\/\/laf-lloyd.com\/es\/#website","url":"https:\/\/laf-lloyd.com\/es\/","name":"LAF","description":"A CIM Group company","potentialAction":[{"@type":"SearchAction","target":{"@type":"EntryPoint","urlTemplate":"https:\/\/laf-lloyd.com\/es\/?s={search_term_string}"},"query-input":{"@type":"PropertyValueSpecification","valueRequired":true,"valueName":"search_term_string"}}],"inLanguage":"es-ES"}]}},"_links":{"self":[{"href":"https:\/\/laf-lloyd.com\/es\/wp-json\/wp\/v2\/pages\/1074","targetHints":{"allow":["GET"]}}],"collection":[{"href":"https:\/\/laf-lloyd.com\/es\/wp-json\/wp\/v2\/pages"}],"about":[{"href":"https:\/\/laf-lloyd.com\/es\/wp-json\/wp\/v2\/types\/page"}],"author":[{"embeddable":true,"href":"https:\/\/laf-lloyd.com\/es\/wp-json\/wp\/v2\/users\/5"}],"replies":[{"embeddable":true,"href":"https:\/\/laf-lloyd.com\/es\/wp-json\/wp\/v2\/comments?post=1074"}],"version-history":[{"count":24,"href":"https:\/\/laf-lloyd.com\/es\/wp-json\/wp\/v2\/pages\/1074\/revisions"}],"predecessor-version":[{"id":4541,"href":"https:\/\/laf-lloyd.com\/es\/wp-json\/wp\/v2\/pages\/1074\/revisions\/4541"}],"wp:attachment":[{"href":"https:\/\/laf-lloyd.com\/es\/wp-json\/wp\/v2\/media?parent=1074"}],"curies":[{"name":"wp","href":"https:\/\/api.w.org\/{rel}","templated":true}]}}