{"id":1108,"date":"2020-12-11T10:42:58","date_gmt":"2020-12-11T09:42:58","guid":{"rendered":"https:\/\/laf-lloyd.com\/?page_id=1108"},"modified":"2022-09-09T16:22:25","modified_gmt":"2022-09-09T14:22:25","slug":"una-presencia-internacional","status":"publish","type":"page","link":"https:\/\/laf-lloyd.com\/es\/una-presencia-internacional\/","title":{"rendered":"Una presencia internacional"},"content":{"rendered":"\r\n<div class=\"cim-header\" style=\"background-image:url(https:\/\/laf-lloyd.com\/wp-content\/uploads\/2021\/10\/header-news-LAF-gris-1.png);\">\r\n\t\t<div class=\"bottom-shape\"><\/div>\r\n\t<div class=\"container\">\r\n\t\t\t\t\t<div class=\"breadcrumb\">\r\n\t\t\t\t<ul>\r\n\t\t\t\t\t\t\t\t\t\t\t\t<li><a href=\"https:\/\/laf-lloyd.com\/es\/\">Home<\/a><\/li>\r\n\t\t\t\t\t\t\t\t\t\t\t\t\t\t<li><span>Una presencia internacional<\/span><\/li>\r\n\t\t\t\t\t\t\t\t\t\t\t<\/ul>\r\n\t\t\t<\/div>\r\n\t\t\t\t\t\r\n\t\t<div class=\"row\">\r\n\t\t\t<div class=\"col-12 col-lg-9\">\r\n\t\t\t\t<h1>Cobertura internacional<\/h1>\r\n\t\t\t<\/div>\r\n\t\t<\/div>\r\n\t<\/div>\r\n<\/div>\n\n\n<div style=\"height:100px\" aria-hidden=\"true\" class=\"wp-block-spacer\"><\/div>\n\n\n<div class=\"simple-text \">\r\n\t\r\n\t<div class=\"container\">\r\n\t\t<div class=\"row\">\r\n\t\t\t<div class=\"col-1 decorator\"><\/div>\r\n\t\t\t<div class=\"col\">\r\n\t\t\t\t <h2><meta charset=\"utf-8\"><p>Despu\u00e9s de m\u00e1s de 80 a\u00f1os de existencia, LAF se beneficia hoy de los conocimientos y la experiencia reconocidos en todo el mundo.<\/p><\/h2> \t\t\t\t <div class=\"text\"><p>Presentes en m\u00e1s de un centenar de pa\u00edses, apoyamos a nuestros clientes en el desarrollo constante de dispositivos de seguridad cualitativos, resistentes y competitivos adaptados a las limitaciones normativas nacionales.<\/p><\/div> \t\t\t\t<div class=\"ctas\">\r\n\t\t\t\t\t\t\t\t\t<\/div>\r\n\t\t\t<\/div>\r\n\t\t\t\r\n\t\t<\/div>\r\n\t<\/div>\r\n<\/div>\r\n\r\n\n\n<div class=\"cim-spacer\"><\/div>\n\n<div class=\"cim-map\">\n    <div class=\"container\">\n        <div class=\"row\">\n            <div class=\"col-12 col-lg-7\">\n                <div id=\"cim-earth-map\"><\/div>\n            <\/div>\n            <div class=\"col-12 col-lg-5\">\n                <div class=\"map-text h-100\">\n                    <div class=\"inner\">\n                        <h2><\/h2>\n                        <div class=\"map-selection\">\n                            <div class=\"map-selector addresses\">\n                                <div class=\"pointer\"><\/div>\n                                LAF dans le monde                            <\/div>\n                        <\/div>\n                        <div class=\"elements\">\n                                                    <div class=\"element address\" data-target=\"address-6203\">\n                                <div class=\"next go-to-next-address\"><\/div>\n                                <h3>Corea del Sur<\/h3>\n                                <div class=\"element-content\">\n                                                                    <\/div>\n                            <\/div>\n                                                        <div class=\"element address\" data-target=\"address-6000\">\n                                <div class=\"next go-to-next-address\"><\/div>\n                                <h3>Australia<\/h3>\n                                <div class=\"element-content\">\n                                    <!-- wp:paragraph -->\n<p>AAR &#8211; Tipo E<br>AAR &#8211; Tipo F<\/p>\n<!-- \/wp:paragraph -->                                <\/div>\n                            <\/div>\n                                                        <div class=\"element address\" data-target=\"address-5997\">\n                                <div class=\"next go-to-next-address\"><\/div>\n                                <h3>Oriente Medio<\/h3>\n                                <div class=\"element-content\">\n                                    <!-- wp:paragraph -->\n<p>GOST &#8211; Tipo SA3<\/p>\n<!-- \/wp:paragraph -->\n\n<!-- wp:paragraph -->\n<p>Willison &#8211; Tipo U<\/p>\n<!-- \/wp:paragraph -->                                <\/div>\n                            <\/div>\n                                                        <div class=\"element address\" data-target=\"address-5994\">\n                                <div class=\"next go-to-next-address\"><\/div>\n                                <h3>Pa\u00eds CSI<\/h3>\n                                <div class=\"element-content\">\n                                    <!-- wp:paragraph -->\n<p>GOST &#8211; Tipo SA3<\/p>\n<!-- \/wp:paragraph -->                                <\/div>\n                            <\/div>\n                                                        <div class=\"element address\" data-target=\"address-5990\">\n                                <div class=\"next go-to-next-address\"><\/div>\n                                <h3>Ir\u00e1n<\/h3>\n                                <div class=\"element-content\">\n                                    <!-- wp:paragraph -->\n<p>Willison &#8211; Tipo U<\/p>\n<!-- \/wp:paragraph -->                                <\/div>\n                            <\/div>\n                                                        <div class=\"element address\" data-target=\"address-5986\">\n                                <div class=\"next go-to-next-address\"><\/div>\n                                <h3>Russia<\/h3>\n                                <div class=\"element-content\">\n                                    <!-- wp:paragraph -->\n<p>GOST &#8211; Tipo SA3<\/p>\n<!-- \/wp:paragraph -->                                <\/div>\n                            <\/div>\n                                                        <div class=\"element address\" data-target=\"address-5983\">\n                                <div class=\"next go-to-next-address\"><\/div>\n                                <h3>Europa<\/h3>\n                                <div class=\"element-content\">\n                                    <!-- wp:paragraph -->\n<p>Tracci\u00f3n UIC<\/p>\n<!-- \/wp:paragraph -->                                <\/div>\n                            <\/div>\n                                                        <div class=\"element address\" data-target=\"address-5980\">\n                                <div class=\"next go-to-next-address\"><\/div>\n                                <h3>Sri Lanka<\/h3>\n                                <div class=\"element-content\">\n                                    <!-- wp:paragraph -->\n<p>Lloyd couplers<\/p>\n<!-- \/wp:paragraph -->                                <\/div>\n                            <\/div>\n                                                        <div class=\"element address\" data-target=\"address-5976\">\n                                <div class=\"next go-to-next-address\"><\/div>\n                                <h3>Bangladesh<\/h3>\n                                <div class=\"element-content\">\n                                    <!-- wp:paragraph -->\n<p>Lloyd couplers<\/p>\n<!-- \/wp:paragraph -->                                <\/div>\n                            <\/div>\n                                                        <div class=\"element address\" data-target=\"address-5973\">\n                                <div class=\"next go-to-next-address\"><\/div>\n                                <h3>India<\/h3>\n                                <div class=\"element-content\">\n                                    <!-- wp:paragraph -->\n<p>AAR &#8211; Tipo E<br>RDSO &#8211; Tipo H<\/p>\n<!-- \/wp:paragraph -->                                <\/div>\n                            <\/div>\n                                                        <div class=\"element address\" data-target=\"address-5970\">\n                                <div class=\"next go-to-next-address\"><\/div>\n                                <h3>Jap\u00f3n<\/h3>\n                                <div class=\"element-content\">\n                                    <!-- wp:paragraph -->\n<p><\/p>\n<!-- \/wp:paragraph -->\n\n<!-- wp:paragraph -->\n<p>AAR &#8211; Tipo E<br>AAR &#8211; Tipo F<\/p>\n<!-- \/wp:paragraph -->                                <\/div>\n                            <\/div>\n                                                        <div class=\"element address\" data-target=\"address-5966\">\n                                <div class=\"next go-to-next-address\"><\/div>\n                                <h3>China<\/h3>\n                                <div class=\"element-content\">\n                                    <!-- wp:paragraph -->\n<p>AAR &#8211; Tipo E<br>AAR &#8211; Tipo F<\/p>\n<!-- \/wp:paragraph -->                                <\/div>\n                            <\/div>\n                                                        <div class=\"element address\" data-target=\"address-5963\">\n                                <div class=\"next go-to-next-address\"><\/div>\n                                <h3>Am\u00e9rica del Sur<\/h3>\n                                <div class=\"element-content\">\n                                    <!-- wp:paragraph -->\n<p>AAR &#8211; Tipo E<br>AAR &#8211; Tipo F<\/p>\n<!-- \/wp:paragraph -->                                <\/div>\n                            <\/div>\n                                                        <div class=\"element address\" data-target=\"address-5960\">\n                                <div class=\"next go-to-next-address\"><\/div>\n                                <h3>Am\u00e9rica Central<\/h3>\n                                <div class=\"element-content\">\n                                    <!-- wp:paragraph -->\n<p>AAR &#8211; Tipo E<br>AAR &#8211; Tipo F<\/p>\n<!-- \/wp:paragraph -->                                <\/div>\n                            <\/div>\n                                                        <div class=\"element address\" data-target=\"address-5957\">\n                                <div class=\"next go-to-next-address\"><\/div>\n                                <h3>Am\u00e9rica del Norte<\/h3>\n                                <div class=\"element-content\">\n                                    <!-- wp:paragraph -->\n<p>AAR &#8211; Tipo E<br>AAR &#8211; Tipo F<\/p>\n<!-- \/wp:paragraph -->                                <\/div>\n                            <\/div>\n                                                        <div class=\"element address\" data-target=\"address-5954\">\n                                <div class=\"next go-to-next-address\"><\/div>\n                                <h3>\u00c1frica sahariana<\/h3>\n                                <div class=\"element-content\">\n                                    <!-- wp:paragraph -->\n<p>Enganche especial<\/p>\n<!-- \/wp:paragraph -->                                <\/div>\n                            <\/div>\n                                                        <div class=\"element address\" data-target=\"address-5951\">\n                                <div class=\"next go-to-next-address\"><\/div>\n                                <h3>\u00c1frica Oriental<\/h3>\n                                <div class=\"element-content\">\n                                    <!-- wp:paragraph -->\n<p>Lloyd couplers<br>AAR &#8211; Tipo E<\/p>\n<!-- \/wp:paragraph -->                                <\/div>\n                            <\/div>\n                                                        <div class=\"element address\" data-target=\"address-5948\">\n                                <div class=\"next go-to-next-address\"><\/div>\n                                <h3>Mauritania<\/h3>\n                                <div class=\"element-content\">\n                                    <!-- wp:paragraph -->\n<p>Willison &#8211; Tipo G<\/p>\n<!-- \/wp:paragraph -->                                <\/div>\n                            <\/div>\n                                                        <div class=\"element address\" data-target=\"address-5944\">\n                                <div class=\"next go-to-next-address\"><\/div>\n                                <h3>Togo \/ Benin \/ Ghana<\/h3>\n                                <div class=\"element-content\">\n                                    <!-- wp:paragraph -->\n<p>Lloyd couplers<br>Tracci\u00f3n UIC<\/p>\n<!-- \/wp:paragraph -->                                <\/div>\n                            <\/div>\n                                                        <div class=\"element address\" data-target=\"address-5939\">\n                                <div class=\"next go-to-next-address\"><\/div>\n                                <h3>Centro de \u00c1frica &#8211; Oeste<\/h3>\n                                <div class=\"element-content\">\n                                    <!-- wp:paragraph -->\n<p>AAR &#8211; Tipo E<br>AAR &#8211; Tipo F<\/p>\n<!-- \/wp:paragraph -->                                <\/div>\n                            <\/div>\n                                                        <div class=\"element address\" data-target=\"address-5938\">\n                                <div class=\"next go-to-next-address\"><\/div>\n                                <h3>Sud\u00e1frica<\/h3>\n                                <div class=\"element-content\">\n                                    <!-- wp:paragraph -->\n<p>AAR &#8211; Tipo E<br>AAR &#8211; Tipo F<\/p>\n<!-- \/wp:paragraph -->                                <\/div>\n                            <\/div>\n                                                        <div class=\"element address\" data-target=\"address-5934\">\n                                <div class=\"next go-to-next-address\"><\/div>\n                                <h3>Norte de \u00c1frica<\/h3>\n                                <div class=\"element-content\">\n                                    <!-- wp:paragraph -->\n<p>Tracci\u00f3n UIC<br>Willison &#8211; Tipo G<\/p>\n<!-- \/wp:paragraph -->\n\n<!-- wp:paragraph -->\n<p><\/p>\n<!-- \/wp:paragraph -->                                <\/div>\n                            <\/div>\n                                                    <div class=\"legend\">\n                                                            <div class=\"legend__item\">\n                                    <div class=\"color\" style=\"border-color:#81d742\"><\/div>\n                                    Genouillere                                <\/div>\n                                                            <div class=\"legend__item\">\n                                    <div class=\"color\" style=\"border-color:#fcb53a\"><\/div>\n                                    Lloyd                                <\/div>\n                                                            <div class=\"legend__item\">\n                                    <div class=\"color\" style=\"border-color:#f9f222\"><\/div>\n                                    UIC                                <\/div>\n                                                            <div class=\"legend__item\">\n                                    <div class=\"color\" style=\"border-color:#f73838\"><\/div>\n                                    Willison                                <\/div>\n                                                    <\/div>\n                    <\/div>\n                <\/div>\n            <\/div>\n        <\/div>\n    <\/div>\n<\/div>\n\n<script>\n    var cimMapAddresses = [];\n    var cimCasesStudies = [];\n                cimMapAddresses.push({\n                lat: 36.23453192352788,\n                lng: 127.88149094051874,\n                id: 6203,\n                color: '#81d742',\n                type: 'address'\n            });\n            \n                        cimMapAddresses.push({\n                lat:  -23.6983884,\n                lng: 133.8812885,\n                id: 6000,\n                color: '#81d742',\n                type: 'address'\n            });\n            \n                        cimMapAddresses.push({\n                lat:  36.1911653,\n                lng: 44.0094294,\n                id: 5997,\n                color: '#f73838',\n                type: 'address'\n            });\n            \n                        cimMapAddresses.push({\n                lat:  42.9015945,\n                lng: 71.3769302,\n                id: 5994,\n                color: '#f73838',\n                type: 'address'\n            });\n            \n                        cimMapAddresses.push({\n                lat:  32.6707877,\n                lng: 51.6650002,\n                id: 5990,\n                color: '#f73838',\n                type: 'address'\n            });\n            \n                        cimMapAddresses.push({\n                lat:  55.7504461,\n                lng: 37.6174943,\n                id: 5986,\n                color: '#f73838',\n                type: 'address'\n            });\n            \n                        cimMapAddresses.push({\n                lat:  48.7784485,\n                lng: 9.1800132,\n                id: 5983,\n                color: '#f9f222',\n                type: 'address'\n            });\n            \n                        cimMapAddresses.push({\n                lat: 7.2931208,\n                lng: 80.6350358,\n                id: 5980,\n                color: '#fcb53a',\n                type: 'address'\n            });\n            \n                        cimMapAddresses.push({\n                lat: 24.378704,\n                lng: 93.6970015,\n                id: 5976,\n                color: '#fcb53a',\n                type: 'address'\n            });\n            \n                        cimMapAddresses.push({\n                lat:  21.1498134,\n                lng: 79.0820556,\n                id: 5973,\n                color: '#81d742',\n                type: 'address'\n            });\n            \n                        cimMapAddresses.push({\n                lat:  35.1851045,\n                lng: 136.8998438,\n                id: 5970,\n                color: '#81d742',\n                type: 'address'\n            });\n            \n                        cimMapAddresses.push({\n                lat:  29.5647398,\n                lng: 106.5478767,\n                id: 5966,\n                color: '#81d742',\n                type: 'address'\n            });\n            \n                        cimMapAddresses.push({\n                lat:  -10.3333333,\n                lng: -53.2,\n                id: 5963,\n                color: '#81d742',\n                type: 'address'\n            });\n            \n                        cimMapAddresses.push({\n                lat:  15.5855545,\n                lng: -90.345759,\n                id: 5960,\n                color: '#81d742',\n                type: 'address'\n            });\n            \n                        cimMapAddresses.push({\n                lat:  39.7392364,\n                lng: -104.984862,\n                id: 5957,\n                color: '#81d742',\n                type: 'address'\n            });\n            \n                        cimMapAddresses.push({\n                lat:  17.9209323,\n                lng: 19.0953202,\n                id: 5954,\n                color: '#FFFFFF',\n                type: 'address'\n            });\n            \n                        cimMapAddresses.push({\n                lat:  -1.2832533,\n                lng: 36.8172449,\n                id: 5951,\n                color: '#81d742',\n                type: 'address'\n            });\n            \n                        cimMapAddresses.push({\n                lat:  20.4634827,\n                lng: -12.3658552,\n                id: 5948,\n                color: '#f73838',\n                type: 'address'\n            });\n            \n                        cimMapAddresses.push({\n                lat:  10.3969313,\n                lng: 2.7286814,\n                id: 5944,\n                color: '#fcb53a',\n                type: 'address'\n            });\n            \n                        cimMapAddresses.push({\n                lat:  -0.56667,\n                lng: 12.41667,\n                id: 5939,\n                color: '#81d742',\n                type: 'address'\n            });\n            \n                        cimMapAddresses.push({\n                lat:  -25.7459277,\n                lng: 28.1879101,\n                id: 5938,\n                color: '#81d742',\n                type: 'address'\n            });\n            \n                        cimMapAddresses.push({\n                lat:  32.7885786,\n                lng: 4.4882869,\n                id: 5934,\n                color: '#f9f222',\n                type: 'address'\n            });\n            \n            <\/script>\n","protected":false},"excerpt":{"rendered":"","protected":false},"author":4,"featured_media":0,"parent":0,"menu_order":0,"comment_status":"closed","ping_status":"closed","template":"","meta":{"_acf_changed":false,"footnotes":""},"class_list":["post-1108","page","type-page","status-publish","hentry"],"acf":[],"yoast_head":"<!-- This site is optimized with the Yoast SEO plugin v27.4 - https:\/\/yoast.com\/product\/yoast-seo-wordpress\/ -->\n<title>Una presencia internacional - LAF<\/title>\n<meta name=\"robots\" content=\"index, follow, max-snippet:-1, max-image-preview:large, max-video-preview:-1\" \/>\n<link rel=\"canonical\" href=\"https:\/\/laf-lloyd.com\/es\/una-presencia-internacional\/\" \/>\n<meta property=\"og:locale\" content=\"es_ES\" \/>\n<meta property=\"og:type\" content=\"article\" \/>\n<meta property=\"og:title\" content=\"Una presencia internacional - LAF\" \/>\n<meta property=\"og:url\" content=\"https:\/\/laf-lloyd.com\/es\/una-presencia-internacional\/\" \/>\n<meta property=\"og:site_name\" content=\"LAF\" \/>\n<meta property=\"article:modified_time\" content=\"2022-09-09T14:22:25+00:00\" \/>\n<meta name=\"twitter:card\" content=\"summary_large_image\" \/>\n<script type=\"application\/ld+json\" class=\"yoast-schema-graph\">{\"@context\":\"https:\\\/\\\/schema.org\",\"@graph\":[{\"@type\":\"WebPage\",\"@id\":\"https:\\\/\\\/laf-lloyd.com\\\/es\\\/una-presencia-internacional\\\/\",\"url\":\"https:\\\/\\\/laf-lloyd.com\\\/es\\\/una-presencia-internacional\\\/\",\"name\":\"Una presencia internacional - LAF\",\"isPartOf\":{\"@id\":\"https:\\\/\\\/laf-lloyd.com\\\/es\\\/#website\"},\"datePublished\":\"2020-12-11T09:42:58+00:00\",\"dateModified\":\"2022-09-09T14:22:25+00:00\",\"inLanguage\":\"es-ES\",\"potentialAction\":[{\"@type\":\"ReadAction\",\"target\":[\"https:\\\/\\\/laf-lloyd.com\\\/es\\\/una-presencia-internacional\\\/\"]}]},{\"@type\":\"WebSite\",\"@id\":\"https:\\\/\\\/laf-lloyd.com\\\/es\\\/#website\",\"url\":\"https:\\\/\\\/laf-lloyd.com\\\/es\\\/\",\"name\":\"LAF\",\"description\":\"A CIM Group company\",\"potentialAction\":[{\"@type\":\"SearchAction\",\"target\":{\"@type\":\"EntryPoint\",\"urlTemplate\":\"https:\\\/\\\/laf-lloyd.com\\\/es\\\/?s={search_term_string}\"},\"query-input\":{\"@type\":\"PropertyValueSpecification\",\"valueRequired\":true,\"valueName\":\"search_term_string\"}}],\"inLanguage\":\"es-ES\"}]}<\/script>\n<!-- \/ Yoast SEO plugin. -->","yoast_head_json":{"title":"Una presencia internacional - LAF","robots":{"index":"index","follow":"follow","max-snippet":"max-snippet:-1","max-image-preview":"max-image-preview:large","max-video-preview":"max-video-preview:-1"},"canonical":"https:\/\/laf-lloyd.com\/es\/una-presencia-internacional\/","og_locale":"es_ES","og_type":"article","og_title":"Una presencia internacional - LAF","og_url":"https:\/\/laf-lloyd.com\/es\/una-presencia-internacional\/","og_site_name":"LAF","article_modified_time":"2022-09-09T14:22:25+00:00","twitter_card":"summary_large_image","schema":{"@context":"https:\/\/schema.org","@graph":[{"@type":"WebPage","@id":"https:\/\/laf-lloyd.com\/es\/una-presencia-internacional\/","url":"https:\/\/laf-lloyd.com\/es\/una-presencia-internacional\/","name":"Una presencia internacional - LAF","isPartOf":{"@id":"https:\/\/laf-lloyd.com\/es\/#website"},"datePublished":"2020-12-11T09:42:58+00:00","dateModified":"2022-09-09T14:22:25+00:00","inLanguage":"es-ES","potentialAction":[{"@type":"ReadAction","target":["https:\/\/laf-lloyd.com\/es\/una-presencia-internacional\/"]}]},{"@type":"WebSite","@id":"https:\/\/laf-lloyd.com\/es\/#website","url":"https:\/\/laf-lloyd.com\/es\/","name":"LAF","description":"A CIM Group company","potentialAction":[{"@type":"SearchAction","target":{"@type":"EntryPoint","urlTemplate":"https:\/\/laf-lloyd.com\/es\/?s={search_term_string}"},"query-input":{"@type":"PropertyValueSpecification","valueRequired":true,"valueName":"search_term_string"}}],"inLanguage":"es-ES"}]}},"_links":{"self":[{"href":"https:\/\/laf-lloyd.com\/es\/wp-json\/wp\/v2\/pages\/1108","targetHints":{"allow":["GET"]}}],"collection":[{"href":"https:\/\/laf-lloyd.com\/es\/wp-json\/wp\/v2\/pages"}],"about":[{"href":"https:\/\/laf-lloyd.com\/es\/wp-json\/wp\/v2\/types\/page"}],"author":[{"embeddable":true,"href":"https:\/\/laf-lloyd.com\/es\/wp-json\/wp\/v2\/users\/4"}],"replies":[{"embeddable":true,"href":"https:\/\/laf-lloyd.com\/es\/wp-json\/wp\/v2\/comments?post=1108"}],"version-history":[{"count":12,"href":"https:\/\/laf-lloyd.com\/es\/wp-json\/wp\/v2\/pages\/1108\/revisions"}],"predecessor-version":[{"id":6052,"href":"https:\/\/laf-lloyd.com\/es\/wp-json\/wp\/v2\/pages\/1108\/revisions\/6052"}],"wp:attachment":[{"href":"https:\/\/laf-lloyd.com\/es\/wp-json\/wp\/v2\/media?parent=1108"}],"curies":[{"name":"wp","href":"https:\/\/api.w.org\/{rel}","templated":true}]}}