{"id":1112,"date":"2020-12-11T11:15:47","date_gmt":"2020-12-11T10:15:47","guid":{"rendered":"https:\/\/laf-lloyd.com\/?page_id=1112"},"modified":"2023-04-11T22:50:11","modified_gmt":"2023-04-11T20:50:11","slug":"bienvenida","status":"publish","type":"page","link":"https:\/\/laf-lloyd.com\/es\/","title":{"rendered":"Bienvenida"},"content":{"rendered":"<div class=\"cim-hero\" style=\"background-image:url(https:\/\/laf-lloyd.com\/wp-content\/uploads\/2021\/10\/Capture-de\u0301cran-2021-10-04-a\u0300-16.52.23.png);\">\r\n\t\t\t<div class=\"overlay\"><\/div>\r\n\t\t\t\t<div class=\"bottom-svg\">\r\n\t\t\t<svg xmlns=\"http:\/\/www.w3.org\/2000\/svg\" width=\"1920\" height=\"235\" viewBox=\"0 0 1920 235\">\r\n\t\t\t\t<path style=\"fill:#7A7A7A\" data-name=\"svg-bottom\" d=\"M0,235V180L1920,0V235Z\" \/>\r\n\t\t\t<\/svg>\r\n\t\t<\/div>\r\n\t\t\t<div class=\"container\">\r\n\t\t<div class=\"row\">\r\n\t\t\t<div class=\"col-12 col-lg-8\">\r\n\t\t\t\t <h1>LAF, fabricante de componentes ferroviarios a medida<\/h1> \t\t\t\t <div class=\"text\">Enganches autom\u00e1ticos de tracci\u00f3n y choque, barras de tracci\u00f3n, amortiguadores, dispositivos de tracci\u00f3n y topes: LAF dise\u00f1a, desarrolla y fabrica piezas para redes ferroviarias p\u00fablicas y privadas, redes mineras y plantas sider\u00fargicas.<\/div> \t\t\t\t\t\t\t\t\t<div class=\"cta\">\r\n\t\t\t\t\t\t<a href=\"https:\/\/laf-lloyd.com\/es\/a-propos\/\">Para saber m\u00e1s<\/a>\r\n\t\t\t\t\t<\/div>\r\n\t\t\t\t\t\t\t\t\t\r\n\t\t\t<\/div>\r\n\t\t\t<div class=\"col-12 col-lg-4\">\r\n\t\t\t\t\t\t\t\t\t<div class=\"hero-logo\">\r\n\t\t\t\t\t\t<img decoding=\"async\" src=\"https:\/\/laf-lloyd.com\/wp-content\/uploads\/2021\/10\/laf-logo-big-v.png\" \/>\r\n\t\t\t\t\t<\/div>\r\n\t\t\t\t\t\t\t\t<\/div>\r\n\t\t<\/div>\r\n\t<\/div>\r\n<\/div>\n\n<div class=\"cim-expertise\" style=\"background-color: #7A7A7A;\">\r\n\t<div class=\"container\">\r\n\t\t<div class=\"row\">\r\n\t\t\t<div class=\"col-12 col-lg-6\">\r\n\t\t\t\t <h2><meta charset=\"utf-8\">Sobre LAF<\/h2> \t\t\t\t <div class=\"text\"><meta charset=\"utf-8\">LAF se beneficia de unos conocimientos t\u00e9cnicos \u00fanicos. Es el resultado de m\u00e1s de 80 a\u00f1os de experiencia al servicio de la industria ferroviaria y la alta capacidad que ha demostrado para adaptarse a un sector en constante cambio.<\/div> \t\t\t\t\t\t\t\t\t<div class=\"cta\">\r\n\t\t\t\t\t\t<a href=\"https:\/\/laf-lloyd.com\/es\/nuestros-productos\/\"><meta charset=\"utf-8\">Encuentra todos los productos<\/a>\r\n\t\t\t\t\t<\/div>\r\n\t\t\t\t\t\t\t<\/div>\r\n\t\t\t<div class=\"col-12 col-lg-6\">\r\n\t\t\t\t<div class=\"expertise-features \">\r\n\t\t\t\t\t<div class=\"expertises_1\">\r\n\t\t\t\t\t\t\t\t\t\t\t\t\t<div class=\"expertise-feature cta_active\">\r\n\t\t\t\t\t\t\t\t\t\t\t\t\t\t\t\t\t<div class=\"icn\">\r\n\t\t\t\t\t\t\t\t\t\t<img decoding=\"async\" src=\"https:\/\/laf-lloyd.com\/wp-content\/uploads\/2021\/10\/atelage_auto_hover.png\">\r\n\t\t\t\t\t\t\t\t\t<\/div>\r\n\t\t\t\t\t\t\t\t<meta charset=\"utf-8\">Acopladores autom\u00e1ticos\t\t\t\t\t\t\t\t\t\t\t\t\t\t\t\t\t<div class=\"cta\">\r\n\t\t\t\t\t\t\t\t\t\t<a href=\"https:\/\/laf-lloyd.com\/es\/enganches-automaticos\/\">M\u00c1S INFORMACI\u00d3N<\/a>\r\n\t\t\t\t\t\t\t\t\t<\/div>\r\n\t\t\t\t\t\t\t\t\t\t\t\t\t\t\t<\/div>\r\n\t\t\t\t\t\t\t\t\t\t\t\t\t\t\t\t\t\t\t<div class=\"expertise-feature cta_active\">\r\n\t\t\t\t\t\t\t\t\t\t\t\t\t\t\t\t\t<div class=\"icn\">\r\n\t\t\t\t\t\t\t\t\t\t<img decoding=\"async\" src=\"https:\/\/laf-lloyd.com\/wp-content\/uploads\/2021\/10\/barre_atelage_hover.png\">\r\n\t\t\t\t\t\t\t\t\t<\/div>\r\n\t\t\t\t\t\t\t\t<meta charset=\"utf-8\">Barras de tiro\t\t\t\t\t\t\t\t\t\t\t\t\t\t\t\t\t<div class=\"cta\">\r\n\t\t\t\t\t\t\t\t\t\t<a href=\"https:\/\/laf-lloyd.com\/es\/barras-de-enganches\/\">M\u00c1S INFORMACI\u00d3N<\/a>\r\n\t\t\t\t\t\t\t\t\t<\/div>\r\n\t\t\t\t\t\t\t\t\t\t\t\t\t\t\t<\/div>\r\n\t\t\t\t\t\t\t\t\t\t\t\t\t\t\t\t\t\t\t<div class=\"expertise-feature cta_active\">\r\n\t\t\t\t\t\t\t\t\t\t\t\t\t\t\t\t\t<div class=\"icn\">\r\n\t\t\t\t\t\t\t\t\t\t<img decoding=\"async\" src=\"https:\/\/laf-lloyd.com\/wp-content\/uploads\/2021\/10\/traction_lourde_hover.png\">\r\n\t\t\t\t\t\t\t\t\t<\/div>\r\n\t\t\t\t\t\t\t\t<meta charset=\"utf-8\"><meta charset=\"utf-8\">Tracci\u00f3n pesada\t\t\t\t\t\t\t\t\t\t\t\t\t\t\t\t\t<div class=\"cta\">\r\n\t\t\t\t\t\t\t\t\t\t<a href=\"https:\/\/laf-lloyd.com\/es\/tracciones-pesadas\/\">M\u00c1S INFORMACI\u00d3N<\/a>\r\n\t\t\t\t\t\t\t\t\t<\/div>\r\n\t\t\t\t\t\t\t\t\t\t\t\t\t\t\t<\/div>\r\n\t\t\t\t\t\t\t\t\t\t\t<\/div>\r\n\t\t\t\t\t<div class=\"expertises_2\">\r\n\t\t\t\t\t\t\t\t\t\t\t\t\t<div class=\"expertise-feature cta_active\">\r\n\t\t\t\t\t\t\t\t\t\t\t\t\t\t\t\t\t<div class=\"icn\">\r\n\t\t\t\t\t\t\t\t\t\t<img decoding=\"async\" src=\"https:\/\/laf-lloyd.com\/wp-content\/uploads\/2021\/10\/amortisseur_hover.png\">\r\n\t\t\t\t\t\t\t\t\t<\/div>\r\n\t\t\t\t\t\t\t\tAmortiguadores\t\t\t\t\t\t\t\t\t\t\t\t\t\t\t\t\t<div class=\"cta\">\r\n\t\t\t\t\t\t\t\t\t\t<a href=\"https:\/\/laf-lloyd.com\/es\/amortiguadores\/\">M\u00c1S INFORMACI\u00d3N<\/a>\r\n\t\t\t\t\t\t\t\t\t<\/div>\r\n\t\t\t\t\t\t\t\t\t\t\t\t\t\t\t<\/div>\r\n\t\t\t\t\t\t\t\t\t\t\t\t\t\t\t\t\t\t\t<div class=\"expertise-feature cta_active\">\r\n\t\t\t\t\t\t\t\t\t\t\t\t\t\t\t\t\t<div class=\"icn\">\r\n\t\t\t\t\t\t\t\t\t\t<img decoding=\"async\" src=\"https:\/\/laf-lloyd.com\/wp-content\/uploads\/2021\/10\/dispositif_fuisble_hover.png\">\r\n\t\t\t\t\t\t\t\t\t<\/div>\r\n\t\t\t\t\t\t\t\tDispositivos fusibles\t\t\t\t\t\t\t\t\t\t\t\t\t\t\t\t\t<div class=\"cta\">\r\n\t\t\t\t\t\t\t\t\t\t<a href=\"https:\/\/laf-lloyd.com\/es\/dispositivos-fusibles\/\">M\u00c1S INFORMACI\u00d3N<\/a>\r\n\t\t\t\t\t\t\t\t\t<\/div>\r\n\t\t\t\t\t\t\t\t\t\t\t\t\t\t\t<\/div>\r\n\t\t\t\t\t\t\t\t\t\t\t\t\t\t\t\t\t\t\t<div class=\"expertise-feature cta_active\">\r\n\t\t\t\t\t\t\t\t\t\t\t\t\t\t\t\t\t<div class=\"icn\">\r\n\t\t\t\t\t\t\t\t\t\t<img decoding=\"async\" src=\"https:\/\/laf-lloyd.com\/wp-content\/uploads\/2021\/10\/atelage_auto_hover.png\">\r\n\t\t\t\t\t\t\t\t\t<\/div>\r\n\t\t\t\t\t\t\t\tSellos especiales\t\t\t\t\t\t\t\t\t\t\t\t\t\t\t\t\t<div class=\"cta\">\r\n\t\t\t\t\t\t\t\t\t\t<a href=\"https:\/\/laf-lloyd.com\/es\/tampones-especiales\/\">M\u00c1S INFORMACI\u00d3N<\/a>\r\n\t\t\t\t\t\t\t\t\t<\/div>\r\n\t\t\t\t\t\t\t\t\t\t\t\t\t\t\t<\/div>\r\n\t\t\t\t\t\t\t\t\t\t\t<\/div>\r\n\t\t\t\t<\/div>\r\n\t\t\t<\/div>\r\n\t\t<\/div>\r\n\t<\/div>\r\n<\/div>\n\n<div class=\"cim-spacer\"><\/div>\n\n<div class=\"cim-reassurance\" style=\"background-image:url(https:\/\/laf-lloyd.com\/wp-content\/uploads\/2019\/12\/world-map.svg);\">\r\n\t<div class=\"container\">\r\n\t\t <h2>En cifras<\/h2>  \r\n\t\t<div class=\"row\">\r\n\t\t\t<div class=\"col-12 col-lg-3\">\r\n\t\t\t\t<div class=\"reassurance-element\" data-reassurance-increment=\"120\">\r\n\t\t\t\t\t <h3>120<\/h3>  \r\n\t\t\t\t\t <div class=\"reassurance-text\"> pa\u00edses reconocidos por su saber hacer <\/div>  \r\n\t\t\t\t<\/div>\r\n\t\t\t<\/div>\r\n\t\t\t<div class=\"col-12 col-lg-3\">\r\n\t\t\t\t<div class=\"reassurance-element\" data-reassurance-increment=\"+6k\">\r\n\t\t\t\t\t <h3>+6k<\/h3>  \r\n\t\t\t\t\t <div class=\"reassurance-text\"> planos de piezas pertenecientes a LAF <\/div>  \r\n\t\t\t\t<\/div>\r\n\t\t\t<\/div>\r\n\t\t\t<div class=\"col-12 col-lg-3\">\r\n\t\t\t\t<div class=\"reassurance-element\" data-reassurance-increment=\"1000\">\r\n\t\t\t\t\t <h3>1000<\/h3>  \r\n\t\t\t\t\t <div class=\"reassurance-text\"> horas de trabajo para brindarle el sistema m\u00e1s exitoso <\/div>  \r\n\t\t\t\t<\/div>\r\n\t\t\t<\/div>\r\n\t\t\t<div class=\"col-12 col-lg-3\">\r\n\t\t\t\t<div class=\"reassurance-element\" data-reassurance-increment=\"80K\">\r\n\t\t\t\t\t <h3>80K<\/h3>  \r\n\t\t\t\t\t <div class=\"reassurance-text\"> acoplamientos dise\u00f1ados por nosotros en todo el mundo <\/div>  \r\n\t\t\t\t<\/div>\r\n\t\t\t<\/div>\r\n\t\t<\/div>\r\n\t\t\t\t\t<div class=\"cta\">\r\n\t\t\t\t<a href=\"https:\/\/laf-lloyd.com\/es\/cifras-clave\/\">M\u00e1s informaci\u00f3n sobre la empresa<\/a>\r\n\t\t\t<\/div>\r\n\t\t\t\t<\/div>\r\n<\/div>\r\n\n\n<div class=\"cim-section\" style=\"background-image:url(https:\/\/laf-lloyd.com\/wp-content\/uploads\/2020\/10\/cim-projet.jpg);\">\r\n\t\t\t<div class=\"overlay\"><\/div>\r\n\t\t\t<div class=\"container\">\r\n\t\t<div class=\"row\">\r\n\t\t\t<div class=\"col-12 col-lg-6\">\r\n\t\t\t\t <h2>Enganches a la medida<\/h2> \t\t\t\t <div class=\"text\">Con m\u00e1s de 80 a\u00f1os de experiencia en el dise\u00f1o de acoplamientos y otros componentes ferroviarios, nuestra oficina de proyectos se encuentra entre las m\u00e1s avanzadas del sector. Por lo tanto, los expertos de LAF est\u00e1n desarrollando productos cada vez m\u00e1s innovadores para ayudarlo a mantenerse a la vanguardia de las tecnolog\u00edas actuales.<\/div> \t\t\t\t\t\t\t\t\t<div class=\"cta\">\r\n\t\t\t\t\t\t<a href=\"https:\/\/laf-lloyd.com\/es\/oficina-de-estudios\/\">M\u00e1s informaci\u00f3n sobre la empresa<\/a>\r\n\t\t\t\t\t<\/div>\r\n\t\t\t\t\t\t\t\t<\/div>\r\n\t\t<\/div>\r\n\t<\/div>\r\n<\/div>","protected":false},"excerpt":{"rendered":"","protected":false},"author":4,"featured_media":0,"parent":0,"menu_order":0,"comment_status":"closed","ping_status":"closed","template":"","meta":{"_acf_changed":false,"footnotes":""},"class_list":["post-1112","page","type-page","status-publish","hentry"],"acf":[],"yoast_head":"<!-- This site is optimized with the Yoast SEO plugin v27.4 - https:\/\/yoast.com\/product\/yoast-seo-wordpress\/ -->\n<title>Bienvenida - LAF<\/title>\n<meta name=\"robots\" content=\"index, follow, max-snippet:-1, max-image-preview:large, max-video-preview:-1\" \/>\n<link rel=\"canonical\" href=\"https:\/\/laf-lloyd.com\/es\/\" \/>\n<meta property=\"og:locale\" content=\"es_ES\" \/>\n<meta property=\"og:type\" content=\"article\" \/>\n<meta property=\"og:title\" content=\"Bienvenida - LAF\" \/>\n<meta property=\"og:url\" content=\"https:\/\/laf-lloyd.com\/es\/\" \/>\n<meta property=\"og:site_name\" content=\"LAF\" \/>\n<meta property=\"article:modified_time\" content=\"2023-04-11T20:50:11+00:00\" \/>\n<meta name=\"twitter:card\" content=\"summary_large_image\" \/>\n<script type=\"application\/ld+json\" class=\"yoast-schema-graph\">{\"@context\":\"https:\\\/\\\/schema.org\",\"@graph\":[{\"@type\":\"WebPage\",\"@id\":\"https:\\\/\\\/laf-lloyd.com\\\/es\\\/\",\"url\":\"https:\\\/\\\/laf-lloyd.com\\\/es\\\/\",\"name\":\"Bienvenida - LAF\",\"isPartOf\":{\"@id\":\"https:\\\/\\\/laf-lloyd.com\\\/es\\\/#website\"},\"datePublished\":\"2020-12-11T10:15:47+00:00\",\"dateModified\":\"2023-04-11T20:50:11+00:00\",\"inLanguage\":\"es-ES\",\"potentialAction\":[{\"@type\":\"ReadAction\",\"target\":[\"https:\\\/\\\/laf-lloyd.com\\\/es\\\/\"]}]},{\"@type\":\"WebSite\",\"@id\":\"https:\\\/\\\/laf-lloyd.com\\\/es\\\/#website\",\"url\":\"https:\\\/\\\/laf-lloyd.com\\\/es\\\/\",\"name\":\"LAF\",\"description\":\"A CIM Group company\",\"potentialAction\":[{\"@type\":\"SearchAction\",\"target\":{\"@type\":\"EntryPoint\",\"urlTemplate\":\"https:\\\/\\\/laf-lloyd.com\\\/es\\\/?s={search_term_string}\"},\"query-input\":{\"@type\":\"PropertyValueSpecification\",\"valueRequired\":true,\"valueName\":\"search_term_string\"}}],\"inLanguage\":\"es-ES\"}]}<\/script>\n<!-- \/ Yoast SEO plugin. -->","yoast_head_json":{"title":"Bienvenida - LAF","robots":{"index":"index","follow":"follow","max-snippet":"max-snippet:-1","max-image-preview":"max-image-preview:large","max-video-preview":"max-video-preview:-1"},"canonical":"https:\/\/laf-lloyd.com\/es\/","og_locale":"es_ES","og_type":"article","og_title":"Bienvenida - LAF","og_url":"https:\/\/laf-lloyd.com\/es\/","og_site_name":"LAF","article_modified_time":"2023-04-11T20:50:11+00:00","twitter_card":"summary_large_image","schema":{"@context":"https:\/\/schema.org","@graph":[{"@type":"WebPage","@id":"https:\/\/laf-lloyd.com\/es\/","url":"https:\/\/laf-lloyd.com\/es\/","name":"Bienvenida - LAF","isPartOf":{"@id":"https:\/\/laf-lloyd.com\/es\/#website"},"datePublished":"2020-12-11T10:15:47+00:00","dateModified":"2023-04-11T20:50:11+00:00","inLanguage":"es-ES","potentialAction":[{"@type":"ReadAction","target":["https:\/\/laf-lloyd.com\/es\/"]}]},{"@type":"WebSite","@id":"https:\/\/laf-lloyd.com\/es\/#website","url":"https:\/\/laf-lloyd.com\/es\/","name":"LAF","description":"A CIM Group company","potentialAction":[{"@type":"SearchAction","target":{"@type":"EntryPoint","urlTemplate":"https:\/\/laf-lloyd.com\/es\/?s={search_term_string}"},"query-input":{"@type":"PropertyValueSpecification","valueRequired":true,"valueName":"search_term_string"}}],"inLanguage":"es-ES"}]}},"_links":{"self":[{"href":"https:\/\/laf-lloyd.com\/es\/wp-json\/wp\/v2\/pages\/1112","targetHints":{"allow":["GET"]}}],"collection":[{"href":"https:\/\/laf-lloyd.com\/es\/wp-json\/wp\/v2\/pages"}],"about":[{"href":"https:\/\/laf-lloyd.com\/es\/wp-json\/wp\/v2\/types\/page"}],"author":[{"embeddable":true,"href":"https:\/\/laf-lloyd.com\/es\/wp-json\/wp\/v2\/users\/4"}],"replies":[{"embeddable":true,"href":"https:\/\/laf-lloyd.com\/es\/wp-json\/wp\/v2\/comments?post=1112"}],"version-history":[{"count":26,"href":"https:\/\/laf-lloyd.com\/es\/wp-json\/wp\/v2\/pages\/1112\/revisions"}],"predecessor-version":[{"id":6194,"href":"https:\/\/laf-lloyd.com\/es\/wp-json\/wp\/v2\/pages\/1112\/revisions\/6194"}],"wp:attachment":[{"href":"https:\/\/laf-lloyd.com\/es\/wp-json\/wp\/v2\/media?parent=1112"}],"curies":[{"name":"wp","href":"https:\/\/api.w.org\/{rel}","templated":true}]}}