{"id":1183,"date":"2020-12-18T11:09:59","date_gmt":"2020-12-18T10:09:59","guid":{"rendered":"https:\/\/laf-lloyd.com\/?page_id=1183"},"modified":"2021-12-22T09:15:57","modified_gmt":"2021-12-22T08:15:57","slug":"enganches-automaticos","status":"publish","type":"page","link":"https:\/\/laf-lloyd.com\/es\/enganches-automaticos\/","title":{"rendered":"Acopladores autom\u00e1ticos"},"content":{"rendered":"\r\n<div class=\"cim-header\" style=\"background-image:url(https:\/\/laf-lloyd.com\/wp-content\/uploads\/2021\/10\/header-news-LAF-gris-1.png);\">\r\n\t\t<div class=\"bottom-shape\"><\/div>\r\n\t<div class=\"container\">\r\n\t\t\t\t\t<div class=\"breadcrumb\">\r\n\t\t\t\t<ul>\r\n\t\t\t\t\t\t\t\t\t\t\t\t<li><a href=\"https:\/\/laf-lloyd.com\/es\/\">Home<\/a><\/li>\r\n\t\t\t\t\t\t\t\t\t\t\t\t\t\t<li><span>Acopladores autom\u00e1ticos<\/span><\/li>\r\n\t\t\t\t\t\t\t\t\t\t\t<\/ul>\r\n\t\t\t<\/div>\r\n\t\t\t\t\t\r\n\t\t<div class=\"row\">\r\n\t\t\t<div class=\"col-12 col-lg-9\">\r\n\t\t\t\t<h1>Enganches para todo uso<\/h1>\r\n\t\t\t<\/div>\r\n\t\t<\/div>\r\n\t<\/div>\r\n<\/div>\n\n<div class=\"simple-text \">\r\n\t\r\n\t<div class=\"container\">\r\n\t\t<div class=\"row\">\r\n\t\t\t<div class=\"col-1 decorator\"><\/div>\r\n\t\t\t<div class=\"col\">\r\n\t\t\t\t\t\t\t\t <div class=\"text\"><p>Especialista en enganches autom\u00e1ticos, LAF ha desarrollado con el paso de los a\u00f1os componentes de choque y tracci\u00f3n m\u00e1s perfeccionados y fiables. Enganches con perfil del tipo \u00ab Willison \u00bb, a r\u00f3tula o Lloyd: el conjunto de nuestros productos le garantizan seguridad, calidad y fiabilidad en el tiempo.<\/p><p><\/p><\/div> \t\t\t\t<div class=\"ctas\">\r\n\t\t\t\t\t\t\t\t\t<\/div>\r\n\t\t\t<\/div>\r\n\t\t\t\r\n\t\t<\/div>\r\n\t<\/div>\r\n<\/div>\r\n\r\n\n\n<div class=\"cim-columns\">\r\n\t<div class=\"container\">\r\n\t\t\t\t\r\n\t\t\r\n\t\t<div class=\"row\">\r\n\t\t\t\t\t\t\t<div class=\"col-12 col-lg-4\">\r\n\t\t\t\t\t<div class=\"element\">\r\n\t\t\t\t\t\t<img decoding=\"async\" src=\"https:\/\/laf-lloyd.com\/wp-content\/uploads\/2021\/10\/11104-LAF_Willison-306x73-1.jpeg\" \/>\t\t\t\t\t\t<h3>Enganches con perfil del tipo \u00ab Willison \u00bb<\/h3>\t\t\t\t\t\t<div class=\"element-text\"><p>El enganche autom\u00e1tico del tipo \u00ab Willison \u00bb es el \u00fanico componente en el mundo capaz de absorber los esfuerzos de tracci\u00f3n y de choque a nivel de las partes fijas de la cabeza del enganche. Su robustez, unida al empleo de piezas resistentes a las inclemencias del tiempo, le garantizan una gran fiabilidad entre 2 revisiones generales. Hemos desarrollado numerosos derivados de este enganche: Unilink (enganche Este-Oeste), GR Rotativo&#8230; El + LAF: posibilidad de formar trenes pesados para recorrido kilom\u00e9trico elevado, reducci\u00f3n del coste de mantenimiento, ideal para v\u00edas normales y estrechas\u2026<\/p><p><\/p><\/div>\t\t\t\t\t\t\t\t\t\t\t<\/div>\r\n\t\t\t\t<\/div>\r\n\t\t\t\t\t\t\t\t<div class=\"col-12 col-lg-4\">\r\n\t\t\t\t\t<div class=\"element\">\r\n\t\t\t\t\t\t<img decoding=\"async\" src=\"https:\/\/laf-lloyd.com\/wp-content\/uploads\/2021\/10\/13084-LAF_attelage-a-grenouillere-306x73-1.jpeg\" \/>\t\t\t\t\t\t<h3>Enganche a r\u00f3tula<\/h3>\t\t\t\t\t\t<div class=\"element-text\"><p>Semiautom\u00e1tico, el enganche a r\u00f3tula es el m\u00e1s utilizado en el mundo debido a su sencillez de dise\u00f1o y fabricaci\u00f3n. Puede estar equipado de un cuerno en el lado para evitar cualquier desplazamiento vertical. Con la adquisici\u00f3n de Ets Henricot, LAF ha desarrollado una gama completa de enganches a r\u00f3tula (tipo E, H, Atlas, Saskop\u2026) El + LAF: disponible con o sin amortiguador de choque y tracci\u00f3n, adaptado a todo tipo de v\u00edas, de explotaci\u00f3n, de concepci\u00f3n o de veh\u00edculos.<\/p><\/div>\t\t\t\t\t\t\t\t\t\t\t<\/div>\r\n\t\t\t\t<\/div>\r\n\t\t\t\t\t\t\t\t<div class=\"col-12 col-lg-4\">\r\n\t\t\t\t\t<div class=\"element\">\r\n\t\t\t\t\t\t<img decoding=\"async\" src=\"https:\/\/laf-lloyd.com\/wp-content\/uploads\/2021\/10\/10431-LAF_attelage-lloyd-306x73-1.jpeg\" \/>\t\t\t\t\t\t<h3>Enganches Lloyd<\/h3>\t\t\t\t\t\t<div class=\"element-text\"><p>Desarrollados hace m\u00e1s de 50 a\u00f1os para las antiguas colonias inglesas, los enganches Lloyd (MCA\/DA, MCA\/PH, ABC) han demostrado su fiabilidad. LAF posee en la actualidad la licencia de explotaci\u00f3n y los planos de fabricaci\u00f3n. El + LAF: adaptado a las necesidades de todos los pa\u00edses que utilizan este tipo de enganche.<\/p><\/div>\t\t\t\t\t\t\t\t\t\t\t<\/div>\r\n\t\t\t\t<\/div>\r\n\t\t\t\t\t\t<\/div>\r\n\t<\/div>\r\n<\/div>\n\n<div class=\"cim-section\" style=\"background-image:url(https:\/\/laf-lloyd.com\/wp-content\/uploads\/2021\/03\/cim-projet.jpg);\">\r\n\t\t\t<div class=\"overlay\"><\/div>\r\n\t\t\t<div class=\"container\">\r\n\t\t<div class=\"row\">\r\n\t\t\t<div class=\"col-12 col-lg-6\">\r\n\t\t\t\t <h2><meta charset=\"utf-8\">Est\u00e9 siempre un paso por delante<\/h2> \t\t\t\t <div class=\"text\"><meta charset=\"utf-8\">Con m\u00e1s de 80 a\u00f1os de experiencia en el dise\u00f1o de acoplamientos y otros componentes ferroviarios, nuestra oficina de proyectos se encuentra entre las m\u00e1s avanzadas del sector. Por lo tanto, los expertos de LAF est\u00e1n desarrollando productos cada vez m\u00e1s innovadores para ayudarlo a mantenerse a la vanguardia de las tecnolog\u00edas actuales.<\/div> \t\t\t\t\t\t\t\t\t<div class=\"cta\">\r\n\t\t\t\t\t\t<a href=\"https:\/\/laf-lloyd.com\/es\/oficina-de-estudios\/\"><strong>M\u00c1S INFORMACI\u00d3N SOBRE LA EMPRESA<\/strong><\/a>\r\n\t\t\t\t\t<\/div>\r\n\t\t\t\t\t\t\t\t<\/div>\r\n\t\t<\/div>\r\n\t<\/div>\r\n<\/div>","protected":false},"excerpt":{"rendered":"","protected":false},"author":4,"featured_media":0,"parent":0,"menu_order":0,"comment_status":"closed","ping_status":"closed","template":"","meta":{"_acf_changed":false,"footnotes":""},"class_list":["post-1183","page","type-page","status-publish","hentry"],"acf":[],"yoast_head":"<!-- This site is optimized with the Yoast SEO plugin v27.4 - https:\/\/yoast.com\/product\/yoast-seo-wordpress\/ -->\n<title>Acopladores autom\u00e1ticos - LAF<\/title>\n<meta name=\"robots\" content=\"index, follow, max-snippet:-1, max-image-preview:large, max-video-preview:-1\" \/>\n<link rel=\"canonical\" href=\"https:\/\/laf-lloyd.com\/es\/enganches-automaticos\/\" \/>\n<meta property=\"og:locale\" content=\"es_ES\" \/>\n<meta property=\"og:type\" content=\"article\" \/>\n<meta property=\"og:title\" content=\"Acopladores autom\u00e1ticos - LAF\" \/>\n<meta property=\"og:url\" content=\"https:\/\/laf-lloyd.com\/es\/enganches-automaticos\/\" \/>\n<meta property=\"og:site_name\" content=\"LAF\" \/>\n<meta property=\"article:modified_time\" content=\"2021-12-22T08:15:57+00:00\" \/>\n<meta name=\"twitter:card\" content=\"summary_large_image\" \/>\n<script type=\"application\/ld+json\" class=\"yoast-schema-graph\">{\"@context\":\"https:\\\/\\\/schema.org\",\"@graph\":[{\"@type\":\"WebPage\",\"@id\":\"https:\\\/\\\/laf-lloyd.com\\\/es\\\/enganches-automaticos\\\/\",\"url\":\"https:\\\/\\\/laf-lloyd.com\\\/es\\\/enganches-automaticos\\\/\",\"name\":\"Acopladores autom\u00e1ticos - LAF\",\"isPartOf\":{\"@id\":\"https:\\\/\\\/laf-lloyd.com\\\/es\\\/#website\"},\"datePublished\":\"2020-12-18T10:09:59+00:00\",\"dateModified\":\"2021-12-22T08:15:57+00:00\",\"inLanguage\":\"es-ES\",\"potentialAction\":[{\"@type\":\"ReadAction\",\"target\":[\"https:\\\/\\\/laf-lloyd.com\\\/es\\\/enganches-automaticos\\\/\"]}]},{\"@type\":\"WebSite\",\"@id\":\"https:\\\/\\\/laf-lloyd.com\\\/es\\\/#website\",\"url\":\"https:\\\/\\\/laf-lloyd.com\\\/es\\\/\",\"name\":\"LAF\",\"description\":\"A CIM Group company\",\"potentialAction\":[{\"@type\":\"SearchAction\",\"target\":{\"@type\":\"EntryPoint\",\"urlTemplate\":\"https:\\\/\\\/laf-lloyd.com\\\/es\\\/?s={search_term_string}\"},\"query-input\":{\"@type\":\"PropertyValueSpecification\",\"valueRequired\":true,\"valueName\":\"search_term_string\"}}],\"inLanguage\":\"es-ES\"}]}<\/script>\n<!-- \/ Yoast SEO plugin. -->","yoast_head_json":{"title":"Acopladores autom\u00e1ticos - LAF","robots":{"index":"index","follow":"follow","max-snippet":"max-snippet:-1","max-image-preview":"max-image-preview:large","max-video-preview":"max-video-preview:-1"},"canonical":"https:\/\/laf-lloyd.com\/es\/enganches-automaticos\/","og_locale":"es_ES","og_type":"article","og_title":"Acopladores autom\u00e1ticos - LAF","og_url":"https:\/\/laf-lloyd.com\/es\/enganches-automaticos\/","og_site_name":"LAF","article_modified_time":"2021-12-22T08:15:57+00:00","twitter_card":"summary_large_image","schema":{"@context":"https:\/\/schema.org","@graph":[{"@type":"WebPage","@id":"https:\/\/laf-lloyd.com\/es\/enganches-automaticos\/","url":"https:\/\/laf-lloyd.com\/es\/enganches-automaticos\/","name":"Acopladores autom\u00e1ticos - LAF","isPartOf":{"@id":"https:\/\/laf-lloyd.com\/es\/#website"},"datePublished":"2020-12-18T10:09:59+00:00","dateModified":"2021-12-22T08:15:57+00:00","inLanguage":"es-ES","potentialAction":[{"@type":"ReadAction","target":["https:\/\/laf-lloyd.com\/es\/enganches-automaticos\/"]}]},{"@type":"WebSite","@id":"https:\/\/laf-lloyd.com\/es\/#website","url":"https:\/\/laf-lloyd.com\/es\/","name":"LAF","description":"A CIM Group company","potentialAction":[{"@type":"SearchAction","target":{"@type":"EntryPoint","urlTemplate":"https:\/\/laf-lloyd.com\/es\/?s={search_term_string}"},"query-input":{"@type":"PropertyValueSpecification","valueRequired":true,"valueName":"search_term_string"}}],"inLanguage":"es-ES"}]}},"_links":{"self":[{"href":"https:\/\/laf-lloyd.com\/es\/wp-json\/wp\/v2\/pages\/1183","targetHints":{"allow":["GET"]}}],"collection":[{"href":"https:\/\/laf-lloyd.com\/es\/wp-json\/wp\/v2\/pages"}],"about":[{"href":"https:\/\/laf-lloyd.com\/es\/wp-json\/wp\/v2\/types\/page"}],"author":[{"embeddable":true,"href":"https:\/\/laf-lloyd.com\/es\/wp-json\/wp\/v2\/users\/4"}],"replies":[{"embeddable":true,"href":"https:\/\/laf-lloyd.com\/es\/wp-json\/wp\/v2\/comments?post=1183"}],"version-history":[{"count":8,"href":"https:\/\/laf-lloyd.com\/es\/wp-json\/wp\/v2\/pages\/1183\/revisions"}],"predecessor-version":[{"id":4284,"href":"https:\/\/laf-lloyd.com\/es\/wp-json\/wp\/v2\/pages\/1183\/revisions\/4284"}],"wp:attachment":[{"href":"https:\/\/laf-lloyd.com\/es\/wp-json\/wp\/v2\/media?parent=1183"}],"curies":[{"name":"wp","href":"https:\/\/api.w.org\/{rel}","templated":true}]}}