{"id":1196,"date":"2020-12-18T11:41:04","date_gmt":"2020-12-18T10:41:04","guid":{"rendered":"https:\/\/laf-lloyd.com\/?page_id=1196"},"modified":"2022-02-28T16:38:22","modified_gmt":"2022-02-28T15:38:22","slug":"oficina-de-estudios","status":"publish","type":"page","link":"https:\/\/laf-lloyd.com\/es\/oficina-de-estudios\/","title":{"rendered":"Oficina de Estudios"},"content":{"rendered":"\r\n<div class=\"cim-header\" style=\"background-image:url(https:\/\/laf-lloyd.com\/wp-content\/uploads\/2021\/10\/header-news-LAF-gris-1.png);\">\r\n\t\t<div class=\"bottom-shape\"><\/div>\r\n\t<div class=\"container\">\r\n\t\t\t\t\t<div class=\"breadcrumb\">\r\n\t\t\t\t<ul>\r\n\t\t\t\t\t\t\t\t\t\t\t\t<li><a href=\"https:\/\/laf-lloyd.com\/es\/\">Home<\/a><\/li>\r\n\t\t\t\t\t\t\t\t\t\t\t\t\t\t<li><span>Oficina de Estudios<\/span><\/li>\r\n\t\t\t\t\t\t\t\t\t\t\t<\/ul>\r\n\t\t\t<\/div>\r\n\t\t\t\t\t\r\n\t\t<div class=\"row\">\r\n\t\t\t<div class=\"col-12 col-lg-9\">\r\n\t\t\t\t<h1>Siempre tengo<br>un <strong>tren<\/strong> por delante<\/h1>\r\n\t\t\t<\/div>\r\n\t\t<\/div>\r\n\t<\/div>\r\n<\/div>\n\n\n<div class=\"wp-block-columns is-layout-flex wp-container-core-columns-is-layout-9d6595d7 wp-block-columns-is-layout-flex\">\n<div class=\"wp-block-column is-layout-flow wp-block-column-is-layout-flow\" style=\"flex-basis:20%\"><\/div>\n\n\n\n<div class=\"wp-block-column is-layout-flow wp-block-column-is-layout-flow\" style=\"flex-basis:60%\"><div class=\"cim-intro\">\r\n\t<div class=\"container\">\r\n\t\tCon m\u00e1s de 90 a\u00f1os de experiencia en la concepci\u00f3n de enganches y otros sistemas ferroviarios, nuestro departamento de dise\u00f1o es uno de los m\u00e1s competentes del sector. Los expertos t\u00e9cnicos de LAF dise\u00f1an y desarrollan productos espec\u00edficos que satisfacen cualquier tipo de requisito y cualquier especificidad del cliente.\t<\/div>\r\n<\/div>\n\n<div class=\"cim-colored-container red\" style=\"margin-top:30px;z-index:2;\">\r\n    <div class=\"colored-container-inner\">\r\n        \n<div class=\"simple-text \">\r\n\t\r\n\t<div class=\"container\">\r\n\t\t<div class=\"row\">\r\n\t\t\t<div class=\"col-1 decorator\"><\/div>\r\n\t\t\t<div class=\"col\">\r\n\t\t\t\t <h2>Un equipo de<strong> expertos<\/strong><\/h2> \t\t\t\t <div class=\"text\"><p>LAF re\u00fane a los mejores expertos en dise\u00f1o de enganches del mercado. Nuestra oficina de dise\u00f1o se beneficia de :<\/p><\/div> \t\t\t\t<div class=\"ctas\">\r\n\t\t\t\t\t\t\t\t\t<\/div>\r\n\t\t\t<\/div>\r\n\t\t\t\r\n\t\t<\/div>\r\n\t<\/div>\r\n<\/div>\r\n\r\n\n\n<div class=\"cim-list-icn\">\r\n\t<div class=\"container\">\r\n\t\t\t\t\r\n\t\t<div class=\"elements\">\r\n\t\t\t\t\t\t\t\t<div class=\"element\">\r\n\t\t\t\t\t\t<div class=\"row\">\r\n\t\t\t\t\t\t\t<div class=\"col-1\">\r\n\t\t\t\t\t\t\t\t\t\t\t\t\t\t\t\t\t<img decoding=\"async\" src=\"https:\/\/laf-lloyd.com\/wp-content\/uploads\/2020\/02\/icn-house-key-w.svg\">\r\n\t\t\t\t\t\t\t\t\t\t\t\t\t\t\t\t<\/div>\r\n\t\t\t\t\t\t\t<div class=\"col-11\">\r\n\t\t\t\t\t\t\t\t<h3>experiencia inigualable en acoplamientos ferroviarios,<\/h3>\t\t\t\t\t\t\t\t<p><\/p>\t\t\t\t\t\t\t<\/div>\r\n\t\t\t\t\t\t<\/div>\r\n\t\t\t\t\t<\/div>\r\n\t\t\t\t\t\t\t\t\t\t<div class=\"element\">\r\n\t\t\t\t\t\t<div class=\"row\">\r\n\t\t\t\t\t\t\t<div class=\"col-1\">\r\n\t\t\t\t\t\t\t\t\t\t\t\t\t\t\t\t\t<img decoding=\"async\" src=\"https:\/\/laf-lloyd.com\/wp-content\/uploads\/2020\/02\/icn-sketch-w.svg\">\r\n\t\t\t\t\t\t\t\t\t\t\t\t\t\t\t\t<\/div>\r\n\t\t\t\t\t\t\t<div class=\"col-11\">\r\n\t\t\t\t\t\t\t\t<h3>un s\u00f3lido conocimiento de los requisitos normativos del sector,<\/h3>\t\t\t\t\t\t\t\t<p><\/p>\t\t\t\t\t\t\t<\/div>\r\n\t\t\t\t\t\t<\/div>\r\n\t\t\t\t\t<\/div>\r\n\t\t\t\t\t\t\t\t\t\t<div class=\"element\">\r\n\t\t\t\t\t\t<div class=\"row\">\r\n\t\t\t\t\t\t\t<div class=\"col-1\">\r\n\t\t\t\t\t\t\t\t\t\t\t\t\t\t\t\t\t<img decoding=\"async\" src=\"https:\/\/laf-lloyd.com\/wp-content\/uploads\/2020\/02\/icn-analysis-w.svg\">\r\n\t\t\t\t\t\t\t\t\t\t\t\t\t\t\t\t<\/div>\r\n\t\t\t\t\t\t\t<div class=\"col-11\">\r\n\t\t\t\t\t\t\t\t<h3>y de un deseo constante de desarrollar soluciones para nuestros clientes.<\/h3>\t\t\t\t\t\t\t\t<p><\/p>\t\t\t\t\t\t\t<\/div>\r\n\t\t\t\t\t\t<\/div>\r\n\t\t\t\t\t<\/div>\r\n\t\t\t\t\t\t\t<\/div>\r\n\t<\/div>\r\n<\/div>\n\n\n<p>Constantemente en busca de nuevos desaf\u00edos, nos comprometemos a brindarle la respuesta m\u00e1s competitiva que mejor se adapte a su problema.<meta charset=\"utf-8\"><\/p>\n\n    <\/div>\r\n<\/div>\r\n\n\n<div class=\"cim-colored-container dark-blue\" style=\"margin-top:-100px;z-index:2;\">\r\n    <div class=\"colored-container-inner\">\r\n        \n<div class=\"simple-text \">\r\n\t\r\n\t<div class=\"container\">\r\n\t\t<div class=\"row\">\r\n\t\t\t<div class=\"col-1 decorator\"><\/div>\r\n\t\t\t<div class=\"col\">\r\n\t\t\t\t <h2>Herramientas<br><strong>dise\u00f1ar y simular<\/strong><\/h2> \t\t\t\t <div class=\"text\"><p>Las competencias de nuestro equipo tambi\u00e9n se apoyan en herramientas inform\u00e1ticas adaptadas al dise\u00f1o de soluciones robustas.<\/p><p>Los programas de dise\u00f1o en 3D y de c\u00e1lculo nos permiten dise\u00f1ar componentes complejos que responden a requisitos t\u00e9cnicos exigentes. En funci\u00f3n de las solicitudes del cliente, nuestro departamento de dise\u00f1o puede proponer<\/p><\/div> \t\t\t\t<div class=\"ctas\">\r\n\t\t\t\t\t\t\t\t\t<\/div>\r\n\t\t\t<\/div>\r\n\t\t\t\r\n\t\t<\/div>\r\n\t<\/div>\r\n<\/div>\r\n\r\n\n\n<div class=\"cim-simple-list  bullet-red\">\r\n    <ul>\r\n        <li>informes de an\u00e1lisis de elementos finitos,<\/li><li>pruebas en laboratorios certificados, con subcontratistas especializados, cualquier tipo de an\u00e1lisis complementario.<\/li>    <\/ul>\r\n<\/div>\r\n\n\n<div class=\"simple-text \">\r\n\t\r\n\t<div class=\"container\">\r\n\t\t<div class=\"row\">\r\n\t\t\t<div class=\"col-1 decorator\"><\/div>\r\n\t\t\t<div class=\"col\">\r\n\t\t\t\t\t\t\t\t <div class=\"text\"><p><strong>\u00bfNuestro objetivo?<\/strong> Satisfacer todos los requisitos t\u00e9cnicos de nuestros clientes y validar nuestros productos antes de su puesta en servicio para garantizar una calidad y una fiabilidad inigualables<\/p><\/div> \t\t\t\t<div class=\"ctas\">\r\n\t\t\t\t\t\t\t\t\t<\/div>\r\n\t\t\t<\/div>\r\n\t\t\t\r\n\t\t<\/div>\r\n\t<\/div>\r\n<\/div>\r\n\r\n\n\n\n<p><\/p>\n\n    <\/div>\r\n<\/div>\r\n<\/div>\n\n\n\n<div class=\"wp-block-column is-layout-flow wp-block-column-is-layout-flow\" style=\"flex-basis:20%\"><\/div>\n<\/div>\n","protected":false},"excerpt":{"rendered":"","protected":false},"author":4,"featured_media":0,"parent":0,"menu_order":0,"comment_status":"closed","ping_status":"closed","template":"","meta":{"_acf_changed":false,"footnotes":""},"class_list":["post-1196","page","type-page","status-publish","hentry"],"acf":[],"yoast_head":"<!-- This site is optimized with the Yoast SEO plugin v27.4 - https:\/\/yoast.com\/product\/yoast-seo-wordpress\/ -->\n<title>Oficina de Estudios - LAF<\/title>\n<meta name=\"robots\" content=\"index, follow, max-snippet:-1, max-image-preview:large, max-video-preview:-1\" \/>\n<link rel=\"canonical\" href=\"https:\/\/laf-lloyd.com\/es\/oficina-de-estudios\/\" \/>\n<meta property=\"og:locale\" content=\"es_ES\" \/>\n<meta property=\"og:type\" content=\"article\" \/>\n<meta property=\"og:title\" content=\"Oficina de Estudios - LAF\" \/>\n<meta property=\"og:url\" content=\"https:\/\/laf-lloyd.com\/es\/oficina-de-estudios\/\" \/>\n<meta property=\"og:site_name\" content=\"LAF\" \/>\n<meta property=\"article:modified_time\" content=\"2022-02-28T15:38:22+00:00\" \/>\n<meta name=\"twitter:card\" content=\"summary_large_image\" \/>\n<meta name=\"twitter:label1\" content=\"Tiempo de lectura\" \/>\n\t<meta name=\"twitter:data1\" content=\"1 minute\" \/>\n<script type=\"application\/ld+json\" class=\"yoast-schema-graph\">{\"@context\":\"https:\\\/\\\/schema.org\",\"@graph\":[{\"@type\":\"WebPage\",\"@id\":\"https:\\\/\\\/laf-lloyd.com\\\/es\\\/oficina-de-estudios\\\/\",\"url\":\"https:\\\/\\\/laf-lloyd.com\\\/es\\\/oficina-de-estudios\\\/\",\"name\":\"Oficina de Estudios - LAF\",\"isPartOf\":{\"@id\":\"https:\\\/\\\/laf-lloyd.com\\\/es\\\/#website\"},\"datePublished\":\"2020-12-18T10:41:04+00:00\",\"dateModified\":\"2022-02-28T15:38:22+00:00\",\"inLanguage\":\"es-ES\",\"potentialAction\":[{\"@type\":\"ReadAction\",\"target\":[\"https:\\\/\\\/laf-lloyd.com\\\/es\\\/oficina-de-estudios\\\/\"]}]},{\"@type\":\"WebSite\",\"@id\":\"https:\\\/\\\/laf-lloyd.com\\\/es\\\/#website\",\"url\":\"https:\\\/\\\/laf-lloyd.com\\\/es\\\/\",\"name\":\"LAF\",\"description\":\"A CIM Group company\",\"potentialAction\":[{\"@type\":\"SearchAction\",\"target\":{\"@type\":\"EntryPoint\",\"urlTemplate\":\"https:\\\/\\\/laf-lloyd.com\\\/es\\\/?s={search_term_string}\"},\"query-input\":{\"@type\":\"PropertyValueSpecification\",\"valueRequired\":true,\"valueName\":\"search_term_string\"}}],\"inLanguage\":\"es-ES\"}]}<\/script>\n<!-- \/ Yoast SEO plugin. -->","yoast_head_json":{"title":"Oficina de Estudios - LAF","robots":{"index":"index","follow":"follow","max-snippet":"max-snippet:-1","max-image-preview":"max-image-preview:large","max-video-preview":"max-video-preview:-1"},"canonical":"https:\/\/laf-lloyd.com\/es\/oficina-de-estudios\/","og_locale":"es_ES","og_type":"article","og_title":"Oficina de Estudios - LAF","og_url":"https:\/\/laf-lloyd.com\/es\/oficina-de-estudios\/","og_site_name":"LAF","article_modified_time":"2022-02-28T15:38:22+00:00","twitter_card":"summary_large_image","twitter_misc":{"Tiempo de lectura":"1 minute"},"schema":{"@context":"https:\/\/schema.org","@graph":[{"@type":"WebPage","@id":"https:\/\/laf-lloyd.com\/es\/oficina-de-estudios\/","url":"https:\/\/laf-lloyd.com\/es\/oficina-de-estudios\/","name":"Oficina de Estudios - LAF","isPartOf":{"@id":"https:\/\/laf-lloyd.com\/es\/#website"},"datePublished":"2020-12-18T10:41:04+00:00","dateModified":"2022-02-28T15:38:22+00:00","inLanguage":"es-ES","potentialAction":[{"@type":"ReadAction","target":["https:\/\/laf-lloyd.com\/es\/oficina-de-estudios\/"]}]},{"@type":"WebSite","@id":"https:\/\/laf-lloyd.com\/es\/#website","url":"https:\/\/laf-lloyd.com\/es\/","name":"LAF","description":"A CIM Group company","potentialAction":[{"@type":"SearchAction","target":{"@type":"EntryPoint","urlTemplate":"https:\/\/laf-lloyd.com\/es\/?s={search_term_string}"},"query-input":{"@type":"PropertyValueSpecification","valueRequired":true,"valueName":"search_term_string"}}],"inLanguage":"es-ES"}]}},"_links":{"self":[{"href":"https:\/\/laf-lloyd.com\/es\/wp-json\/wp\/v2\/pages\/1196","targetHints":{"allow":["GET"]}}],"collection":[{"href":"https:\/\/laf-lloyd.com\/es\/wp-json\/wp\/v2\/pages"}],"about":[{"href":"https:\/\/laf-lloyd.com\/es\/wp-json\/wp\/v2\/types\/page"}],"author":[{"embeddable":true,"href":"https:\/\/laf-lloyd.com\/es\/wp-json\/wp\/v2\/users\/4"}],"replies":[{"embeddable":true,"href":"https:\/\/laf-lloyd.com\/es\/wp-json\/wp\/v2\/comments?post=1196"}],"version-history":[{"count":4,"href":"https:\/\/laf-lloyd.com\/es\/wp-json\/wp\/v2\/pages\/1196\/revisions"}],"predecessor-version":[{"id":4551,"href":"https:\/\/laf-lloyd.com\/es\/wp-json\/wp\/v2\/pages\/1196\/revisions\/4551"}],"wp:attachment":[{"href":"https:\/\/laf-lloyd.com\/es\/wp-json\/wp\/v2\/media?parent=1196"}],"curies":[{"name":"wp","href":"https:\/\/api.w.org\/{rel}","templated":true}]}}