{"id":2678,"date":"2021-10-05T18:19:31","date_gmt":"2021-10-05T16:19:31","guid":{"rendered":"https:\/\/laf-lloyd.com\/engagement-de-qualite\/"},"modified":"2021-11-18T09:53:08","modified_gmt":"2021-11-18T08:53:08","slug":"nuestro-compromiso-de-calidad","status":"publish","type":"page","link":"https:\/\/laf-lloyd.com\/es\/nuestro-compromiso-de-calidad\/","title":{"rendered":"Nuestro compromiso de calidad"},"content":{"rendered":"\r\n<div class=\"cim-header\" style=\"background-image:url(https:\/\/laf-lloyd.com\/wp-content\/uploads\/2021\/10\/header-news-LAF-gris-1.png);\">\r\n\t\t<div class=\"bottom-shape\"><\/div>\r\n\t<div class=\"container\">\r\n\t\t\t\t\t<div class=\"breadcrumb\">\r\n\t\t\t\t<ul>\r\n\t\t\t\t\t\t\t\t\t\t\t\t<li><a href=\"https:\/\/laf-lloyd.com\/es\/\">Home<\/a><\/li>\r\n\t\t\t\t\t\t\t\t\t\t\t\t\t\t<li><span>Nuestro compromiso de calidad<\/span><\/li>\r\n\t\t\t\t\t\t\t\t\t\t\t<\/ul>\r\n\t\t\t<\/div>\r\n\t\t\t\t\t\r\n\t\t<div class=\"row\">\r\n\t\t\t<div class=\"col-12 col-lg-9\">\r\n\t\t\t\t<h1>Nuestro compromiso de calidad<\/h1>\r\n\t\t\t<\/div>\r\n\t\t<\/div>\r\n\t<\/div>\r\n<\/div>\n\n\r\n<div class=\"summary-section \">\r\n\t<div class=\"container-fluid\">\r\n\t\t<div class=\"row\">\r\n\t\t\r\n                            <div class=\"col-12 col-lg-3 h-100\">\r\n                    <div class=\"summary\">\r\n                        <div class=\"top-shape\"><\/div>\r\n                            <ul>\r\n\t\t\t\t\t\t\t\t\r\n                                                                    <li><a href=\"#la-calidad-nuestra-marca-de-fabrica\">La calidad, nuestra marca de f\u00e1brica<\/a><\/li>\r\n                                                                        <li><a href=\"#un-certificado-en-4-puntos\">Un certificado en 4 puntos<\/a><\/li>\r\n                                                                        <li><a href=\"#una-organizacion-interna-dedicada\">Una organizaci\u00f3n interna dedicada<\/a><\/li>\r\n                                                                <\/ul>\r\n                    <\/div>\r\n                <\/div>\r\n                \r\n\t\t\t<div class=\"col-12 col-lg-9 h-100\">\r\n\t\t\t\t<div class=\"summary-section-content\">\r\n\t\t\t\t\t\n<div class=\"cim-intro\">\r\n\t<div class=\"container\">\r\n\t\tCertificado ISO 9001 desde hace muchos a\u00f1os, LAF ha puesto en marcha un sistema de gesti\u00f3n de calidad (SMQ) que le permite estar al d\u00eda con las \u00faltimas exigencias en materia de conformidad. Con un objetivo: dise\u00f1ar y fabricar \u00f3rganos de seguridad conformes con la ley, de calidad y competitivos.\t<\/div>\r\n<\/div>\n\n<div class=\"simple-text bg-red\">\r\n\t\r\n\t<div class=\"container\">\r\n\t\t<div class=\"row\">\r\n\t\t\t<div class=\"col-1 decorator\"><\/div>\r\n\t\t\t<div class=\"col\">\r\n\t\t\t\t <h2 id=\"la-calidad-nuestra-marca-de-fabrica\"><meta charset=\"utf-8\">La calidad, nuestra marca de f\u00e1brica<\/h2> \t\t\t\t <div class=\"text\"><p>LAF ha estado entre las primeras divisiones de CIM para comprometerse con una gesti\u00f3n de certificado ISO.<\/p><\/div> \t\t\t\t<div class=\"ctas\">\r\n\t\t\t\t\t\t\t\t\t<\/div>\r\n\t\t\t<\/div>\r\n\t\t\t\r\n\t\t<\/div>\r\n\t<\/div>\r\n<\/div>\r\n\r\n\n\n<div class=\"cim-list-icn\">\r\n\t<div class=\"container\">\r\n\t\t\t\t\t<h2 id=\"un-certificado-en-4-puntos\">Un certificado en 4 puntos<\/h2>\r\n\t\t\t\t\t\t<div class=\"text\">Hemos puesto en pr\u00e1ctica una pol\u00edtica que pretende lo siguiente:<\/div>\r\n\t\t\t\t\t\r\n\t\t<div class=\"elements\">\r\n\t\t\t\t\t\t\t\t<div class=\"element\">\r\n\t\t\t\t\t\t<div class=\"row\">\r\n\t\t\t\t\t\t\t<div class=\"col-1\">\r\n\t\t\t\t\t\t\t\t\t\t\t\t\t\t\t\t\t<img decoding=\"async\" src=\"https:\/\/laf-lloyd.com\/wp-content\/uploads\/2020\/10\/ecoute.jpg\">\r\n\t\t\t\t\t\t\t\t\t\t\t\t\t\t\t\t<\/div>\r\n\t\t\t\t\t\t\t<div class=\"col-11\">\r\n\t\t\t\t\t\t\t\t<h3>Satisfacer a nuestros clientes respondiendo a sus exigencias<\/h3>\t\t\t\t\t\t\t\t<p><\/p>\t\t\t\t\t\t\t<\/div>\r\n\t\t\t\t\t\t<\/div>\r\n\t\t\t\t\t<\/div>\r\n\t\t\t\t\t\t\t\t\t\t<div class=\"element\">\r\n\t\t\t\t\t\t<div class=\"row\">\r\n\t\t\t\t\t\t\t<div class=\"col-1\">\r\n\t\t\t\t\t\t\t\t\t\t\t\t\t\t\t\t\t<img decoding=\"async\" src=\"https:\/\/laf-lloyd.com\/wp-content\/uploads\/2020\/10\/satisfaction.jpg\">\r\n\t\t\t\t\t\t\t\t\t\t\t\t\t\t\t\t<\/div>\r\n\t\t\t\t\t\t\t<div class=\"col-11\">\r\n\t\t\t\t\t\t\t\t<h3>Medir el rendimiento de nuestros procesos con fines de eficacia<\/h3>\t\t\t\t\t\t\t\tdesarrollo de la satisfacci\u00f3n del cliente,\t\t\t\t\t\t\t<\/div>\r\n\t\t\t\t\t\t<\/div>\r\n\t\t\t\t\t<\/div>\r\n\t\t\t\t\t\t\t\t\t\t<div class=\"element\">\r\n\t\t\t\t\t\t<div class=\"row\">\r\n\t\t\t\t\t\t\t<div class=\"col-1\">\r\n\t\t\t\t\t\t\t\t\t\t\t\t\t\t\t\t\t<img decoding=\"async\" src=\"https:\/\/laf-lloyd.com\/wp-content\/uploads\/2020\/10\/strategie.jpg\">\r\n\t\t\t\t\t\t\t\t\t\t\t\t\t\t\t\t<\/div>\r\n\t\t\t\t\t\t\t<div class=\"col-11\">\r\n\t\t\t\t\t\t\t\t<h3>Respetar las exigencias normativas, reglamentarias y legales de cada pa\u00eds<\/h3>\t\t\t\t\t\t\t\timplementaci\u00f3n de una estrategia comercial efectiva vinculada al an\u00e1lisis de riesgos y la mejora continua,\t\t\t\t\t\t\t<\/div>\r\n\t\t\t\t\t\t<\/div>\r\n\t\t\t\t\t<\/div>\r\n\t\t\t\t\t\t\t\t\t\t<div class=\"element\">\r\n\t\t\t\t\t\t<div class=\"row\">\r\n\t\t\t\t\t\t\t<div class=\"col-1\">\r\n\t\t\t\t\t\t\t\t\t\t\t\t\t\t\t\t\t<img decoding=\"async\" src=\"https:\/\/laf-lloyd.com\/wp-content\/uploads\/2020\/10\/performance.jpg\">\r\n\t\t\t\t\t\t\t\t\t\t\t\t\t\t\t\t<\/div>\r\n\t\t\t\t\t\t\t<div class=\"col-11\">\r\n\t\t\t\t\t\t\t\t<h3>Mejorar constantemente nuestro SMQ y el profesionalismo de nuestro equipo<\/h3>\t\t\t\t\t\t\t\tmedir el desempe\u00f1o de nuestros procesos a trav\u00e9s de objetivos identificados para llevar a cabo la estrategia, asegurando el cumplimiento de los requisitos normativos, regulatorios y legales,\t\t\t\t\t\t\t<\/div>\r\n\t\t\t\t\t\t<\/div>\r\n\t\t\t\t\t<\/div>\r\n\t\t\t\t\t\t\t<\/div>\r\n\t<\/div>\r\n<\/div>\n\n\n<p>Para complementar esta gesti\u00f3n interna, LAF solamente colabora con proveedores que cuentan con certificado ISO 9001 y que est\u00e1n reconocidos por su conocimiento.<\/p>\n\n\n<div class=\"simple-text bg-red\">\r\n\t\r\n\t<div class=\"container\">\r\n\t\t<div class=\"row\">\r\n\t\t\t<div class=\"col-1 decorator\"><\/div>\r\n\t\t\t<div class=\"col\">\r\n\t\t\t\t <h2 id=\"una-organizacion-interna-dedicada\">Una organizaci\u00f3n interna dedicada<\/h2> \t\t\t\t <div class=\"text\"><p>Para garantizar esta gesti\u00f3n, un responsable de calidad est\u00e1 encargado de mantener actualizado el manual de calidad registrando el conjunto de los procedimientos y velar por su mejora continua.<\/p><p>La calidad, \u00a1nuestra marca de f\u00e1brica!<\/p><\/div> \t\t\t\t<div class=\"ctas\">\r\n\t\t\t\t\t\t\t\t\t<\/div>\r\n\t\t\t<\/div>\r\n\t\t\t\r\n\t\t<\/div>\r\n\t<\/div>\r\n<\/div>\r\n\r\n\n\t\t\t\t<\/div>\r\n\t\t\t<\/div>\r\n\t\t<\/div>\r\n\t<\/div>\r\n<\/div>\r\n\n\n\n<p><\/p>\n","protected":false},"excerpt":{"rendered":"","protected":false},"author":5,"featured_media":0,"parent":0,"menu_order":0,"comment_status":"closed","ping_status":"closed","template":"","meta":{"_acf_changed":false,"footnotes":""},"class_list":["post-2678","page","type-page","status-publish","hentry"],"acf":[],"yoast_head":"<!-- This site is optimized with the Yoast SEO plugin v27.4 - https:\/\/yoast.com\/product\/yoast-seo-wordpress\/ -->\n<title>Nuestro compromiso de calidad - LAF<\/title>\n<meta name=\"robots\" content=\"index, follow, max-snippet:-1, max-image-preview:large, max-video-preview:-1\" \/>\n<link rel=\"canonical\" href=\"https:\/\/laf-lloyd.com\/es\/nuestro-compromiso-de-calidad\/\" \/>\n<meta property=\"og:locale\" content=\"es_ES\" \/>\n<meta property=\"og:type\" content=\"article\" \/>\n<meta property=\"og:title\" content=\"Nuestro compromiso de calidad - LAF\" \/>\n<meta property=\"og:url\" content=\"https:\/\/laf-lloyd.com\/es\/nuestro-compromiso-de-calidad\/\" \/>\n<meta property=\"og:site_name\" content=\"LAF\" \/>\n<meta property=\"article:modified_time\" content=\"2021-11-18T08:53:08+00:00\" \/>\n<meta name=\"twitter:card\" content=\"summary_large_image\" \/>\n<meta name=\"twitter:label1\" content=\"Tiempo de lectura\" \/>\n\t<meta name=\"twitter:data1\" content=\"1 minute\" \/>\n<script type=\"application\/ld+json\" class=\"yoast-schema-graph\">{\"@context\":\"https:\\\/\\\/schema.org\",\"@graph\":[{\"@type\":\"WebPage\",\"@id\":\"https:\\\/\\\/laf-lloyd.com\\\/es\\\/nuestro-compromiso-de-calidad\\\/\",\"url\":\"https:\\\/\\\/laf-lloyd.com\\\/es\\\/nuestro-compromiso-de-calidad\\\/\",\"name\":\"Nuestro compromiso de calidad - LAF\",\"isPartOf\":{\"@id\":\"https:\\\/\\\/laf-lloyd.com\\\/es\\\/#website\"},\"datePublished\":\"2021-10-05T16:19:31+00:00\",\"dateModified\":\"2021-11-18T08:53:08+00:00\",\"inLanguage\":\"es-ES\",\"potentialAction\":[{\"@type\":\"ReadAction\",\"target\":[\"https:\\\/\\\/laf-lloyd.com\\\/es\\\/nuestro-compromiso-de-calidad\\\/\"]}]},{\"@type\":\"WebSite\",\"@id\":\"https:\\\/\\\/laf-lloyd.com\\\/es\\\/#website\",\"url\":\"https:\\\/\\\/laf-lloyd.com\\\/es\\\/\",\"name\":\"LAF\",\"description\":\"A CIM Group company\",\"potentialAction\":[{\"@type\":\"SearchAction\",\"target\":{\"@type\":\"EntryPoint\",\"urlTemplate\":\"https:\\\/\\\/laf-lloyd.com\\\/es\\\/?s={search_term_string}\"},\"query-input\":{\"@type\":\"PropertyValueSpecification\",\"valueRequired\":true,\"valueName\":\"search_term_string\"}}],\"inLanguage\":\"es-ES\"}]}<\/script>\n<!-- \/ Yoast SEO plugin. -->","yoast_head_json":{"title":"Nuestro compromiso de calidad - LAF","robots":{"index":"index","follow":"follow","max-snippet":"max-snippet:-1","max-image-preview":"max-image-preview:large","max-video-preview":"max-video-preview:-1"},"canonical":"https:\/\/laf-lloyd.com\/es\/nuestro-compromiso-de-calidad\/","og_locale":"es_ES","og_type":"article","og_title":"Nuestro compromiso de calidad - LAF","og_url":"https:\/\/laf-lloyd.com\/es\/nuestro-compromiso-de-calidad\/","og_site_name":"LAF","article_modified_time":"2021-11-18T08:53:08+00:00","twitter_card":"summary_large_image","twitter_misc":{"Tiempo de lectura":"1 minute"},"schema":{"@context":"https:\/\/schema.org","@graph":[{"@type":"WebPage","@id":"https:\/\/laf-lloyd.com\/es\/nuestro-compromiso-de-calidad\/","url":"https:\/\/laf-lloyd.com\/es\/nuestro-compromiso-de-calidad\/","name":"Nuestro compromiso de calidad - LAF","isPartOf":{"@id":"https:\/\/laf-lloyd.com\/es\/#website"},"datePublished":"2021-10-05T16:19:31+00:00","dateModified":"2021-11-18T08:53:08+00:00","inLanguage":"es-ES","potentialAction":[{"@type":"ReadAction","target":["https:\/\/laf-lloyd.com\/es\/nuestro-compromiso-de-calidad\/"]}]},{"@type":"WebSite","@id":"https:\/\/laf-lloyd.com\/es\/#website","url":"https:\/\/laf-lloyd.com\/es\/","name":"LAF","description":"A CIM Group company","potentialAction":[{"@type":"SearchAction","target":{"@type":"EntryPoint","urlTemplate":"https:\/\/laf-lloyd.com\/es\/?s={search_term_string}"},"query-input":{"@type":"PropertyValueSpecification","valueRequired":true,"valueName":"search_term_string"}}],"inLanguage":"es-ES"}]}},"_links":{"self":[{"href":"https:\/\/laf-lloyd.com\/es\/wp-json\/wp\/v2\/pages\/2678","targetHints":{"allow":["GET"]}}],"collection":[{"href":"https:\/\/laf-lloyd.com\/es\/wp-json\/wp\/v2\/pages"}],"about":[{"href":"https:\/\/laf-lloyd.com\/es\/wp-json\/wp\/v2\/types\/page"}],"author":[{"embeddable":true,"href":"https:\/\/laf-lloyd.com\/es\/wp-json\/wp\/v2\/users\/5"}],"replies":[{"embeddable":true,"href":"https:\/\/laf-lloyd.com\/es\/wp-json\/wp\/v2\/comments?post=2678"}],"version-history":[{"count":9,"href":"https:\/\/laf-lloyd.com\/es\/wp-json\/wp\/v2\/pages\/2678\/revisions"}],"predecessor-version":[{"id":3968,"href":"https:\/\/laf-lloyd.com\/es\/wp-json\/wp\/v2\/pages\/2678\/revisions\/3968"}],"wp:attachment":[{"href":"https:\/\/laf-lloyd.com\/es\/wp-json\/wp\/v2\/media?parent=2678"}],"curies":[{"name":"wp","href":"https:\/\/api.w.org\/{rel}","templated":true}]}}