{"id":2707,"date":"2021-10-05T18:28:19","date_gmt":"2021-10-05T16:28:19","guid":{"rendered":"https:\/\/laf-lloyd.com\/barre-d-attelage\/"},"modified":"2021-12-22T09:16:32","modified_gmt":"2021-12-22T08:16:32","slug":"barras-de-enganches","status":"publish","type":"page","link":"https:\/\/laf-lloyd.com\/es\/barras-de-enganches\/","title":{"rendered":"Barras de tiro"},"content":{"rendered":"\r\n<div class=\"cim-header\" style=\"background-image:url(https:\/\/laf-lloyd.com\/wp-content\/uploads\/2021\/10\/header-news-LAF-gris-1.png);\">\r\n\t\t<div class=\"bottom-shape\"><\/div>\r\n\t<div class=\"container\">\r\n\t\t\t\t\t<div class=\"breadcrumb\">\r\n\t\t\t\t<ul>\r\n\t\t\t\t\t\t\t\t\t\t\t\t<li><a href=\"https:\/\/laf-lloyd.com\/es\/\">Home<\/a><\/li>\r\n\t\t\t\t\t\t\t\t\t\t\t\t\t\t<li><span>Barras de tiro<\/span><\/li>\r\n\t\t\t\t\t\t\t\t\t\t\t<\/ul>\r\n\t\t\t<\/div>\r\n\t\t\t\t\t\r\n\t\t<div class=\"row\">\r\n\t\t\t<div class=\"col-12 col-lg-9\">\r\n\t\t\t\t<h1>\u00a1Calidad en barras!<\/h1>\r\n\t\t\t<\/div>\r\n\t\t<\/div>\r\n\t<\/div>\r\n<\/div>\n\n\n<div class=\"wp-block-columns is-layout-flex wp-container-core-columns-is-layout-9d6595d7 wp-block-columns-is-layout-flex\">\n<div class=\"wp-block-column is-layout-flow wp-block-column-is-layout-flow\" style=\"flex-basis:100%\">\n<div class=\"wp-block-columns is-layout-flex wp-container-core-columns-is-layout-9d6595d7 wp-block-columns-is-layout-flex\">\n<div class=\"wp-block-column is-layout-flow wp-block-column-is-layout-flow\"><div class=\"simple-text \">\r\n\t\r\n\t<div class=\"container\">\r\n\t\t<div class=\"row\">\r\n\t\t\t<div class=\"col-1 decorator\"><\/div>\r\n\t\t\t<div class=\"col\">\r\n\t\t\t\t\t\t\t\t <div class=\"text\"><p>LAF dise\u00f1a y fabrica las barras de enganches m\u00e1s sofisticadas del mercado. Barras monobloque permanente, regulables en longitud o divisibles: sea cual fuere su material ferroviario, encontrar\u00e1 la soluci\u00f3n que le convenga.<\/p><\/div> \t\t\t\t<div class=\"ctas\">\r\n\t\t\t\t\t\t\t\t\t<\/div>\r\n\t\t\t<\/div>\r\n\t\t\t\r\n\t\t<\/div>\r\n\t<\/div>\r\n<\/div>\r\n\r\n<\/div>\n<\/div>\n<\/div>\n<\/div>\n\n\n<div class=\"cim-columns\">\r\n\t<div class=\"container\">\r\n\t\t\t\t\r\n\t\t\r\n\t\t<div class=\"row\">\r\n\t\t\t\t\t\t\t<div class=\"col-12 col-lg-4\">\r\n\t\t\t\t\t<div class=\"element\">\r\n\t\t\t\t\t\t<img decoding=\"async\" src=\"https:\/\/laf-lloyd.com\/wp-content\/uploads\/2021\/10\/15698-LAF_attelage_monobloc-609x106-1.jpeg\" \/>\t\t\t\t\t\t<h3>Barra monobloque permanente<\/h3>\t\t\t\t\t\t<div class=\"element-text\"><p>Las barras monobloque permanente permiten organizar los vagones en cupon y\/o articulados. De esta forma, en un contexto de alta competitividad propio en medio de un transporte ferroviario, esta soluci\u00f3n le proporciona un ahorro econ\u00f3mico nada desde\u00f1able. <\/p><p><strong>El + LAF: disminuci\u00f3n de costes de inversi\u00f3n y de mantenimiento.<\/strong><\/p><\/div>\t\t\t\t\t\t\t\t\t\t\t<\/div>\r\n\t\t\t\t<\/div>\r\n\t\t\t\t\t\t\t\t<div class=\"col-12 col-lg-4\">\r\n\t\t\t\t\t<div class=\"element\">\r\n\t\t\t\t\t\t<img decoding=\"async\" src=\"https:\/\/laf-lloyd.com\/wp-content\/uploads\/2021\/10\/14239-LAF_attelage_reglable-609x106-1.jpeg\" \/>\t\t\t\t\t\t<h3>Barra de longitud regulable permanente<\/h3>\t\t\t\t\t\t<div class=\"element-text\"><p>La organizaci\u00f3n en cupones depende del tipo de vagones utilizados. LAF ha desarrollado una barra regulable en longitud permanente que garantiza una articulaci\u00f3n excelente entre vagones y coches. <\/p><p><strong>El + LAF: utilizable sea cual sea la distancia entre los vagones, articulaci\u00f3n perfecta y permanente.<\/strong><\/p><p><\/p><\/div>\t\t\t\t\t\t\t\t\t\t\t<\/div>\r\n\t\t\t\t<\/div>\r\n\t\t\t\t\t\t\t\t<div class=\"col-12 col-lg-4\">\r\n\t\t\t\t\t<div class=\"element\">\r\n\t\t\t\t\t\t<img decoding=\"async\" src=\"https:\/\/laf-lloyd.com\/wp-content\/uploads\/2021\/10\/18632-LAF_attelage_secable-609x106-1.jpeg\" \/>\t\t\t\t\t\t<h3>Barra divisible<\/h3>\t\t\t\t\t\t<div class=\"element-text\"><p>Siempre a la escucha de las necesidades de nuestros clientes, hemos desarrollado un concepto de barra nuevo que conserva las ventajas de las barras permanentes permitiendo en todo momento el desenganche de los vagones en caso de ser necesario. Aut\u00e9ntica innovaci\u00f3n LAF, la barra divisible ha sido dise\u00f1ada sobre las mismas bases que la barra permanente pero posee una articulaci\u00f3n en el medio. <\/p><p><strong>El + LAF : resistencia, posibilidad de desacoplar los vagones.<\/strong><\/p><p><\/p><\/div>\t\t\t\t\t\t\t\t\t\t\t<\/div>\r\n\t\t\t\t<\/div>\r\n\t\t\t\t\t\t<\/div>\r\n\t<\/div>\r\n<\/div>\n\n<div class=\"cim-section\" style=\"background-image:url(https:\/\/laf-lloyd.com\/wp-content\/uploads\/2021\/03\/cim-projet.jpg);\">\r\n\t\t\t<div class=\"overlay\"><\/div>\r\n\t\t\t<div class=\"container\">\r\n\t\t<div class=\"row\">\r\n\t\t\t<div class=\"col-12 col-lg-6\">\r\n\t\t\t\t <h2><meta charset=\"utf-8\">Est\u00e9 siempre un paso por delante<\/h2> \t\t\t\t <div class=\"text\"><meta charset=\"utf-8\">Con m\u00e1s de 80 a\u00f1os de experiencia en el dise\u00f1o de acoplamientos y otros componentes ferroviarios, nuestra oficina de proyectos se encuentra entre las m\u00e1s avanzadas del sector. Por lo tanto, los expertos de LAF est\u00e1n desarrollando productos cada vez m\u00e1s innovadores para ayudarlo a mantenerse a la vanguardia de las tecnolog\u00edas actuales.<\/div> \t\t\t\t\t\t\t\t\t<div class=\"cta\">\r\n\t\t\t\t\t\t<a href=\"https:\/\/laf-lloyd.com\/es\/oficina-de-estudios\/\"><strong>M\u00c1S INFORMACI\u00d3N SOBRE LA EMPRESA<\/strong><\/a>\r\n\t\t\t\t\t<\/div>\r\n\t\t\t\t\t\t\t\t<\/div>\r\n\t\t<\/div>\r\n\t<\/div>\r\n<\/div>","protected":false},"excerpt":{"rendered":"","protected":false},"author":5,"featured_media":0,"parent":0,"menu_order":0,"comment_status":"closed","ping_status":"closed","template":"","meta":{"_acf_changed":false,"footnotes":""},"class_list":["post-2707","page","type-page","status-publish","hentry"],"acf":[],"yoast_head":"<!-- This site is optimized with the Yoast SEO plugin v27.4 - https:\/\/yoast.com\/product\/yoast-seo-wordpress\/ -->\n<title>Barras de tiro - LAF<\/title>\n<meta name=\"robots\" content=\"index, follow, max-snippet:-1, max-image-preview:large, max-video-preview:-1\" \/>\n<link rel=\"canonical\" href=\"https:\/\/laf-lloyd.com\/es\/barras-de-enganches\/\" \/>\n<meta property=\"og:locale\" content=\"es_ES\" \/>\n<meta property=\"og:type\" content=\"article\" \/>\n<meta property=\"og:title\" content=\"Barras de tiro - LAF\" \/>\n<meta property=\"og:url\" content=\"https:\/\/laf-lloyd.com\/es\/barras-de-enganches\/\" \/>\n<meta property=\"og:site_name\" content=\"LAF\" \/>\n<meta property=\"article:modified_time\" content=\"2021-12-22T08:16:32+00:00\" \/>\n<meta name=\"twitter:card\" content=\"summary_large_image\" \/>\n<script type=\"application\/ld+json\" class=\"yoast-schema-graph\">{\"@context\":\"https:\\\/\\\/schema.org\",\"@graph\":[{\"@type\":\"WebPage\",\"@id\":\"https:\\\/\\\/laf-lloyd.com\\\/es\\\/barras-de-enganches\\\/\",\"url\":\"https:\\\/\\\/laf-lloyd.com\\\/es\\\/barras-de-enganches\\\/\",\"name\":\"Barras de tiro - LAF\",\"isPartOf\":{\"@id\":\"https:\\\/\\\/laf-lloyd.com\\\/es\\\/#website\"},\"datePublished\":\"2021-10-05T16:28:19+00:00\",\"dateModified\":\"2021-12-22T08:16:32+00:00\",\"inLanguage\":\"es-ES\",\"potentialAction\":[{\"@type\":\"ReadAction\",\"target\":[\"https:\\\/\\\/laf-lloyd.com\\\/es\\\/barras-de-enganches\\\/\"]}]},{\"@type\":\"WebSite\",\"@id\":\"https:\\\/\\\/laf-lloyd.com\\\/es\\\/#website\",\"url\":\"https:\\\/\\\/laf-lloyd.com\\\/es\\\/\",\"name\":\"LAF\",\"description\":\"A CIM Group company\",\"potentialAction\":[{\"@type\":\"SearchAction\",\"target\":{\"@type\":\"EntryPoint\",\"urlTemplate\":\"https:\\\/\\\/laf-lloyd.com\\\/es\\\/?s={search_term_string}\"},\"query-input\":{\"@type\":\"PropertyValueSpecification\",\"valueRequired\":true,\"valueName\":\"search_term_string\"}}],\"inLanguage\":\"es-ES\"}]}<\/script>\n<!-- \/ Yoast SEO plugin. -->","yoast_head_json":{"title":"Barras de tiro - LAF","robots":{"index":"index","follow":"follow","max-snippet":"max-snippet:-1","max-image-preview":"max-image-preview:large","max-video-preview":"max-video-preview:-1"},"canonical":"https:\/\/laf-lloyd.com\/es\/barras-de-enganches\/","og_locale":"es_ES","og_type":"article","og_title":"Barras de tiro - LAF","og_url":"https:\/\/laf-lloyd.com\/es\/barras-de-enganches\/","og_site_name":"LAF","article_modified_time":"2021-12-22T08:16:32+00:00","twitter_card":"summary_large_image","schema":{"@context":"https:\/\/schema.org","@graph":[{"@type":"WebPage","@id":"https:\/\/laf-lloyd.com\/es\/barras-de-enganches\/","url":"https:\/\/laf-lloyd.com\/es\/barras-de-enganches\/","name":"Barras de tiro - LAF","isPartOf":{"@id":"https:\/\/laf-lloyd.com\/es\/#website"},"datePublished":"2021-10-05T16:28:19+00:00","dateModified":"2021-12-22T08:16:32+00:00","inLanguage":"es-ES","potentialAction":[{"@type":"ReadAction","target":["https:\/\/laf-lloyd.com\/es\/barras-de-enganches\/"]}]},{"@type":"WebSite","@id":"https:\/\/laf-lloyd.com\/es\/#website","url":"https:\/\/laf-lloyd.com\/es\/","name":"LAF","description":"A CIM Group company","potentialAction":[{"@type":"SearchAction","target":{"@type":"EntryPoint","urlTemplate":"https:\/\/laf-lloyd.com\/es\/?s={search_term_string}"},"query-input":{"@type":"PropertyValueSpecification","valueRequired":true,"valueName":"search_term_string"}}],"inLanguage":"es-ES"}]}},"_links":{"self":[{"href":"https:\/\/laf-lloyd.com\/es\/wp-json\/wp\/v2\/pages\/2707","targetHints":{"allow":["GET"]}}],"collection":[{"href":"https:\/\/laf-lloyd.com\/es\/wp-json\/wp\/v2\/pages"}],"about":[{"href":"https:\/\/laf-lloyd.com\/es\/wp-json\/wp\/v2\/types\/page"}],"author":[{"embeddable":true,"href":"https:\/\/laf-lloyd.com\/es\/wp-json\/wp\/v2\/users\/5"}],"replies":[{"embeddable":true,"href":"https:\/\/laf-lloyd.com\/es\/wp-json\/wp\/v2\/comments?post=2707"}],"version-history":[{"count":6,"href":"https:\/\/laf-lloyd.com\/es\/wp-json\/wp\/v2\/pages\/2707\/revisions"}],"predecessor-version":[{"id":4285,"href":"https:\/\/laf-lloyd.com\/es\/wp-json\/wp\/v2\/pages\/2707\/revisions\/4285"}],"wp:attachment":[{"href":"https:\/\/laf-lloyd.com\/es\/wp-json\/wp\/v2\/media?parent=2707"}],"curies":[{"name":"wp","href":"https:\/\/api.w.org\/{rel}","templated":true}]}}