{"id":2876,"date":"2021-10-06T15:39:45","date_gmt":"2021-10-06T13:39:45","guid":{"rendered":"https:\/\/laf-lloyd.com\/chiffres-cles-et-implantations\/"},"modified":"2022-02-28T16:55:29","modified_gmt":"2022-02-28T15:55:29","slug":"cifras-clave","status":"publish","type":"page","link":"https:\/\/laf-lloyd.com\/es\/cifras-clave\/","title":{"rendered":"Cifras clave"},"content":{"rendered":"\r\n<div class=\"cim-header\" style=\"background-image:url(https:\/\/laf-lloyd.com\/wp-content\/uploads\/2021\/10\/header-news-LAF-gris-1.png);\">\r\n\t\t<div class=\"bottom-shape\"><\/div>\r\n\t<div class=\"container\">\r\n\t\t\t\t\t<div class=\"breadcrumb\">\r\n\t\t\t\t<ul>\r\n\t\t\t\t\t\t\t\t\t\t\t\t<li><a href=\"https:\/\/laf-lloyd.com\/es\/\">Home<\/a><\/li>\r\n\t\t\t\t\t\t\t\t\t\t\t\t\t\t<li><span>Cifras clave<\/span><\/li>\r\n\t\t\t\t\t\t\t\t\t\t\t<\/ul>\r\n\t\t\t<\/div>\r\n\t\t\t\t\t\r\n\t\t<div class=\"row\">\r\n\t\t\t<div class=\"col-12 col-lg-9\">\r\n\t\t\t\t<h1>Cifras clave<\/h1>\r\n\t\t\t<\/div>\r\n\t\t<\/div>\r\n\t<\/div>\r\n<\/div>\n\n<div class=\"cim-spacer\"><\/div>\n\n<div class=\"cim-columns-counter\">\r\n    <div class=\"container\">\r\n                <div class=\"row\">\r\n                            <div class=\"col-12 col-lg-6\">\r\n                    <div class=\"element\">\r\n\r\n                        <div class=\"element-head\">\r\n                            <div class=\"row\">\r\n                                <div class=\"col-2 align-self-end\">\r\n                                    <div class=\"line\"><\/div>\r\n                                <\/div>\r\n                                <div class=\"col-2 align-self-end\">\r\n                                    <img decoding=\"async\" src=\"https:\/\/laf-lloyd.com\/wp-content\/uploads\/2021\/10\/laf-icn-location-red.svg\" \/>                                <\/div>\r\n                                <div class=\"col-8 align-self-end\">\r\n                                    <div class=\"increment\" data-cim-increment=\"120 \">120 <\/div>\r\n                                    <div class=\"unit\">pa\u00eds<\/div>\r\n                                <\/div>\r\n                            <\/div>\r\n                        <\/div>\r\n\r\n                        <div class=\"element-text\"><p>Reconocida por su saber hacer, LAF est\u00e1 presente en m\u00e1s de 120 pa\u00edses de todo el mundo: Marruecos, Corea del Sur, Tanzania, Suecia, Francia, China, Per\u00fa, Espa\u00f1a, Gab\u00f3n, Nigeria, Reino Unido \u2026<\/p><\/div>                                            <\/div>\r\n                <\/div>\r\n                                <div class=\"col-12 col-lg-6\">\r\n                    <div class=\"element\">\r\n\r\n                        <div class=\"element-head\">\r\n                            <div class=\"row\">\r\n                                <div class=\"col-2 align-self-end\">\r\n                                    <div class=\"line\"><\/div>\r\n                                <\/div>\r\n                                <div class=\"col-2 align-self-end\">\r\n                                    <img decoding=\"async\" src=\"https:\/\/laf-lloyd.com\/wp-content\/uploads\/2021\/10\/laf-icn-implement-red.svg.svg\" \/>                                <\/div>\r\n                                <div class=\"col-8 align-self-end\">\r\n                                    <div class=\"increment\" data-cim-increment=\"20 000\">20 000<\/div>\r\n                                    <div class=\"unit\">planes<\/div>\r\n                                <\/div>\r\n                            <\/div>\r\n                        <\/div>\r\n\r\n                        <div class=\"element-text\"><p>Hoy, LAF cuenta con m\u00e1s de 6.000 planos de piezas: acopladores autom\u00e1ticos de todo tipo, barras de tiro, amortiguadores, dispositivos de tracci\u00f3n y topes, casquillos, resortes&#8230;<\/p><\/div>                                            <\/div>\r\n                <\/div>\r\n                                <div class=\"col-12 col-lg-6\">\r\n                    <div class=\"element\">\r\n\r\n                        <div class=\"element-head\">\r\n                            <div class=\"row\">\r\n                                <div class=\"col-2 align-self-end\">\r\n                                    <div class=\"line\"><\/div>\r\n                                <\/div>\r\n                                <div class=\"col-2 align-self-end\">\r\n                                    <img decoding=\"async\" src=\"https:\/\/laf-lloyd.com\/wp-content\/uploads\/2020\/10\/manutention.jpg\" \/>                                <\/div>\r\n                                <div class=\"col-8 align-self-end\">\r\n                                    <div class=\"increment\" data-cim-increment=\"90\">90<\/div>\r\n                                    <div class=\"unit\">a\u00f1os<\/div>\r\n                                <\/div>\r\n                            <\/div>\r\n                        <\/div>\r\n\r\n                        <div class=\"element-text\"><p>Desde hace casi un siglo, LAF disa\u00f1a y fabrica enganches de todo tipo e para cualquier tipo de aplicaci\u00f3n cualesquiera que sean las limitaciones operativas y clim\u00e1ticas.<\/p><\/div>                                            <\/div>\r\n                <\/div>\r\n                                <div class=\"col-12 col-lg-6\">\r\n                    <div class=\"element\">\r\n\r\n                        <div class=\"element-head\">\r\n                            <div class=\"row\">\r\n                                <div class=\"col-2 align-self-end\">\r\n                                    <div class=\"line\"><\/div>\r\n                                <\/div>\r\n                                <div class=\"col-2 align-self-end\">\r\n                                    <img decoding=\"async\" src=\"https:\/\/laf-lloyd.com\/wp-content\/uploads\/2021\/10\/laf-icn-train-station-red.svg\" \/>                                <\/div>\r\n                                <div class=\"col-8 align-self-end\">\r\n                                    <div class=\"increment\" data-cim-increment=\"80 000\">80 000<\/div>\r\n                                    <div class=\"unit\">acoplamientos<\/div>\r\n                                <\/div>\r\n                            <\/div>\r\n                        <\/div>\r\n\r\n                        <div class=\"element-text\"><p>A la fecha, m\u00e1s de 80.000 acoplamientos dise\u00f1ados y fabricados por nosotros est\u00e1n en servicio en todo el mundo y equipan material rodante para todo tipo de redes: privadas, p\u00fablicas, mineras, sider\u00fargicas, urbanas, ferroviarias&#8230;<\/p><\/div>                                            <\/div>\r\n                <\/div>\r\n                        <\/div>\r\n    <\/div>\r\n<\/div>\r\n","protected":false},"excerpt":{"rendered":"","protected":false},"author":12,"featured_media":0,"parent":0,"menu_order":0,"comment_status":"closed","ping_status":"closed","template":"","meta":{"_acf_changed":false,"footnotes":""},"class_list":["post-2876","page","type-page","status-publish","hentry"],"acf":[],"yoast_head":"<!-- This site is optimized with the Yoast SEO plugin v27.4 - https:\/\/yoast.com\/product\/yoast-seo-wordpress\/ -->\n<title>Cifras clave - LAF<\/title>\n<meta name=\"robots\" content=\"index, follow, max-snippet:-1, max-image-preview:large, max-video-preview:-1\" \/>\n<link rel=\"canonical\" href=\"https:\/\/laf-lloyd.com\/es\/cifras-clave\/\" \/>\n<meta property=\"og:locale\" content=\"es_ES\" \/>\n<meta property=\"og:type\" content=\"article\" \/>\n<meta property=\"og:title\" content=\"Cifras clave - LAF\" \/>\n<meta property=\"og:url\" content=\"https:\/\/laf-lloyd.com\/es\/cifras-clave\/\" \/>\n<meta property=\"og:site_name\" content=\"LAF\" \/>\n<meta property=\"article:modified_time\" content=\"2022-02-28T15:55:29+00:00\" \/>\n<meta name=\"twitter:card\" content=\"summary_large_image\" \/>\n<script type=\"application\/ld+json\" class=\"yoast-schema-graph\">{\"@context\":\"https:\\\/\\\/schema.org\",\"@graph\":[{\"@type\":\"WebPage\",\"@id\":\"https:\\\/\\\/laf-lloyd.com\\\/es\\\/cifras-clave\\\/\",\"url\":\"https:\\\/\\\/laf-lloyd.com\\\/es\\\/cifras-clave\\\/\",\"name\":\"Cifras clave - LAF\",\"isPartOf\":{\"@id\":\"https:\\\/\\\/laf-lloyd.com\\\/es\\\/#website\"},\"datePublished\":\"2021-10-06T13:39:45+00:00\",\"dateModified\":\"2022-02-28T15:55:29+00:00\",\"inLanguage\":\"es-ES\",\"potentialAction\":[{\"@type\":\"ReadAction\",\"target\":[\"https:\\\/\\\/laf-lloyd.com\\\/es\\\/cifras-clave\\\/\"]}]},{\"@type\":\"WebSite\",\"@id\":\"https:\\\/\\\/laf-lloyd.com\\\/es\\\/#website\",\"url\":\"https:\\\/\\\/laf-lloyd.com\\\/es\\\/\",\"name\":\"LAF\",\"description\":\"A CIM Group company\",\"potentialAction\":[{\"@type\":\"SearchAction\",\"target\":{\"@type\":\"EntryPoint\",\"urlTemplate\":\"https:\\\/\\\/laf-lloyd.com\\\/es\\\/?s={search_term_string}\"},\"query-input\":{\"@type\":\"PropertyValueSpecification\",\"valueRequired\":true,\"valueName\":\"search_term_string\"}}],\"inLanguage\":\"es-ES\"}]}<\/script>\n<!-- \/ Yoast SEO plugin. -->","yoast_head_json":{"title":"Cifras clave - LAF","robots":{"index":"index","follow":"follow","max-snippet":"max-snippet:-1","max-image-preview":"max-image-preview:large","max-video-preview":"max-video-preview:-1"},"canonical":"https:\/\/laf-lloyd.com\/es\/cifras-clave\/","og_locale":"es_ES","og_type":"article","og_title":"Cifras clave - LAF","og_url":"https:\/\/laf-lloyd.com\/es\/cifras-clave\/","og_site_name":"LAF","article_modified_time":"2022-02-28T15:55:29+00:00","twitter_card":"summary_large_image","schema":{"@context":"https:\/\/schema.org","@graph":[{"@type":"WebPage","@id":"https:\/\/laf-lloyd.com\/es\/cifras-clave\/","url":"https:\/\/laf-lloyd.com\/es\/cifras-clave\/","name":"Cifras clave - LAF","isPartOf":{"@id":"https:\/\/laf-lloyd.com\/es\/#website"},"datePublished":"2021-10-06T13:39:45+00:00","dateModified":"2022-02-28T15:55:29+00:00","inLanguage":"es-ES","potentialAction":[{"@type":"ReadAction","target":["https:\/\/laf-lloyd.com\/es\/cifras-clave\/"]}]},{"@type":"WebSite","@id":"https:\/\/laf-lloyd.com\/es\/#website","url":"https:\/\/laf-lloyd.com\/es\/","name":"LAF","description":"A CIM Group company","potentialAction":[{"@type":"SearchAction","target":{"@type":"EntryPoint","urlTemplate":"https:\/\/laf-lloyd.com\/es\/?s={search_term_string}"},"query-input":{"@type":"PropertyValueSpecification","valueRequired":true,"valueName":"search_term_string"}}],"inLanguage":"es-ES"}]}},"_links":{"self":[{"href":"https:\/\/laf-lloyd.com\/es\/wp-json\/wp\/v2\/pages\/2876","targetHints":{"allow":["GET"]}}],"collection":[{"href":"https:\/\/laf-lloyd.com\/es\/wp-json\/wp\/v2\/pages"}],"about":[{"href":"https:\/\/laf-lloyd.com\/es\/wp-json\/wp\/v2\/types\/page"}],"author":[{"embeddable":true,"href":"https:\/\/laf-lloyd.com\/es\/wp-json\/wp\/v2\/users\/12"}],"replies":[{"embeddable":true,"href":"https:\/\/laf-lloyd.com\/es\/wp-json\/wp\/v2\/comments?post=2876"}],"version-history":[{"count":6,"href":"https:\/\/laf-lloyd.com\/es\/wp-json\/wp\/v2\/pages\/2876\/revisions"}],"predecessor-version":[{"id":4565,"href":"https:\/\/laf-lloyd.com\/es\/wp-json\/wp\/v2\/pages\/2876\/revisions\/4565"}],"wp:attachment":[{"href":"https:\/\/laf-lloyd.com\/es\/wp-json\/wp\/v2\/media?parent=2876"}],"curies":[{"name":"wp","href":"https:\/\/api.w.org\/{rel}","templated":true}]}}