{"id":2910,"date":"2021-10-06T17:26:11","date_gmt":"2021-10-06T15:26:11","guid":{"rendered":"https:\/\/laf-lloyd.com\/85-ans-dexperience-qui-font-la-difference\/"},"modified":"2022-03-01T10:14:33","modified_gmt":"2022-03-01T09:14:33","slug":"historia","status":"publish","type":"page","link":"https:\/\/laf-lloyd.com\/es\/historia\/","title":{"rendered":"Historia"},"content":{"rendered":"\r\n<div class=\"cim-header\" style=\"background-image:url(https:\/\/laf-lloyd.com\/wp-content\/uploads\/2021\/10\/header-news-LAF-gris-1.png);\">\r\n\t\t<div class=\"bottom-shape\"><\/div>\r\n\t<div class=\"container\">\r\n\t\t\t\t\t<div class=\"breadcrumb\">\r\n\t\t\t\t<ul>\r\n\t\t\t\t\t\t\t\t\t\t\t\t<li><a href=\"https:\/\/laf-lloyd.com\/es\/\">Home<\/a><\/li>\r\n\t\t\t\t\t\t\t\t\t\t\t\t\t\t<li><span>Historia<\/span><\/li>\r\n\t\t\t\t\t\t\t\t\t\t\t<\/ul>\r\n\t\t\t<\/div>\r\n\t\t\t\t\t\r\n\t\t<div class=\"row\">\r\n\t\t\t<div class=\"col-12 col-lg-9\">\r\n\t\t\t\t<h1>85 a\u00f1os de experiencia que marcan la diferencia<\/h1>\r\n\t\t\t<\/div>\r\n\t\t<\/div>\r\n\t<\/div>\r\n<\/div>\n\n<div class=\"cim-timeline\">\r\n    <div class=\"container\">\r\n        <div class=\"timeline-container\">\r\n            <div class=\"bar\"><\/div>\r\n\r\n                            <div class=\"timeline-element-container first\">\r\n                    <div class=\"timeline-element head\">\r\n                         <h2>Fechas claves<\/h2>                                             <\/div>\r\n                <\/div>\r\n                \r\n                <div class=\"timeline-element-container animated\" data-animation=\"fadeInUp\" style=\"margin-top:-60px\" >\r\n                    <div class=\"timeline-element blue-filled\">\r\n                                                <div class=\"inner\">\r\n                            <div class=\"date\">1928\u00a0<\/div>                            <div class=\"subtitle\">Creaci\u00f3n de <br>La empresa financiera e industrial de ferrocarriles por el director de Chemins de Fer Paris-Orl\u00e9ans para asegurar la producci\u00f3n y suministro de acoplamientos ferroviarios en el mercado americano.<\/div>                                                                                                            <\/div>\r\n                                                    <div class=\"bottom-svg\">\r\n                                <svg xmlns=\"http:\/\/www.w3.org\/2000\/svg\" width=\"1920\" height=\"235\" viewBox=\"0 0 1920 235\">\r\n                                    <path style=\"fill:#FFFFFF\" data-name=\"svg-bottom\" d=\"M0,235V180L1920,0V235Z\" \/>\r\n                                <\/svg>\r\n                            <\/div>\r\n                                                <\/div>\r\n                <\/div>\r\n\r\n                \r\n                <div class=\"timeline-element-container animated\" data-animation=\"fadeInUp\"  >\r\n                    <div class=\"timeline-element red\">\r\n                        <img decoding=\"async\" src=\"https:\/\/laf-lloyd.com\/wp-content\/uploads\/2020\/10\/laf-2.jpg\" \/>                        <div class=\"inner\">\r\n                            <div class=\"date\">1937<\/div>                            <div class=\"subtitle\"> La empresa financiera e industrial de ferrocarriles cambia de nombre y se convierte en Les Equipements Ferroviaires (LAF).<\/div>                                                                                                            <\/div>\r\n                                            <\/div>\r\n                <\/div>\r\n\r\n                \r\n                <div class=\"timeline-element-container animated\" data-animation=\"fadeInUp\"  >\r\n                    <div class=\"timeline-element blue-filled\">\r\n                                                <div class=\"inner\">\r\n                            <div class=\"date\">Entre 1930<br>y 1967<\/div>                            <div class=\"subtitle\">LAF se est\u00e1 desarrollando con fuerza en Francia, en el mercado de las colonias francesas.<\/div>                                                                                                            <\/div>\r\n                                                    <div class=\"bottom-svg\">\r\n                                <svg xmlns=\"http:\/\/www.w3.org\/2000\/svg\" width=\"1920\" height=\"235\" viewBox=\"0 0 1920 235\">\r\n                                    <path style=\"fill:#FFFFFF\" data-name=\"svg-bottom\" d=\"M0,235V180L1920,0V235Z\" \/>\r\n                                <\/svg>\r\n                            <\/div>\r\n                                                <\/div>\r\n                <\/div>\r\n\r\n                \r\n                <div class=\"timeline-element-container animated\" data-animation=\"fadeInUp\"  >\r\n                    <div class=\"timeline-element red\">\r\n                                                <div class=\"inner\">\r\n                            <div class=\"date\">1987<\/div>                            <div class=\"subtitle\">LAF adquiere su competidor belga, Ets Henricot.<\/div>                                                                                                            <\/div>\r\n                                            <\/div>\r\n                <\/div>\r\n\r\n                \r\n                <div class=\"timeline-element-container animated\" data-animation=\"fadeInUp\"  >\r\n                    <div class=\"timeline-element blue-filled\">\r\n                        <img decoding=\"async\" src=\"https:\/\/laf-lloyd.com\/wp-content\/uploads\/2020\/10\/creation-cim.jpg\" \/>                        <div class=\"inner\">\r\n                            <div class=\"date\">1993<\/div>                            <div class=\"subtitle\">LAF se incorpora a CIM y completa as\u00ed la gama del grupo en cuanto al suministro de componentes de alta gama para la industria ferroviaria.<\/div>                                                                                                            <\/div>\r\n                                                    <div class=\"bottom-svg\">\r\n                                <svg xmlns=\"http:\/\/www.w3.org\/2000\/svg\" width=\"1920\" height=\"235\" viewBox=\"0 0 1920 235\">\r\n                                    <path style=\"fill:#FFFFFF\" data-name=\"svg-bottom\" d=\"M0,235V180L1920,0V235Z\" \/>\r\n                                <\/svg>\r\n                            <\/div>\r\n                                                <\/div>\r\n                <\/div>\r\n\r\n                \r\n                <div class=\"timeline-element-container animated\" data-animation=\"fadeInUp\"  >\r\n                    <div class=\"timeline-element red\">\r\n                        <img decoding=\"async\" src=\"https:\/\/laf-lloyd.com\/wp-content\/uploads\/2020\/10\/abc-couplers.jpg\" \/>                        <div class=\"inner\">\r\n                            <div class=\"date\">1996<\/div>                            <div class=\"subtitle\">LAF adquiere el competidor brit\u00e1nico Lloyd ABC Couplers, convirtiendo a la empresa en el principal fabricante europeo de acopladores autom\u00e1ticos de tracci\u00f3n y amortiguaci\u00f3n.<\/div>                                                                                                            <\/div>\r\n                                            <\/div>\r\n                <\/div>\r\n\r\n                \r\n                <div class=\"timeline-element-container animated\" data-animation=\"fadeInUp\" style=\"margin-top:-140px\" >\r\n                    <div class=\"timeline-element red\">\r\n                                                <div class=\"inner\">\r\n                            <div class=\"date\">2015<\/div>                            <div class=\"subtitle\">integraci\u00f3n de la actividad de fabricaci\u00f3n de flexibles de freno &#8220;SEPAV&#8221;<\/div>                                                                                                            <\/div>\r\n                                            <\/div>\r\n                <\/div>\r\n\r\n                \r\n                <div class=\"timeline-element-container animated\" data-animation=\"fadeInUp\"  >\r\n                    <div class=\"timeline-element red\">\r\n                                                <div class=\"inner\">\r\n                            <div class=\"date\">2018<\/div>                            <div class=\"subtitle\">El grupo JohnCockerill (anteriormente CMI) adquiere  LAF, una divisi\u00f3n de CIM<\/div>                                                                                                            <\/div>\r\n                                            <\/div>\r\n                <\/div>\r\n\r\n                \r\n                <div class=\"timeline-element-container animated\" data-animation=\"fadeInUp\" style=\"margin-top:-120px\" >\r\n                    <div class=\"timeline-element blue-filled\">\r\n                                                <div class=\"inner\">\r\n                            <div class=\"date\"> Hoy dia <\/div>                            <div class=\"subtitle\"> LAF tiene experiencia y conocimientos reconocidos en todo el mundo para el dise\u00f1o y fabricaci\u00f3n de componentes ferroviarios de alta gama y hechos a medida, como los acoplamientos Este \/ Oeste &#8220;Unilink&#8221; y la barra &#8220;Modhalor&#8221; \u2026 <\/div>                                                                                                            <\/div>\r\n                                                    <div class=\"bottom-svg\">\r\n                                <svg xmlns=\"http:\/\/www.w3.org\/2000\/svg\" width=\"1920\" height=\"235\" viewBox=\"0 0 1920 235\">\r\n                                    <path style=\"fill:#FFFFFF\" data-name=\"svg-bottom\" d=\"M0,235V180L1920,0V235Z\" \/>\r\n                                <\/svg>\r\n                            <\/div>\r\n                                                <\/div>\r\n                <\/div>\r\n\r\n                \r\n            <div class=\"clear\"><\/div>\r\n\r\n        <\/div>\r\n    <\/div>\r\n<\/div>\r\n","protected":false},"excerpt":{"rendered":"","protected":false},"author":12,"featured_media":0,"parent":0,"menu_order":0,"comment_status":"closed","ping_status":"closed","template":"","meta":{"_acf_changed":false,"footnotes":""},"class_list":["post-2910","page","type-page","status-publish","hentry"],"acf":[],"yoast_head":"<!-- This site is optimized with the Yoast SEO plugin v27.4 - https:\/\/yoast.com\/product\/yoast-seo-wordpress\/ -->\n<title>Historia - LAF<\/title>\n<meta name=\"robots\" content=\"index, follow, max-snippet:-1, max-image-preview:large, max-video-preview:-1\" \/>\n<link rel=\"canonical\" href=\"https:\/\/laf-lloyd.com\/es\/historia\/\" \/>\n<meta property=\"og:locale\" content=\"es_ES\" \/>\n<meta property=\"og:type\" content=\"article\" \/>\n<meta property=\"og:title\" content=\"Historia - LAF\" \/>\n<meta property=\"og:url\" content=\"https:\/\/laf-lloyd.com\/es\/historia\/\" \/>\n<meta property=\"og:site_name\" content=\"LAF\" \/>\n<meta property=\"article:modified_time\" content=\"2022-03-01T09:14:33+00:00\" \/>\n<meta name=\"twitter:card\" content=\"summary_large_image\" \/>\n<script type=\"application\/ld+json\" class=\"yoast-schema-graph\">{\"@context\":\"https:\\\/\\\/schema.org\",\"@graph\":[{\"@type\":\"WebPage\",\"@id\":\"https:\\\/\\\/laf-lloyd.com\\\/es\\\/historia\\\/\",\"url\":\"https:\\\/\\\/laf-lloyd.com\\\/es\\\/historia\\\/\",\"name\":\"Historia - LAF\",\"isPartOf\":{\"@id\":\"https:\\\/\\\/laf-lloyd.com\\\/es\\\/#website\"},\"datePublished\":\"2021-10-06T15:26:11+00:00\",\"dateModified\":\"2022-03-01T09:14:33+00:00\",\"inLanguage\":\"es-ES\",\"potentialAction\":[{\"@type\":\"ReadAction\",\"target\":[\"https:\\\/\\\/laf-lloyd.com\\\/es\\\/historia\\\/\"]}]},{\"@type\":\"WebSite\",\"@id\":\"https:\\\/\\\/laf-lloyd.com\\\/es\\\/#website\",\"url\":\"https:\\\/\\\/laf-lloyd.com\\\/es\\\/\",\"name\":\"LAF\",\"description\":\"A CIM Group company\",\"potentialAction\":[{\"@type\":\"SearchAction\",\"target\":{\"@type\":\"EntryPoint\",\"urlTemplate\":\"https:\\\/\\\/laf-lloyd.com\\\/es\\\/?s={search_term_string}\"},\"query-input\":{\"@type\":\"PropertyValueSpecification\",\"valueRequired\":true,\"valueName\":\"search_term_string\"}}],\"inLanguage\":\"es-ES\"}]}<\/script>\n<!-- \/ Yoast SEO plugin. -->","yoast_head_json":{"title":"Historia - LAF","robots":{"index":"index","follow":"follow","max-snippet":"max-snippet:-1","max-image-preview":"max-image-preview:large","max-video-preview":"max-video-preview:-1"},"canonical":"https:\/\/laf-lloyd.com\/es\/historia\/","og_locale":"es_ES","og_type":"article","og_title":"Historia - LAF","og_url":"https:\/\/laf-lloyd.com\/es\/historia\/","og_site_name":"LAF","article_modified_time":"2022-03-01T09:14:33+00:00","twitter_card":"summary_large_image","schema":{"@context":"https:\/\/schema.org","@graph":[{"@type":"WebPage","@id":"https:\/\/laf-lloyd.com\/es\/historia\/","url":"https:\/\/laf-lloyd.com\/es\/historia\/","name":"Historia - LAF","isPartOf":{"@id":"https:\/\/laf-lloyd.com\/es\/#website"},"datePublished":"2021-10-06T15:26:11+00:00","dateModified":"2022-03-01T09:14:33+00:00","inLanguage":"es-ES","potentialAction":[{"@type":"ReadAction","target":["https:\/\/laf-lloyd.com\/es\/historia\/"]}]},{"@type":"WebSite","@id":"https:\/\/laf-lloyd.com\/es\/#website","url":"https:\/\/laf-lloyd.com\/es\/","name":"LAF","description":"A CIM Group company","potentialAction":[{"@type":"SearchAction","target":{"@type":"EntryPoint","urlTemplate":"https:\/\/laf-lloyd.com\/es\/?s={search_term_string}"},"query-input":{"@type":"PropertyValueSpecification","valueRequired":true,"valueName":"search_term_string"}}],"inLanguage":"es-ES"}]}},"_links":{"self":[{"href":"https:\/\/laf-lloyd.com\/es\/wp-json\/wp\/v2\/pages\/2910","targetHints":{"allow":["GET"]}}],"collection":[{"href":"https:\/\/laf-lloyd.com\/es\/wp-json\/wp\/v2\/pages"}],"about":[{"href":"https:\/\/laf-lloyd.com\/es\/wp-json\/wp\/v2\/types\/page"}],"author":[{"embeddable":true,"href":"https:\/\/laf-lloyd.com\/es\/wp-json\/wp\/v2\/users\/12"}],"replies":[{"embeddable":true,"href":"https:\/\/laf-lloyd.com\/es\/wp-json\/wp\/v2\/comments?post=2910"}],"version-history":[{"count":8,"href":"https:\/\/laf-lloyd.com\/es\/wp-json\/wp\/v2\/pages\/2910\/revisions"}],"predecessor-version":[{"id":4604,"href":"https:\/\/laf-lloyd.com\/es\/wp-json\/wp\/v2\/pages\/2910\/revisions\/4604"}],"wp:attachment":[{"href":"https:\/\/laf-lloyd.com\/es\/wp-json\/wp\/v2\/media?parent=2910"}],"curies":[{"name":"wp","href":"https:\/\/api.w.org\/{rel}","templated":true}]}}