{"id":2989,"date":"2021-10-07T18:19:00","date_gmt":"2021-10-07T16:19:00","guid":{"rendered":"https:\/\/laf-lloyd.com\/fret-et-transport-minier\/"},"modified":"2021-12-22T09:23:46","modified_gmt":"2021-12-22T08:23:46","slug":"flete-y-transporte-minero","status":"publish","type":"page","link":"https:\/\/laf-lloyd.com\/es\/flete-y-transporte-minero\/","title":{"rendered":"Flete y transporte minero"},"content":{"rendered":"\r\n<div class=\"cim-header\" style=\"background-image:url(https:\/\/laf-lloyd.com\/wp-content\/uploads\/2021\/10\/header-news-LAF-gris-1.png);\">\r\n\t\t<div class=\"bottom-shape\"><\/div>\r\n\t<div class=\"container\">\r\n\t\t\t\t\t<div class=\"breadcrumb\">\r\n\t\t\t\t<ul>\r\n\t\t\t\t\t\t\t\t\t\t\t\t<li><a href=\"https:\/\/laf-lloyd.com\/es\/\">Home<\/a><\/li>\r\n\t\t\t\t\t\t\t\t\t\t\t\t\t\t<li><span>Flete y transporte minero<\/span><\/li>\r\n\t\t\t\t\t\t\t\t\t\t\t<\/ul>\r\n\t\t\t<\/div>\r\n\t\t\t\t\t\r\n\t\t<div class=\"row\">\r\n\t\t\t<div class=\"col-12 col-lg-9\">\r\n\t\t\t\t<h1>Flete y transporte minero<\/h1>\r\n\t\t\t<\/div>\r\n\t\t<\/div>\r\n\t<\/div>\r\n<\/div>\n\n<div class=\"cim-columns\">\r\n\t<div class=\"container\">\r\n\t\t\t\t\r\n\t\t\r\n\t\t<div class=\"row\">\r\n\t\t\t\t\t\t\t<div class=\"col-12 col-lg-12\">\r\n\t\t\t\t\t<div class=\"element\">\r\n\t\t\t\t\t\t<img decoding=\"async\" src=\"https:\/\/laf-lloyd.com\/wp-content\/uploads\/2021\/10\/27808-fret_n-1-284x92-1.jpeg\" \/>\t\t\t\t\t\t\t\t\t\t\t\t<div class=\"element-text\"><p>Carga considerable sobre el eje, condiciones de explotaci\u00f3n dif\u00edciles, temperaturas extremas, entorno polvoriento y corrosivo: el flete y el transporte minero deben ser capaces de resistir a las condiciones m\u00e1s adversas. LAF le propone toda una gama de productos especialmente dise\u00f1ados para garantizar fiabilidad en el tiempo y reducci\u00f3n de costes de explotaci\u00f3n.<\/p><p>Haga clic sobre la imagen para descubrir toda la gama de nuestros productos.<\/p><p>&#8211;   <a href=\"https:\/\/laf-lloyd.com\/es\/enganches-automaticos\/\">ACOPLADORES AUTOM\u00c1TICOS<\/a><\/p><p>&#8211;   <a href=\"https:\/\/laf-lloyd.com\/es\/barras-de-enganches\/\">BARRAS DE TIRO<\/a><\/p><p>&#8211;   <a href=\"https:\/\/laf-lloyd.com\/es\/tracciones-pesadas\/\">TRACCION PESADA<\/a><\/p><p>&#8211;   <a href=\"https:\/\/laf-lloyd.com\/es\/amortiguadores\/\">AMORTIGUADORES<\/a><\/p><p>&#8211;   <a href=\"https:\/\/laf-lloyd.com\/es\/dispositivos-fusibles\/\">DISPOSITIVOS FUSIBLES<\/a><\/p><p>&#8211;   <a href=\"https:\/\/laf-lloyd.com\/es\/tampones-especiales\/\">SELLOS ESPECIALES<\/a><\/p><\/div>\t\t\t\t\t\t\t\t\t\t\t<\/div>\r\n\t\t\t\t<\/div>\r\n\t\t\t\t\t\t<\/div>\r\n\t<\/div>\r\n<\/div>\n\n<div class=\"cim-section\" style=\"background-image:url(https:\/\/laf-lloyd.com\/wp-content\/uploads\/2020\/10\/cim-projet.jpg);\">\r\n\t\t\t<div class=\"overlay\"><\/div>\r\n\t\t\t<div class=\"container\">\r\n\t\t<div class=\"row\">\r\n\t\t\t<div class=\"col-12 col-lg-6\">\r\n\t\t\t\t\t\t\t\t <div class=\"text\"><meta charset=\"utf-8\">Fort de plus de 80 ans d\u2019exp\u00e9rience dans la conception d\u2019attelages et autres composants ferroviaires, notre bureau d\u2019\u00e9tudes compte parmi les plus pointus du secteur. Les experts LAF d\u00e9veloppent ainsi des produits toujours plus innovants pour vous permettre de garder un train d\u2019avance sur les technologies en vigueur !<\/div> \t\t\t\t\t\t\t\t\t<div class=\"cta\">\r\n\t\t\t\t\t\t<a href=\"https:\/\/laf-lloyd.com\/bureau-detudes\/\">EN SAVOIR PLUS<\/a>\r\n\t\t\t\t\t<\/div>\r\n\t\t\t\t\t\t\t\t<\/div>\r\n\t\t<\/div>\r\n\t<\/div>\r\n<\/div>","protected":false},"excerpt":{"rendered":"","protected":false},"author":5,"featured_media":0,"parent":0,"menu_order":0,"comment_status":"closed","ping_status":"closed","template":"","meta":{"_acf_changed":false,"footnotes":""},"class_list":["post-2989","page","type-page","status-publish","hentry"],"acf":[],"yoast_head":"<!-- This site is optimized with the Yoast SEO plugin v27.3 - https:\/\/yoast.com\/product\/yoast-seo-wordpress\/ -->\n<title>Flete y transporte minero - LAF<\/title>\n<meta name=\"robots\" content=\"index, follow, max-snippet:-1, max-image-preview:large, max-video-preview:-1\" \/>\n<link rel=\"canonical\" href=\"https:\/\/laf-lloyd.com\/es\/flete-y-transporte-minero\/\" \/>\n<meta property=\"og:locale\" content=\"es_ES\" \/>\n<meta property=\"og:type\" content=\"article\" \/>\n<meta property=\"og:title\" content=\"Flete y transporte minero - LAF\" \/>\n<meta property=\"og:url\" content=\"https:\/\/laf-lloyd.com\/es\/flete-y-transporte-minero\/\" \/>\n<meta property=\"og:site_name\" content=\"LAF\" \/>\n<meta property=\"article:modified_time\" content=\"2021-12-22T08:23:46+00:00\" \/>\n<meta name=\"twitter:card\" content=\"summary_large_image\" \/>\n<script type=\"application\/ld+json\" class=\"yoast-schema-graph\">{\"@context\":\"https:\\\/\\\/schema.org\",\"@graph\":[{\"@type\":\"WebPage\",\"@id\":\"https:\\\/\\\/laf-lloyd.com\\\/es\\\/flete-y-transporte-minero\\\/\",\"url\":\"https:\\\/\\\/laf-lloyd.com\\\/es\\\/flete-y-transporte-minero\\\/\",\"name\":\"Flete y transporte minero - LAF\",\"isPartOf\":{\"@id\":\"https:\\\/\\\/laf-lloyd.com\\\/es\\\/#website\"},\"datePublished\":\"2021-10-07T16:19:00+00:00\",\"dateModified\":\"2021-12-22T08:23:46+00:00\",\"inLanguage\":\"es-ES\",\"potentialAction\":[{\"@type\":\"ReadAction\",\"target\":[\"https:\\\/\\\/laf-lloyd.com\\\/es\\\/flete-y-transporte-minero\\\/\"]}]},{\"@type\":\"WebSite\",\"@id\":\"https:\\\/\\\/laf-lloyd.com\\\/es\\\/#website\",\"url\":\"https:\\\/\\\/laf-lloyd.com\\\/es\\\/\",\"name\":\"LAF\",\"description\":\"A CIM Group company\",\"potentialAction\":[{\"@type\":\"SearchAction\",\"target\":{\"@type\":\"EntryPoint\",\"urlTemplate\":\"https:\\\/\\\/laf-lloyd.com\\\/es\\\/?s={search_term_string}\"},\"query-input\":{\"@type\":\"PropertyValueSpecification\",\"valueRequired\":true,\"valueName\":\"search_term_string\"}}],\"inLanguage\":\"es-ES\"}]}<\/script>\n<!-- \/ Yoast SEO plugin. -->","yoast_head_json":{"title":"Flete y transporte minero - LAF","robots":{"index":"index","follow":"follow","max-snippet":"max-snippet:-1","max-image-preview":"max-image-preview:large","max-video-preview":"max-video-preview:-1"},"canonical":"https:\/\/laf-lloyd.com\/es\/flete-y-transporte-minero\/","og_locale":"es_ES","og_type":"article","og_title":"Flete y transporte minero - LAF","og_url":"https:\/\/laf-lloyd.com\/es\/flete-y-transporte-minero\/","og_site_name":"LAF","article_modified_time":"2021-12-22T08:23:46+00:00","twitter_card":"summary_large_image","schema":{"@context":"https:\/\/schema.org","@graph":[{"@type":"WebPage","@id":"https:\/\/laf-lloyd.com\/es\/flete-y-transporte-minero\/","url":"https:\/\/laf-lloyd.com\/es\/flete-y-transporte-minero\/","name":"Flete y transporte minero - LAF","isPartOf":{"@id":"https:\/\/laf-lloyd.com\/es\/#website"},"datePublished":"2021-10-07T16:19:00+00:00","dateModified":"2021-12-22T08:23:46+00:00","inLanguage":"es-ES","potentialAction":[{"@type":"ReadAction","target":["https:\/\/laf-lloyd.com\/es\/flete-y-transporte-minero\/"]}]},{"@type":"WebSite","@id":"https:\/\/laf-lloyd.com\/es\/#website","url":"https:\/\/laf-lloyd.com\/es\/","name":"LAF","description":"A CIM Group company","potentialAction":[{"@type":"SearchAction","target":{"@type":"EntryPoint","urlTemplate":"https:\/\/laf-lloyd.com\/es\/?s={search_term_string}"},"query-input":{"@type":"PropertyValueSpecification","valueRequired":true,"valueName":"search_term_string"}}],"inLanguage":"es-ES"}]}},"_links":{"self":[{"href":"https:\/\/laf-lloyd.com\/es\/wp-json\/wp\/v2\/pages\/2989","targetHints":{"allow":["GET"]}}],"collection":[{"href":"https:\/\/laf-lloyd.com\/es\/wp-json\/wp\/v2\/pages"}],"about":[{"href":"https:\/\/laf-lloyd.com\/es\/wp-json\/wp\/v2\/types\/page"}],"author":[{"embeddable":true,"href":"https:\/\/laf-lloyd.com\/es\/wp-json\/wp\/v2\/users\/5"}],"replies":[{"embeddable":true,"href":"https:\/\/laf-lloyd.com\/es\/wp-json\/wp\/v2\/comments?post=2989"}],"version-history":[{"count":3,"href":"https:\/\/laf-lloyd.com\/es\/wp-json\/wp\/v2\/pages\/2989\/revisions"}],"predecessor-version":[{"id":4289,"href":"https:\/\/laf-lloyd.com\/es\/wp-json\/wp\/v2\/pages\/2989\/revisions\/4289"}],"wp:attachment":[{"href":"https:\/\/laf-lloyd.com\/es\/wp-json\/wp\/v2\/media?parent=2989"}],"curies":[{"name":"wp","href":"https:\/\/api.w.org\/{rel}","templated":true}]}}