{"id":3018,"date":"2021-10-08T16:09:58","date_gmt":"2021-10-08T14:09:58","guid":{"rendered":"https:\/\/laf-lloyd.com\/production\/"},"modified":"2022-02-28T16:44:34","modified_gmt":"2022-02-28T15:44:34","slug":"produccion","status":"publish","type":"page","link":"https:\/\/laf-lloyd.com\/es\/produccion\/","title":{"rendered":"La producci\u00f3n"},"content":{"rendered":"\r\n<div class=\"cim-header\" style=\"background-image:url(https:\/\/laf-lloyd.com\/wp-content\/uploads\/2021\/10\/header-news-LAF-gris-1.png);\">\r\n\t\t<div class=\"bottom-shape\"><\/div>\r\n\t<div class=\"container\">\r\n\t\t\t\t\t<div class=\"breadcrumb\">\r\n\t\t\t\t<ul>\r\n\t\t\t\t\t\t\t\t\t\t\t\t<li><a href=\"https:\/\/laf-lloyd.com\/es\/\">Home<\/a><\/li>\r\n\t\t\t\t\t\t\t\t\t\t\t\t\t\t<li><span>La producci\u00f3n<\/span><\/li>\r\n\t\t\t\t\t\t\t\t\t\t\t<\/ul>\r\n\t\t\t<\/div>\r\n\t\t\t\t\t\r\n\t\t<div class=\"row\">\r\n\t\t\t<div class=\"col-12 col-lg-9\">\r\n\t\t\t\t<h1>La producci\u00f3n de nuestros acoplamientos<\/h1>\r\n\t\t\t<\/div>\r\n\t\t<\/div>\r\n\t<\/div>\r\n<\/div>\n\n\n<div class=\"wp-block-columns is-layout-flex wp-container-core-columns-is-layout-9d6595d7 wp-block-columns-is-layout-flex\">\n<div class=\"wp-block-column is-layout-flow wp-block-column-is-layout-flow\" style=\"flex-basis:20%\"><\/div>\n\n\n\n<div class=\"wp-block-column is-layout-flow wp-block-column-is-layout-flow\" style=\"flex-basis:60%\"><div class=\"cim-intro\">\r\n\t<div class=\"container\">\r\n\t\t<meta charset=\"utf-8\">LAF controla toda la cadena de producci\u00f3n de sus componentes, desde el dise\u00f1o hasta la entrega final. Para ello, nos apoyamos en nuestra oficina de dise\u00f1o interna, en nuestra capacidad de producci\u00f3n, en nuestros socios industriales y en el montaje y almacenamiento final de nuestros equipos.\t<\/div>\r\n<\/div>\n\n<div class=\"simple-text bg-red\">\r\n\t\r\n\t<div class=\"container\">\r\n\t\t<div class=\"row\">\r\n\t\t\t<div class=\"col-1 decorator\"><\/div>\r\n\t\t\t<div class=\"col\">\r\n\t\t\t\t\t\t\t\t <div class=\"text\"><p>Porque nos comprometemos a ofrecer productos fiables y de alta calidad, hemos optado por confiar en instalaciones de producci\u00f3n (fundiciones, forjas, mecanizados, etc.) situadas exclusivamente en Francia o en Europa. Esto nos permite controlar mejor nuestros productos y procesos.<\/p><p><\/p><\/div> \t\t\t\t<div class=\"ctas\">\r\n\t\t\t\t\t\t\t\t\t<\/div>\r\n\t\t\t<\/div>\r\n\t\t\t\r\n\t\t<\/div>\r\n\t<\/div>\r\n<\/div>\r\n\r\n<\/div>\n\n\n\n<div class=\"wp-block-column is-layout-flow wp-block-column-is-layout-flow\" style=\"flex-basis:20%\"><\/div>\n<\/div>\n","protected":false},"excerpt":{"rendered":"","protected":false},"author":12,"featured_media":0,"parent":0,"menu_order":0,"comment_status":"closed","ping_status":"closed","template":"","meta":{"_acf_changed":false,"footnotes":""},"class_list":["post-3018","page","type-page","status-publish","hentry"],"acf":[],"yoast_head":"<!-- This site is optimized with the Yoast SEO plugin v27.3 - https:\/\/yoast.com\/product\/yoast-seo-wordpress\/ -->\n<title>La producci\u00f3n - LAF<\/title>\n<meta name=\"robots\" content=\"index, follow, max-snippet:-1, max-image-preview:large, max-video-preview:-1\" \/>\n<link rel=\"canonical\" href=\"https:\/\/laf-lloyd.com\/es\/produccion\/\" \/>\n<meta property=\"og:locale\" content=\"es_ES\" \/>\n<meta property=\"og:type\" content=\"article\" \/>\n<meta property=\"og:title\" content=\"La producci\u00f3n - LAF\" \/>\n<meta property=\"og:url\" content=\"https:\/\/laf-lloyd.com\/es\/produccion\/\" \/>\n<meta property=\"og:site_name\" content=\"LAF\" \/>\n<meta property=\"article:modified_time\" content=\"2022-02-28T15:44:34+00:00\" \/>\n<meta name=\"twitter:card\" content=\"summary_large_image\" \/>\n<script type=\"application\/ld+json\" class=\"yoast-schema-graph\">{\"@context\":\"https:\\\/\\\/schema.org\",\"@graph\":[{\"@type\":\"WebPage\",\"@id\":\"https:\\\/\\\/laf-lloyd.com\\\/es\\\/produccion\\\/\",\"url\":\"https:\\\/\\\/laf-lloyd.com\\\/es\\\/produccion\\\/\",\"name\":\"La producci\u00f3n - LAF\",\"isPartOf\":{\"@id\":\"https:\\\/\\\/laf-lloyd.com\\\/es\\\/#website\"},\"datePublished\":\"2021-10-08T14:09:58+00:00\",\"dateModified\":\"2022-02-28T15:44:34+00:00\",\"inLanguage\":\"es-ES\",\"potentialAction\":[{\"@type\":\"ReadAction\",\"target\":[\"https:\\\/\\\/laf-lloyd.com\\\/es\\\/produccion\\\/\"]}]},{\"@type\":\"WebSite\",\"@id\":\"https:\\\/\\\/laf-lloyd.com\\\/es\\\/#website\",\"url\":\"https:\\\/\\\/laf-lloyd.com\\\/es\\\/\",\"name\":\"LAF\",\"description\":\"A CIM Group company\",\"potentialAction\":[{\"@type\":\"SearchAction\",\"target\":{\"@type\":\"EntryPoint\",\"urlTemplate\":\"https:\\\/\\\/laf-lloyd.com\\\/es\\\/?s={search_term_string}\"},\"query-input\":{\"@type\":\"PropertyValueSpecification\",\"valueRequired\":true,\"valueName\":\"search_term_string\"}}],\"inLanguage\":\"es-ES\"}]}<\/script>\n<!-- \/ Yoast SEO plugin. -->","yoast_head_json":{"title":"La producci\u00f3n - LAF","robots":{"index":"index","follow":"follow","max-snippet":"max-snippet:-1","max-image-preview":"max-image-preview:large","max-video-preview":"max-video-preview:-1"},"canonical":"https:\/\/laf-lloyd.com\/es\/produccion\/","og_locale":"es_ES","og_type":"article","og_title":"La producci\u00f3n - LAF","og_url":"https:\/\/laf-lloyd.com\/es\/produccion\/","og_site_name":"LAF","article_modified_time":"2022-02-28T15:44:34+00:00","twitter_card":"summary_large_image","schema":{"@context":"https:\/\/schema.org","@graph":[{"@type":"WebPage","@id":"https:\/\/laf-lloyd.com\/es\/produccion\/","url":"https:\/\/laf-lloyd.com\/es\/produccion\/","name":"La producci\u00f3n - LAF","isPartOf":{"@id":"https:\/\/laf-lloyd.com\/es\/#website"},"datePublished":"2021-10-08T14:09:58+00:00","dateModified":"2022-02-28T15:44:34+00:00","inLanguage":"es-ES","potentialAction":[{"@type":"ReadAction","target":["https:\/\/laf-lloyd.com\/es\/produccion\/"]}]},{"@type":"WebSite","@id":"https:\/\/laf-lloyd.com\/es\/#website","url":"https:\/\/laf-lloyd.com\/es\/","name":"LAF","description":"A CIM Group company","potentialAction":[{"@type":"SearchAction","target":{"@type":"EntryPoint","urlTemplate":"https:\/\/laf-lloyd.com\/es\/?s={search_term_string}"},"query-input":{"@type":"PropertyValueSpecification","valueRequired":true,"valueName":"search_term_string"}}],"inLanguage":"es-ES"}]}},"_links":{"self":[{"href":"https:\/\/laf-lloyd.com\/es\/wp-json\/wp\/v2\/pages\/3018","targetHints":{"allow":["GET"]}}],"collection":[{"href":"https:\/\/laf-lloyd.com\/es\/wp-json\/wp\/v2\/pages"}],"about":[{"href":"https:\/\/laf-lloyd.com\/es\/wp-json\/wp\/v2\/types\/page"}],"author":[{"embeddable":true,"href":"https:\/\/laf-lloyd.com\/es\/wp-json\/wp\/v2\/users\/12"}],"replies":[{"embeddable":true,"href":"https:\/\/laf-lloyd.com\/es\/wp-json\/wp\/v2\/comments?post=3018"}],"version-history":[{"count":5,"href":"https:\/\/laf-lloyd.com\/es\/wp-json\/wp\/v2\/pages\/3018\/revisions"}],"predecessor-version":[{"id":4556,"href":"https:\/\/laf-lloyd.com\/es\/wp-json\/wp\/v2\/pages\/3018\/revisions\/4556"}],"wp:attachment":[{"href":"https:\/\/laf-lloyd.com\/es\/wp-json\/wp\/v2\/media?parent=3018"}],"curies":[{"name":"wp","href":"https:\/\/api.w.org\/{rel}","templated":true}]}}