{"id":4434,"date":"2022-01-03T12:31:09","date_gmt":"2022-01-03T11:31:09","guid":{"rendered":"https:\/\/laf-lloyd.com\/?page_id=4434"},"modified":"2022-01-03T12:36:06","modified_gmt":"2022-01-03T11:36:06","slug":"calidad-laf","status":"publish","type":"page","link":"https:\/\/laf-lloyd.com\/es\/calidad-laf\/","title":{"rendered":"Calidad LAF"},"content":{"rendered":"\r\n<div class=\"cim-header\" style=\"background-image:url(https:\/\/laf-lloyd.com\/wp-content\/uploads\/2021\/10\/header-news-LAF-gris-1.png);\">\r\n\t\t<div class=\"bottom-shape\"><\/div>\r\n\t<div class=\"container\">\r\n\t\t\t\t\t<div class=\"breadcrumb\">\r\n\t\t\t\t<ul>\r\n\t\t\t\t\t\t\t\t\t\t\t\t<li><a href=\"https:\/\/laf-lloyd.com\/es\/\">Home<\/a><\/li>\r\n\t\t\t\t\t\t\t\t\t\t\t\t\t\t<li><span>Calidad LAF<\/span><\/li>\r\n\t\t\t\t\t\t\t\t\t\t\t<\/ul>\r\n\t\t\t<\/div>\r\n\t\t\t\t\t\r\n\t\t<div class=\"row\">\r\n\t\t\t<div class=\"col-12 col-lg-9\">\r\n\t\t\t\t<h1>Calidad LAF<\/h1>\r\n\t\t\t<\/div>\r\n\t\t<\/div>\r\n\t<\/div>\r\n<\/div>\n\n\r\n<div class=\"summary-section no-summary\">\r\n\t<div class=\"container-fluid\">\r\n\t\t<div class=\"row\">\r\n\t\t\r\n            \r\n\t\t\t<div class=\"col-12 col-lg-12 h-100\">\r\n\t\t\t\t<div class=\"summary-section-content\">\r\n\t\t\t\t\t\n<div class=\"cim-intro\">\r\n\t<div class=\"container\">\r\n\t\t<span class=\"has-inline-color has-vivid-red-color\">Calidad LAF: 1 minuto para uno mejor servicio<br><\/span><br>Campos marcados con\u00a0*\u00a0son requeridos<br><br>\n<div class=\"wpcf7 no-js\" id=\"wpcf7-f4443-o1\" lang=\"\" dir=\"ltr\" data-wpcf7-id=\"4443\">\n<div class=\"screen-reader-response\"><p role=\"status\" aria-live=\"polite\" aria-atomic=\"true\"><\/p> <ul><\/ul><\/div>\n<form action=\"\/es\/wp-json\/wp\/v2\/pages\/4434#wpcf7-f4443-o1\" method=\"post\" class=\"wpcf7-form init\" aria-label=\"Contact form\" novalidate=\"novalidate\" data-status=\"init\">\n<fieldset class=\"hidden-fields-container\"><input type=\"hidden\" name=\"_wpcf7\" value=\"4443\" \/><input type=\"hidden\" name=\"_wpcf7_version\" value=\"6.1.2\" \/><input type=\"hidden\" name=\"_wpcf7_locale\" value=\"\" \/><input type=\"hidden\" name=\"_wpcf7_unit_tag\" value=\"wpcf7-f4443-o1\" \/><input type=\"hidden\" name=\"_wpcf7_container_post\" value=\"0\" \/><input type=\"hidden\" name=\"_wpcf7_posted_data_hash\" value=\"\" \/><input type=\"hidden\" name=\"_wpcf7_recaptcha_response\" value=\"\" \/>\n<\/fieldset>\n<p><label><span class=\"wpcf7-form-control-wrap\" data-name=\"Empresa\"><input size=\"40\" maxlength=\"400\" class=\"wpcf7-form-control wpcf7-text wpcf7-validates-as-required\" aria-required=\"true\" aria-invalid=\"false\" placeholder=\"Empresa\" value=\"\" type=\"text\" name=\"Empresa\" \/><\/span><\/label>\n<\/p>\n<p><label><span class=\"wpcf7-form-control-wrap\" data-name=\"nombre\"><input size=\"40\" maxlength=\"400\" class=\"wpcf7-form-control wpcf7-text wpcf7-validates-as-required\" aria-required=\"true\" aria-invalid=\"false\" placeholder=\"Appelido, Nombre\" value=\"\" type=\"text\" name=\"nombre\" \/><\/span><\/label>\n<\/p>\n<p><label><span class=\"wpcf7-form-control-wrap\" data-name=\"email\"><input size=\"40\" maxlength=\"400\" class=\"wpcf7-form-control wpcf7-text wpcf7-validates-as-required\" aria-required=\"true\" aria-invalid=\"false\" placeholder=\"Correo electr\u00f3nico\" value=\"\" type=\"text\" name=\"email\" \/><\/span><\/label>\n<\/p>\n<p><label>[text Funci\u00f3n placeholder \"Funci\u00f3n\"]<\/label>\n<\/p>\n<p><label>[text Pa\u00eds placeholder \"Pa\u00eds\"]<\/label>\n<\/p>\n<p><label><span class=\"wpcf7-form-control-wrap\" data-name=\"telephono\"><input size=\"40\" maxlength=\"400\" class=\"wpcf7-form-control wpcf7-text\" aria-invalid=\"false\" placeholder=\"Tel\u00e9fono\" value=\"\" type=\"text\" name=\"telephono\" \/><\/span><\/label>\n<\/p>\n<p>Indique una puntuaci\u00f3n del 1 al 5 (1=Malo, 5=Excelente)<br \/>\nLa calidad de nuestros productos<br \/>\n<span class=\"wpcf7-form-control-wrap\" data-name=\"Qualitdesproduits\"><select class=\"wpcf7-form-control wpcf7-select\" aria-invalid=\"false\" name=\"Qualitdesproduits\"><option value=\"1\">1<\/option><option value=\"2\">2<\/option><option value=\"3\">3<\/option><option value=\"4\">4<\/option><option value=\"5\">5<\/option><\/select><\/span>\n<\/p>\n<p>Si es applicable, el tratamiento de non conformidades<br \/>\n<span class=\"wpcf7-form-control-wrap\" data-name=\"conformits\"><select class=\"wpcf7-form-control wpcf7-select\" aria-invalid=\"false\" name=\"conformits\"><option value=\"1\">1<\/option><option value=\"2\">2<\/option><option value=\"3\">3<\/option><option value=\"4\">4<\/option><option value=\"5\">5<\/option><option value=\"NA\">NA<\/option><\/select><\/span>\n<\/p>\n<p>Tiempo de respuesta a las solicitudes de cotizaci\u00f3n<br \/>\n<span class=\"wpcf7-form-control-wrap\" data-name=\"Tempsrep\"><select class=\"wpcf7-form-control wpcf7-select\" aria-invalid=\"false\" name=\"Tempsrep\"><option value=\"1\">1<\/option><option value=\"2\">2<\/option><option value=\"3\">3<\/option><option value=\"4\">4<\/option><option value=\"5\">5<\/option><\/select><\/span>\n<\/p>\n<p>Tiempo de respuesta a las solicitudes de informaci\u00f3n (fechas de entrega, informes de las inspecciones, certificaciones ...)<br \/>\n<span class=\"wpcf7-form-control-wrap\" data-name=\"Tempsderponses\"><select class=\"wpcf7-form-control wpcf7-select\" aria-invalid=\"false\" name=\"Tempsderponses\"><option value=\"1\">1<\/option><option value=\"2\">2<\/option><option value=\"3\">3<\/option><option value=\"4\">4<\/option><option value=\"5\">5<\/option><\/select><\/span>\n<\/p>\n<p>Plazo de entrega propuesto<br \/>\n<span class=\"wpcf7-form-control-wrap\" data-name=\"Dlaidelivraisonpropos\"><select class=\"wpcf7-form-control wpcf7-select\" aria-invalid=\"false\" name=\"Dlaidelivraisonpropos\"><option value=\"1\">1<\/option><option value=\"2\">2<\/option><option value=\"3\">3<\/option><option value=\"4\">4<\/option><option value=\"5\">5<\/option><\/select><\/span>\n<\/p>\n<p>Soporte t\u00e9cnico<br \/>\n<span class=\"wpcf7-form-control-wrap\" data-name=\"Supporttechnique\"><select class=\"wpcf7-form-control wpcf7-select\" aria-invalid=\"false\" name=\"Supporttechnique\"><option value=\"1\">1<\/option><option value=\"2\">2<\/option><option value=\"3\">3<\/option><option value=\"4\">4<\/option><option value=\"5\">5<\/option><\/select><\/span>\n<\/p>\n<p>Relaci\u00f3n precio-calidad<br \/>\n<span class=\"wpcf7-form-control-wrap\" data-name=\"RapportQualitPrix\"><select class=\"wpcf7-form-control wpcf7-select\" aria-invalid=\"false\" name=\"RapportQualitPrix\"><option value=\"1\">1<\/option><option value=\"2\">2<\/option><option value=\"3\">3<\/option><option value=\"4\">4<\/option><option value=\"5\">5<\/option><\/select><\/span>\n<\/p>\n<p>Diversidad de oferta<br \/>\n<span class=\"wpcf7-form-control-wrap\" data-name=\"Varitdeloffre\"><select class=\"wpcf7-form-control wpcf7-select\" aria-invalid=\"false\" name=\"Varitdeloffre\"><option value=\"1\">1<\/option><option value=\"2\">2<\/option><option value=\"3\">3<\/option><option value=\"4\">4<\/option><option value=\"5\">5<\/option><\/select><\/span>\n<\/p>\n<p>\u00bfQu\u00e9 nuevos productos \/ servicios le gustar\u00eda que LAF desarrollara en los pr\u00f3ximos a\u00f1os?<br \/>\n<span class=\"wpcf7-form-control-wrap\" data-name=\"nouveauxproduitspresta\"><textarea cols=\"40\" rows=\"10\" maxlength=\"2000\" class=\"wpcf7-form-control wpcf7-textarea\" aria-invalid=\"false\" name=\"nouveauxproduitspresta\"><\/textarea><\/span>\n<\/p>\n<p>Fiabilidad del producto<br \/>\n<span class=\"wpcf7-form-control-wrap\" data-name=\"Fiabilitduproduit\"><select class=\"wpcf7-form-control wpcf7-select\" aria-invalid=\"false\" name=\"Fiabilitduproduit\"><option value=\"1\">1<\/option><option value=\"2\">2<\/option><option value=\"3\">3<\/option><option value=\"4\">4<\/option><option value=\"5\">5<\/option><\/select><\/span>\n<\/p>\n<p>Fiabilidad del plazo de entrega<br \/>\n<span class=\"wpcf7-form-control-wrap\" data-name=\"Fiabilitdesdlais\"><select class=\"wpcf7-form-control wpcf7-select\" aria-invalid=\"false\" name=\"Fiabilitdesdlais\"><option value=\"1\">1<\/option><option value=\"2\">2<\/option><option value=\"3\">3<\/option><option value=\"4\">4<\/option><option value=\"5\">5<\/option><\/select><\/span>\n<\/p>\n<p>Mejoras a considerar<br \/>\n<span class=\"wpcf7-form-control-wrap\" data-name=\"Lesamliorationsenvisager\"><textarea cols=\"40\" rows=\"10\" maxlength=\"2000\" class=\"wpcf7-form-control wpcf7-textarea\" aria-invalid=\"false\" name=\"Lesamliorationsenvisager\"><\/textarea><\/span>\n<\/p>\n<p><input class=\"wpcf7-form-control wpcf7-submit has-spinner\" type=\"submit\" value=\"Validar\" \/>\n<\/p><input type='hidden' class='wpcf7-pum' value='{\"closepopup\":false,\"closedelay\":0,\"openpopup\":false,\"openpopup_id\":0}' \/><div class=\"wpcf7-response-output\" aria-hidden=\"true\"><\/div>\n<\/form>\n<\/div>\n\t<\/div>\r\n<\/div>\n\t\t\t\t<\/div>\r\n\t\t\t<\/div>\r\n\t\t<\/div>\r\n\t<\/div>\r\n<\/div>\r\n\n\n<div class=\"cim-section\" style=\"background-image:url(https:\/\/laf-lloyd.com\/wp-content\/uploads\/2021\/03\/cim-projet.jpg);\">\r\n\t\t\t<div class=\"overlay\"><\/div>\r\n\t\t\t<div class=\"container\">\r\n\t\t<div class=\"row\">\r\n\t\t\t<div class=\"col-12 col-lg-6\">\r\n\t\t\t\t <h2><meta charset=\"utf-8\">Est\u00e9 siempre un paso por delante<\/h2> \t\t\t\t <div class=\"text\"><meta charset=\"utf-8\">Con m\u00e1s de 80 a\u00f1os de experiencia en el dise\u00f1o de acoplamientos y otros componentes ferroviarios, nuestra oficina de proyectos se encuentra entre las m\u00e1s avanzadas del sector. Por lo tanto, los expertos de LAF est\u00e1n desarrollando productos cada vez m\u00e1s innovadores para ayudarlo a mantenerse a la vanguardia de las tecnolog\u00edas actuales.<\/div> \t\t\t\t\t\t\t\t\t<div class=\"cta\">\r\n\t\t\t\t\t\t<a href=\"https:\/\/laf-lloyd.com\/es\/oficina-de-estudios\/\"><strong>M\u00c1S INFORMACI\u00d3N SOBRE LA EMPRESA<\/strong><\/a>\r\n\t\t\t\t\t<\/div>\r\n\t\t\t\t\t\t\t\t<\/div>\r\n\t\t<\/div>\r\n\t<\/div>\r\n<\/div>","protected":false},"excerpt":{"rendered":"","protected":false},"author":5,"featured_media":0,"parent":0,"menu_order":0,"comment_status":"closed","ping_status":"closed","template":"","meta":{"_acf_changed":false,"footnotes":""},"class_list":["post-4434","page","type-page","status-publish","hentry"],"acf":[],"yoast_head":"<!-- This site is optimized with the Yoast SEO plugin v27.3 - https:\/\/yoast.com\/product\/yoast-seo-wordpress\/ -->\n<title>Calidad LAF - LAF<\/title>\n<meta name=\"robots\" content=\"index, follow, max-snippet:-1, max-image-preview:large, max-video-preview:-1\" \/>\n<link rel=\"canonical\" href=\"https:\/\/laf-lloyd.com\/es\/calidad-laf\/\" \/>\n<meta property=\"og:locale\" content=\"es_ES\" \/>\n<meta property=\"og:type\" content=\"article\" \/>\n<meta property=\"og:title\" content=\"Calidad LAF - LAF\" \/>\n<meta property=\"og:url\" content=\"https:\/\/laf-lloyd.com\/es\/calidad-laf\/\" \/>\n<meta property=\"og:site_name\" content=\"LAF\" \/>\n<meta property=\"article:modified_time\" content=\"2022-01-03T11:36:06+00:00\" \/>\n<meta name=\"twitter:card\" content=\"summary_large_image\" \/>\n<script type=\"application\/ld+json\" class=\"yoast-schema-graph\">{\"@context\":\"https:\\\/\\\/schema.org\",\"@graph\":[{\"@type\":\"WebPage\",\"@id\":\"https:\\\/\\\/laf-lloyd.com\\\/es\\\/calidad-laf\\\/\",\"url\":\"https:\\\/\\\/laf-lloyd.com\\\/es\\\/calidad-laf\\\/\",\"name\":\"Calidad LAF - LAF\",\"isPartOf\":{\"@id\":\"https:\\\/\\\/laf-lloyd.com\\\/es\\\/#website\"},\"datePublished\":\"2022-01-03T11:31:09+00:00\",\"dateModified\":\"2022-01-03T11:36:06+00:00\",\"inLanguage\":\"es-ES\",\"potentialAction\":[{\"@type\":\"ReadAction\",\"target\":[\"https:\\\/\\\/laf-lloyd.com\\\/es\\\/calidad-laf\\\/\"]}]},{\"@type\":\"WebSite\",\"@id\":\"https:\\\/\\\/laf-lloyd.com\\\/es\\\/#website\",\"url\":\"https:\\\/\\\/laf-lloyd.com\\\/es\\\/\",\"name\":\"LAF\",\"description\":\"A CIM Group company\",\"potentialAction\":[{\"@type\":\"SearchAction\",\"target\":{\"@type\":\"EntryPoint\",\"urlTemplate\":\"https:\\\/\\\/laf-lloyd.com\\\/es\\\/?s={search_term_string}\"},\"query-input\":{\"@type\":\"PropertyValueSpecification\",\"valueRequired\":true,\"valueName\":\"search_term_string\"}}],\"inLanguage\":\"es-ES\"}]}<\/script>\n<!-- \/ Yoast SEO plugin. -->","yoast_head_json":{"title":"Calidad LAF - LAF","robots":{"index":"index","follow":"follow","max-snippet":"max-snippet:-1","max-image-preview":"max-image-preview:large","max-video-preview":"max-video-preview:-1"},"canonical":"https:\/\/laf-lloyd.com\/es\/calidad-laf\/","og_locale":"es_ES","og_type":"article","og_title":"Calidad LAF - LAF","og_url":"https:\/\/laf-lloyd.com\/es\/calidad-laf\/","og_site_name":"LAF","article_modified_time":"2022-01-03T11:36:06+00:00","twitter_card":"summary_large_image","schema":{"@context":"https:\/\/schema.org","@graph":[{"@type":"WebPage","@id":"https:\/\/laf-lloyd.com\/es\/calidad-laf\/","url":"https:\/\/laf-lloyd.com\/es\/calidad-laf\/","name":"Calidad LAF - LAF","isPartOf":{"@id":"https:\/\/laf-lloyd.com\/es\/#website"},"datePublished":"2022-01-03T11:31:09+00:00","dateModified":"2022-01-03T11:36:06+00:00","inLanguage":"es-ES","potentialAction":[{"@type":"ReadAction","target":["https:\/\/laf-lloyd.com\/es\/calidad-laf\/"]}]},{"@type":"WebSite","@id":"https:\/\/laf-lloyd.com\/es\/#website","url":"https:\/\/laf-lloyd.com\/es\/","name":"LAF","description":"A CIM Group company","potentialAction":[{"@type":"SearchAction","target":{"@type":"EntryPoint","urlTemplate":"https:\/\/laf-lloyd.com\/es\/?s={search_term_string}"},"query-input":{"@type":"PropertyValueSpecification","valueRequired":true,"valueName":"search_term_string"}}],"inLanguage":"es-ES"}]}},"_links":{"self":[{"href":"https:\/\/laf-lloyd.com\/es\/wp-json\/wp\/v2\/pages\/4434","targetHints":{"allow":["GET"]}}],"collection":[{"href":"https:\/\/laf-lloyd.com\/es\/wp-json\/wp\/v2\/pages"}],"about":[{"href":"https:\/\/laf-lloyd.com\/es\/wp-json\/wp\/v2\/types\/page"}],"author":[{"embeddable":true,"href":"https:\/\/laf-lloyd.com\/es\/wp-json\/wp\/v2\/users\/5"}],"replies":[{"embeddable":true,"href":"https:\/\/laf-lloyd.com\/es\/wp-json\/wp\/v2\/comments?post=4434"}],"version-history":[{"count":3,"href":"https:\/\/laf-lloyd.com\/es\/wp-json\/wp\/v2\/pages\/4434\/revisions"}],"predecessor-version":[{"id":4445,"href":"https:\/\/laf-lloyd.com\/es\/wp-json\/wp\/v2\/pages\/4434\/revisions\/4445"}],"wp:attachment":[{"href":"https:\/\/laf-lloyd.com\/es\/wp-json\/wp\/v2\/media?parent=4434"}],"curies":[{"name":"wp","href":"https:\/\/api.w.org\/{rel}","templated":true}]}}