{"id":5723,"date":"2022-09-07T10:06:45","date_gmt":"2022-09-07T08:06:45","guid":{"rendered":"https:\/\/laf-lloyd.com\/traction-uic\/"},"modified":"2022-09-08T09:50:41","modified_gmt":"2022-09-08T07:50:41","slug":"traction-uic","status":"publish","type":"page","link":"https:\/\/laf-lloyd.com\/es\/traction-uic\/","title":{"rendered":"Tracci\u00f3n seg\u00fan UIC"},"content":{"rendered":"\n\n\n<figure class=\"wp-block-image size-full is-resized\"><img loading=\"lazy\" decoding=\"async\" src=\"https:\/\/laf-lloyd.com\/wp-content\/uploads\/2022\/03\/Capture-de\u0301cran-2022-03-03-a\u0300-14.16.32.png\" alt=\"\" class=\"wp-image-4701\" width=\"324\" height=\"91\" srcset=\"https:\/\/laf-lloyd.com\/wp-content\/uploads\/2022\/03\/Capture-de\u0301cran-2022-03-03-a\u0300-14.16.32.png 982w, https:\/\/laf-lloyd.com\/wp-content\/uploads\/2022\/03\/Capture-de\u0301cran-2022-03-03-a\u0300-14.16.32-300x84.png 300w, https:\/\/laf-lloyd.com\/wp-content\/uploads\/2022\/03\/Capture-de\u0301cran-2022-03-03-a\u0300-14.16.32-768x216.png 768w\" sizes=\"auto, (max-width: 324px) 100vw, 324px\" \/><\/figure>\n\n\n\n<div class=\"wp-block-columns is-layout-flex wp-container-core-columns-is-layout-9d6595d7 wp-block-columns-is-layout-flex\">\n<div class=\"wp-block-column is-layout-flow wp-block-column-is-layout-flow\" style=\"flex-basis:100%\">\n<p><\/p>\n<\/div>\n<\/div>\n\n\n\n<div class=\"wp-block-group\"><div class=\"wp-block-group__inner-container is-layout-flow wp-block-group-is-layout-flow\">\n<div class=\"wp-block-group\"><div class=\"wp-block-group__inner-container is-layout-flow wp-block-group-is-layout-flow\">\n<div class=\"wp-block-group\"><div class=\"wp-block-group__inner-container is-layout-flow wp-block-group-is-layout-flow\">\n<div class=\"wp-block-columns is-layout-flex wp-container-core-columns-is-layout-9d6595d7 wp-block-columns-is-layout-flex\">\n<div class=\"wp-block-column is-layout-flow wp-block-column-is-layout-flow\" style=\"flex-basis:5%\"><\/div>\n\n\n\n<div class=\"wp-block-column is-layout-flow wp-block-column-is-layout-flow\" style=\"flex-basis:90%\">\n<div class=\"wp-block-columns is-layout-flex wp-container-core-columns-is-layout-9d6595d7 wp-block-columns-is-layout-flex\">\n<div class=\"wp-block-column is-layout-flow wp-block-column-is-layout-flow\">\n<figure class=\"wp-block-image size-full is-resized\"><img loading=\"lazy\" decoding=\"async\" src=\"https:\/\/laf-lloyd.com\/wp-content\/uploads\/2022\/03\/vide-3.jpeg\" alt=\"\" class=\"wp-image-4808\" width=\"130\" height=\"130\" srcset=\"https:\/\/laf-lloyd.com\/wp-content\/uploads\/2022\/03\/vide-3.jpeg 490w, https:\/\/laf-lloyd.com\/wp-content\/uploads\/2022\/03\/vide-3-300x300.jpeg 300w, https:\/\/laf-lloyd.com\/wp-content\/uploads\/2022\/03\/vide-3-150x150.jpeg 150w\" sizes=\"auto, (max-width: 130px) 100vw, 130px\" \/><\/figure>\n\n\n\n<h1 class=\"wp-block-heading\"><a href=\"https:\/\/laf-lloyd.com\/es\/traction-uic\/\">Tracci\u00f3n seg\u00fan UIC<\/a><\/h1>\n\n\n\n<h1 class=\"wp-block-heading\"><a href=\"https:\/\/laf-lloyd.com\/es\/gancho-de-emergencia-metro\/\">Gancho de emergencia (metro)<\/a><\/h1>\n\n\n\n<h1 class=\"wp-block-heading\"><a href=\"https:\/\/laf-lloyd.com\/es\/type-55\/\">Tipo 55<\/a><\/h1>\n<\/div>\n\n\n\n<div class=\"wp-block-column is-layout-flow wp-block-column-is-layout-flow\">\n<figure class=\"wp-block-image size-full is-resized\"><img loading=\"lazy\" decoding=\"async\" src=\"https:\/\/laf-lloyd.com\/wp-content\/uploads\/2022\/03\/vide-3.jpeg\" alt=\"\" class=\"wp-image-4808\" width=\"95\" height=\"95\" srcset=\"https:\/\/laf-lloyd.com\/wp-content\/uploads\/2022\/03\/vide-3.jpeg 490w, https:\/\/laf-lloyd.com\/wp-content\/uploads\/2022\/03\/vide-3-300x300.jpeg 300w, https:\/\/laf-lloyd.com\/wp-content\/uploads\/2022\/03\/vide-3-150x150.jpeg 150w\" sizes=\"auto, (max-width: 95px) 100vw, 95px\" \/><\/figure>\n\n\n\n<figure class=\"wp-block-gallery aligncenter columns-1 is-cropped wp-block-gallery-1 is-layout-flex wp-block-gallery-is-layout-flex\"><ul class=\"blocks-gallery-grid\"><li class=\"blocks-gallery-item\"><figure><img loading=\"lazy\" decoding=\"async\" width=\"1024\" height=\"761\" src=\"https:\/\/laf-lloyd.com\/wp-content\/uploads\/2022\/08\/crochet-tendeur-traction-UIC-v2-1024x761.jpg\" alt=\"\" data-id=\"5563\" data-full-url=\"https:\/\/laf-lloyd.com\/wp-content\/uploads\/2022\/08\/crochet-tendeur-traction-UIC-v2.jpg\" data-link=\"https:\/\/laf-lloyd.com\/?attachment_id=5563\" class=\"wp-image-5563\" srcset=\"https:\/\/laf-lloyd.com\/wp-content\/uploads\/2022\/08\/crochet-tendeur-traction-UIC-v2-1024x761.jpg 1024w, https:\/\/laf-lloyd.com\/wp-content\/uploads\/2022\/08\/crochet-tendeur-traction-UIC-v2-300x223.jpg 300w, https:\/\/laf-lloyd.com\/wp-content\/uploads\/2022\/08\/crochet-tendeur-traction-UIC-v2-768x571.jpg 768w, https:\/\/laf-lloyd.com\/wp-content\/uploads\/2022\/08\/crochet-tendeur-traction-UIC-v2.jpg 1400w\" sizes=\"auto, (max-width: 1024px) 100vw, 1024px\" \/><\/figure><\/li><\/ul><\/figure>\n<\/div>\n\n\n\n<div class=\"wp-block-column is-layout-flow wp-block-column-is-layout-flow\">\n<figure class=\"wp-block-image size-full is-resized\"><img loading=\"lazy\" decoding=\"async\" src=\"https:\/\/laf-lloyd.com\/wp-content\/uploads\/2022\/01\/espace.png\" alt=\"\" class=\"wp-image-4509\" width=\"338\" height=\"63\"\/><\/figure>\n\n\n\n<p><\/p>\n\n\n\n<p><\/p>\n\n\n\n<div class=\"wp-block-group\"><div class=\"wp-block-group__inner-container is-layout-flow wp-block-group-is-layout-flow\">\n<h2 class=\"wp-block-heading\">Tracci\u00f3n seg\u00fan UIC<\/h2>\n\n\n\n<p><\/p>\n<\/div><\/div>\n\n\n\n<figure class=\"wp-block-image size-full is-resized\"><img loading=\"lazy\" decoding=\"async\" src=\"https:\/\/laf-lloyd.com\/wp-content\/uploads\/2022\/01\/espace.png\" alt=\"\" class=\"wp-image-4509\" width=\"162\" height=\"30\"\/><\/figure>\n\n\n\n<p><\/p>\n\n\n\n<table id=\"tablepress-60\" class=\"tablepress tablepress-id-60\">\n<tbody class=\"row-striping row-hover\">\n<tr class=\"row-1\">\n\t<td class=\"column-1\"><strong>Descripci\u00f3n<\/strong><\/td><td class=\"column-2\"><\/td>\n<\/tr>\n<tr class=\"row-2\">\n\t<td class=\"column-1\">Aplicaci\u00f3n<br \/>\n<\/td><td class=\"column-2\">Vagones de carga para rede UIC<\/td>\n<\/tr>\n<tr class=\"row-3\">\n\t<td class=\"column-1\">Interfaz<\/td><td class=\"column-2\">Gancho \/ tensor<br \/>\nUIC 820 o EN 15566<\/td>\n<\/tr>\n<tr class=\"row-4\">\n\t<td class=\"column-1\">Desacoplamiento<\/td><td class=\"column-2\">manual<\/td>\n<\/tr>\n<tr class=\"row-5\">\n\t<td class=\"column-1\">Versi\u00f3n<\/td><td class=\"column-2\">Est\u00e1ndar UIC o especial segun las necesidades del cliente<\/td>\n<\/tr>\n<tr class=\"row-6\">\n\t<td class=\"column-1\"><\/td><td class=\"column-2\"><\/td>\n<\/tr>\n<tr class=\"row-7\">\n\t<td class=\"column-1\"><strong>Rendimiento<\/strong><\/td><td class=\"column-2\"><\/td>\n<\/tr>\n<tr class=\"row-8\">\n\t<td class=\"column-1\">Effort max<br \/>\n<\/td><td class=\"column-2\">Est\u00e1ndar 850 kN <br \/>\nTracci\u00f3n pesada 1350 kN<\/td>\n<\/tr>\n<tr class=\"row-9\">\n\t<td class=\"column-1\">Amplitud apareamiento<\/td><td class=\"column-2\">seg\u00fan UIC 820 o EN 15566<\/td>\n<\/tr>\n<tr class=\"row-10\">\n\t<td class=\"column-1\">tiempo de viaje horizontal<\/td><td class=\"column-2\">seg\u00fan UIC 820 o EN 15566<\/td>\n<\/tr>\n<\/tbody>\n<\/table>\n<!-- #tablepress-60 from cache -->\n\n\n\n<p><\/p>\n\n\n\n<p><\/p>\n\n\n\n<p><\/p>\n<\/div>\n<\/div>\n<\/div>\n\n\n\n<div class=\"wp-block-column is-layout-flow wp-block-column-is-layout-flow\" style=\"flex-basis:5%\"><\/div>\n<\/div>\n<\/div><\/div>\n<\/div><\/div>\n<\/div><\/div>\n\n\n\n<p><\/p>\n","protected":false},"excerpt":{"rendered":"<p>Tracci\u00f3n seg\u00fan UIC Gancho de emergencia (metro) Tipo 55 Tracci\u00f3n seg\u00fan UIC<\/p>\n","protected":false},"author":15,"featured_media":0,"parent":0,"menu_order":0,"comment_status":"closed","ping_status":"closed","template":"","meta":{"_acf_changed":false,"footnotes":""},"class_list":["post-5723","page","type-page","status-publish","hentry"],"acf":[],"yoast_head":"<!-- This site is optimized with the Yoast SEO plugin v27.4 - https:\/\/yoast.com\/product\/yoast-seo-wordpress\/ -->\n<title>Tracci\u00f3n seg\u00fan UIC - LAF<\/title>\n<meta name=\"robots\" content=\"index, follow, max-snippet:-1, max-image-preview:large, max-video-preview:-1\" \/>\n<link rel=\"canonical\" href=\"https:\/\/laf-lloyd.com\/es\/traction-uic\/\" \/>\n<meta property=\"og:locale\" content=\"es_ES\" \/>\n<meta property=\"og:type\" content=\"article\" \/>\n<meta property=\"og:title\" content=\"Tracci\u00f3n seg\u00fan UIC - LAF\" \/>\n<meta property=\"og:description\" content=\"Tracci\u00f3n seg\u00fan UIC Gancho de emergencia (metro) Tipo 55 Tracci\u00f3n seg\u00fan UIC\" \/>\n<meta property=\"og:url\" content=\"https:\/\/laf-lloyd.com\/es\/traction-uic\/\" \/>\n<meta property=\"og:site_name\" content=\"LAF\" \/>\n<meta property=\"article:modified_time\" content=\"2022-09-08T07:50:41+00:00\" \/>\n<meta property=\"og:image\" content=\"https:\/\/laf-lloyd.com\/wp-content\/uploads\/2022\/03\/vide-3.jpeg\" \/>\n<meta name=\"twitter:card\" content=\"summary_large_image\" \/>\n<meta name=\"twitter:label1\" content=\"Tiempo de lectura\" \/>\n\t<meta name=\"twitter:data1\" content=\"2 minutes\" \/>\n<script type=\"application\/ld+json\" class=\"yoast-schema-graph\">{\"@context\":\"https:\\\/\\\/schema.org\",\"@graph\":[{\"@type\":\"WebPage\",\"@id\":\"https:\\\/\\\/laf-lloyd.com\\\/es\\\/traction-uic\\\/\",\"url\":\"https:\\\/\\\/laf-lloyd.com\\\/es\\\/traction-uic\\\/\",\"name\":\"Tracci\u00f3n seg\u00fan UIC - LAF\",\"isPartOf\":{\"@id\":\"https:\\\/\\\/laf-lloyd.com\\\/es\\\/#website\"},\"primaryImageOfPage\":{\"@id\":\"https:\\\/\\\/laf-lloyd.com\\\/es\\\/traction-uic\\\/#primaryimage\"},\"image\":{\"@id\":\"https:\\\/\\\/laf-lloyd.com\\\/es\\\/traction-uic\\\/#primaryimage\"},\"thumbnailUrl\":\"https:\\\/\\\/laf-lloyd.com\\\/wp-content\\\/uploads\\\/2022\\\/03\\\/vide-3.jpeg\",\"datePublished\":\"2022-09-07T08:06:45+00:00\",\"dateModified\":\"2022-09-08T07:50:41+00:00\",\"inLanguage\":\"es-ES\",\"potentialAction\":[{\"@type\":\"ReadAction\",\"target\":[\"https:\\\/\\\/laf-lloyd.com\\\/es\\\/traction-uic\\\/\"]}]},{\"@type\":\"ImageObject\",\"inLanguage\":\"es-ES\",\"@id\":\"https:\\\/\\\/laf-lloyd.com\\\/es\\\/traction-uic\\\/#primaryimage\",\"url\":\"https:\\\/\\\/laf-lloyd.com\\\/wp-content\\\/uploads\\\/2022\\\/03\\\/vide-3.jpeg\",\"contentUrl\":\"https:\\\/\\\/laf-lloyd.com\\\/wp-content\\\/uploads\\\/2022\\\/03\\\/vide-3.jpeg\"},{\"@type\":\"WebSite\",\"@id\":\"https:\\\/\\\/laf-lloyd.com\\\/es\\\/#website\",\"url\":\"https:\\\/\\\/laf-lloyd.com\\\/es\\\/\",\"name\":\"LAF\",\"description\":\"A CIM Group company\",\"potentialAction\":[{\"@type\":\"SearchAction\",\"target\":{\"@type\":\"EntryPoint\",\"urlTemplate\":\"https:\\\/\\\/laf-lloyd.com\\\/es\\\/?s={search_term_string}\"},\"query-input\":{\"@type\":\"PropertyValueSpecification\",\"valueRequired\":true,\"valueName\":\"search_term_string\"}}],\"inLanguage\":\"es-ES\"}]}<\/script>\n<!-- \/ Yoast SEO plugin. -->","yoast_head_json":{"title":"Tracci\u00f3n seg\u00fan UIC - LAF","robots":{"index":"index","follow":"follow","max-snippet":"max-snippet:-1","max-image-preview":"max-image-preview:large","max-video-preview":"max-video-preview:-1"},"canonical":"https:\/\/laf-lloyd.com\/es\/traction-uic\/","og_locale":"es_ES","og_type":"article","og_title":"Tracci\u00f3n seg\u00fan UIC - LAF","og_description":"Tracci\u00f3n seg\u00fan UIC Gancho de emergencia (metro) Tipo 55 Tracci\u00f3n seg\u00fan UIC","og_url":"https:\/\/laf-lloyd.com\/es\/traction-uic\/","og_site_name":"LAF","article_modified_time":"2022-09-08T07:50:41+00:00","og_image":[{"url":"https:\/\/laf-lloyd.com\/wp-content\/uploads\/2022\/03\/vide-3.jpeg","type":"","width":"","height":""}],"twitter_card":"summary_large_image","twitter_misc":{"Tiempo de lectura":"2 minutes"},"schema":{"@context":"https:\/\/schema.org","@graph":[{"@type":"WebPage","@id":"https:\/\/laf-lloyd.com\/es\/traction-uic\/","url":"https:\/\/laf-lloyd.com\/es\/traction-uic\/","name":"Tracci\u00f3n seg\u00fan UIC - LAF","isPartOf":{"@id":"https:\/\/laf-lloyd.com\/es\/#website"},"primaryImageOfPage":{"@id":"https:\/\/laf-lloyd.com\/es\/traction-uic\/#primaryimage"},"image":{"@id":"https:\/\/laf-lloyd.com\/es\/traction-uic\/#primaryimage"},"thumbnailUrl":"https:\/\/laf-lloyd.com\/wp-content\/uploads\/2022\/03\/vide-3.jpeg","datePublished":"2022-09-07T08:06:45+00:00","dateModified":"2022-09-08T07:50:41+00:00","inLanguage":"es-ES","potentialAction":[{"@type":"ReadAction","target":["https:\/\/laf-lloyd.com\/es\/traction-uic\/"]}]},{"@type":"ImageObject","inLanguage":"es-ES","@id":"https:\/\/laf-lloyd.com\/es\/traction-uic\/#primaryimage","url":"https:\/\/laf-lloyd.com\/wp-content\/uploads\/2022\/03\/vide-3.jpeg","contentUrl":"https:\/\/laf-lloyd.com\/wp-content\/uploads\/2022\/03\/vide-3.jpeg"},{"@type":"WebSite","@id":"https:\/\/laf-lloyd.com\/es\/#website","url":"https:\/\/laf-lloyd.com\/es\/","name":"LAF","description":"A CIM Group company","potentialAction":[{"@type":"SearchAction","target":{"@type":"EntryPoint","urlTemplate":"https:\/\/laf-lloyd.com\/es\/?s={search_term_string}"},"query-input":{"@type":"PropertyValueSpecification","valueRequired":true,"valueName":"search_term_string"}}],"inLanguage":"es-ES"}]}},"_links":{"self":[{"href":"https:\/\/laf-lloyd.com\/es\/wp-json\/wp\/v2\/pages\/5723","targetHints":{"allow":["GET"]}}],"collection":[{"href":"https:\/\/laf-lloyd.com\/es\/wp-json\/wp\/v2\/pages"}],"about":[{"href":"https:\/\/laf-lloyd.com\/es\/wp-json\/wp\/v2\/types\/page"}],"author":[{"embeddable":true,"href":"https:\/\/laf-lloyd.com\/es\/wp-json\/wp\/v2\/users\/15"}],"replies":[{"embeddable":true,"href":"https:\/\/laf-lloyd.com\/es\/wp-json\/wp\/v2\/comments?post=5723"}],"version-history":[{"count":2,"href":"https:\/\/laf-lloyd.com\/es\/wp-json\/wp\/v2\/pages\/5723\/revisions"}],"predecessor-version":[{"id":5920,"href":"https:\/\/laf-lloyd.com\/es\/wp-json\/wp\/v2\/pages\/5723\/revisions\/5920"}],"wp:attachment":[{"href":"https:\/\/laf-lloyd.com\/es\/wp-json\/wp\/v2\/media?parent=5723"}],"curies":[{"name":"wp","href":"https:\/\/api.w.org\/{rel}","templated":true}]}}